{"id":125,"date":"2015-04-27T09:04:42","date_gmt":"2015-04-27T07:04:42","guid":{"rendered":"http:\/\/bet-bonus.com\/de\/?page_id=125"},"modified":"2023-07-14T15:32:33","modified_gmt":"2023-07-14T15:32:33","slug":"bet365-poker-bonus","status":"publish","type":"page","link":"https:\/\/bet-bonus.com\/de\/bet365-poker-bonus\/","title":{"rendered":"Bet365 Poker &#8211; Wie ist es bei Bet365 Poker zu spielen und was ist im angebot?"},"content":{"rendered":"<p><img decoding=\"async\" class=\"alignnone size-full wp-image-1134\" src=\"https:\/\/bet-bonus.com\/de\/wp-content\/uploads\/sites\/2\/2017\/12\/author-de-1.jpg\" alt=\"\" width=\"724\" height=\"13\" \/><\/p>\r\n<p style=\"text-align: justify;\">Bet365 scheint sich nicht damit zufrieden zu geben, nur eine hoch bewertete Wettseite zu haben, sondern hat auch Poker in seinem Portfolio. Als Sportwetten-Profi kann bet365 Poker auch mit seinem Poker Angebot \u00fcberzeugen? Ich werde versuchen, Sie dar\u00fcber aufzukl\u00e4ren und meine Erfahrungen und pers\u00f6nliche Meinung zu diesem Thema mit Ihnen teilen.<\/p>\r\n<div id=\"operator-closed-wrapper\">\n    <div id=\"operator-closed\" class=\"operator-closed-body\">\n        <div class=\"operator-closed-message \">\n            <div><b>Werfen Sie lieber einen Blick auf diese Top Anbieter<\/b>\n                             <\/div>\n        <\/div>\n\n        <div class=\"row operator-closed-box-container\">\n                                <div class=\"col-lg-4 col-md-6 col-sm-4 col-xs-12\">\n                        <div class=\"operator-closed-box\">\n                            <span class=\"operator-box-header\"><img decoding=\"async\" src=\"\/deutsch\/assets\/logos\/sport\/light-back\/tipbet.png\" width=\"auto\" height=\"auto\" alt=\"Tipbet\" \/><\/span>                            <div class=\"operator-closed-box-stars\">\n                                <span>210\u20ac <\/span>MAXIMALER BONUS                            <\/div>\n\n                            <div class=\"claim-bonus-code button-bottom\">\n                                 <span class=\"cursored button js-golink hvr-outline-in sidebar-operator-btn\"  onclick=\"OpenGoLink(this);\" data-operator=\"286\" data-bonus=\"1605\"   data-clicks=\"5\"data-type=\"sport\" >jetzt registrieren<i class=\"fa fa-chevron-right\" aria-hidden=\"true\"><\/i> <\/span>                             <\/div><!-- \/.claim-bonus-code -->\n                        <\/div>\n                    <\/div>\n                            <\/div>\n    <\/div>\n<\/div>\r\n<img decoding=\"async\" class=\"alignnone size-full wp-image-1125\" src=\"https:\/\/bet-bonus.com\/de\/wp-content\/uploads\/sites\/2\/2017\/12\/bonus-text-2-de.jpg\" alt=\"\" width=\"750\" height=\"580\" \/>\r\n<h2 style=\"text-align: justify;\" class=\"text-left\">War ich mit dem Bet365 Poker Bonus zufrieden?<\/h2>\r\n<p style=\"text-align: justify;\">Zufriedenheit mit einem Bonus, ist das vereinbar mit der menschlichen Natur, die nach immer mehr strebt? Bet365 Poker hei\u00dft diese Menschen willkommen, die gerne mit dem aktuellen Bonusangebot Poker spielen wollen, aber ich muss zugeben, dass ich mich bereits vorher f\u00fcr bet365 Poker entschieden hatte. Ich registrierte mich und akzeptierte den <a href=\"http:\/\/bet-bonus.com\/de\/\">Bonus<\/a> und spielte ein paar H\u00e4nde. Die Erfahrung war eine gute f\u00fcr mich und gerade der Bonus gab mir die M\u00f6glichkeit ein bisschen mehr zu spielen als sonst. Alles in allem war ich so zufrieden, wie man mit dem Bonus nur sein k\u00f6nnte.<\/p>\r\n\r\n<h3 class=\"text-left\">Poker Spiele Bei Bet365 Poker &#8211; Sind Turniere verf\u00fcgbar?<\/h3>\r\n<p style=\"text-align: justify;\">Nachdem ich einen Bonus bekommen hatte und ihn durchspielen wollte, hatte ich eine Auswahl nicht nur an Spielen, sondern auch an Events und Turnieren, die mir das Gef\u00fchl eines echten, kompetitiven Spielerlebnisses gaben.\u00a0Es gibt Turniere f\u00fcr Anf\u00e4nger und Profis und die Tatsache, dass Sie die M\u00f6glichkeit haben, an einem Tisch mit einigen der besten Pokerspieler zu sitzen ist einfach genial. Nat\u00fcrlich m\u00fcssen Sie, um dies zu k\u00f6nnen, von ganz unten aus beginnen und sich auf das h\u00f6chste Niveau in der Pokerwelt durcharbeiten.<\/p>\r\n\r\n<h2 class=\"text-left\">Meine Gedanken zum\u00a0Bet365 Poker Treueprogramm<\/h2>\r\n<p style=\"text-align: justify;\">Wie bei den meisten Pokerseiten gibt es ein Treueprogramm, mit dem ich ziemlich zufrieden bin. Ich mag es Punkte zu sammeln, an Turnieren teilzunehmen und durch die Levels zu kommen, um an die Spitze zu gelangen, meiner Meinung nach ist das Programm ist sehr gut und besser als die von den bet365 Poker Konkurrenten, die ich sonst noch getestet habe.\u00a0Es gibt auch ein VIP-Programm, jedoch bin ich noch kein Mitglied.<\/p>\r\n\r\n<h2 class=\"text-left\">Kann ich Bet365 Poker von meinem mobilen Ger\u00e4t spielen?<\/h2>\r\n<p style=\"text-align: justify;\">Wie jeder gro\u00dfe Anbieter von Online-Pokerspielen bietet bet365 Poker die M\u00f6glichkeit, Poker von einem mobilen Ger\u00e4t aus zu spielen. Das ist meiner Meinung nach nutzerfreundlich und es bietet mir als Pokerfan die M\u00f6glichkeit, mein Mobilger\u00e4te zu nutzen und direkt Poker zu spielen. Es ist gut zu wissen, dass Pokerspieler bei bet365 Poker kein neues Konto er\u00f6ffnen m\u00fcssen, sie m\u00fcssen lediglich ihren aktuellen Benutzernamen und ihr Passwort eingeben.\u00a0Eigentlich ist die bet365 Poker App nicht gerade eine App, es ist nur so, dass der Pokerbereich f\u00fcr den Internetbrowser von iPhones und iPads verf\u00fcgbar ist. Ein wichtiges Feature ist, dass die Premium Tische enthalten sind und ich diese auf meinem <a href=\"http:\/\/bet-bonus.com\/de\/bet365-app\/\">Handy<\/a> spielen kann. Eine weitere wichtige Tatsache ist, dass ich auch die Bonusanforderungen erf\u00fcllen kann, indem ich Pokerspiele von meinem Smartphone oder Tablet aus spiele.\u00a0In meinen Augen ist bet365 Poker eine der wenigen Seiten, die ein echtes Pokererlebnis bieten, das ich unterwegs auf der mobilen Pokerseite genie\u00dfen kann. Die Tatsache, dass ich auf den Premium-Tischen spielen kann, die Einsatzanforderungen erf\u00fcllen und beispielsweise in der U-Bahn eine Einzahlung t\u00e4tigen, ist sehr selten zu finden.<\/p>\r\n\r\n<h2 class=\"text-left\">Mein Pers\u00f6nliches Fazit zu\u00a0Bet365 Poker<\/h2>\r\n<p style=\"text-align: justify;\">Ich glaube, dass die Kunden das Spielen bei bet365 Poker wirklich genie\u00dfen k\u00f6nnen. Ich fand den Bonus, Events und Turniere nach meinem Geschmack und empfehle bet365 Poker sowohl Anf\u00e4ngern als auch erfahrenen Spielern von ganzem Herzen.<\/p>\r\n<p style=\"text-align: justify;\">18+ bet-bonus.com unterst\u00fctzt verantwortungsvolles Spielen! | Dies ist ein kommerzieller Inhalt<\/p>\r\n<p style=\"text-align: justify;\">Bitte beachten Sie die Teilnahmebedingungen | Dieses Angebot gilt explizit nur f\u00fcr Neukunden<\/p>","protected":false},"excerpt":{"rendered":"Bet365 scheint sich nicht damit zufrieden zu geben, nur eine hoch bewertete Wettseite zu haben, sondern hat auch Poker in seinem Portfolio. Als Sportwetten-Profi kann bet365 Poker auch mit seinem Poker Angebot \u00fcberzeugen? Ich werde versuchen, Sie dar\u00fcber aufzukl\u00e4ren und meine Erfahrungen und pers\u00f6nliche Meinung zu diesem Thema mit Ihnen teilen. War ich mit dem [&hellip;]","protected":false},"author":1,"featured_media":0,"parent":0,"menu_order":0,"comment_status":"open","ping_status":"open","template":"","meta":{"footnotes":""},"categories":[],"tags":[],"class_list":["post-125","page","type-page","status-publish","hentry"],"yoast_head":"<!-- This site is optimized with the Yoast SEO plugin v26.7 - https:\/\/yoast.com\/wordpress\/plugins\/seo\/ -->\n<title>bet365 100\u20ac Poker Bonus Code + Turnier Token April 2026<\/title>\n<meta name=\"robots\" content=\"index, follow, max-snippet:-1, max-image-preview:large, max-video-preview:-1\" \/>\n<link rel=\"canonical\" href=\"https:\/\/bet-bonus.com\/de\/bet365-poker-bonus\/\" \/>\n<meta property=\"og:locale\" content=\"de_DE\" \/>\n<meta property=\"og:type\" content=\"article\" \/>\n<meta property=\"og:title\" content=\"bet365 100\u20ac Poker Bonus Code + Turnier Token April 2026\" \/>\n<meta property=\"og:url\" content=\"https:\/\/bet-bonus.com\/de\/bet365-poker-bonus\/\" \/>\n<meta property=\"og:site_name\" content=\"bet-bonus.com German\" \/>\n<meta property=\"article:modified_time\" content=\"2023-07-14T15:32:33+00:00\" \/>\n<meta property=\"og:image\" content=\"https:\/\/bet-bonus.com\/de\/wp-content\/uploads\/sites\/2\/2017\/12\/author-de-1.jpg\" \/>\n<meta name=\"twitter:card\" content=\"summary_large_image\" \/>\n<meta name=\"twitter:label1\" content=\"Gesch\u00e4tzte Lesezeit\" \/>\n\t<meta name=\"twitter:data1\" content=\"4\u00a0Minuten\" \/>\n<script type=\"application\/ld+json\" class=\"yoast-schema-graph\">{\"@context\":\"https:\/\/schema.org\",\"@graph\":[{\"@type\":\"WebPage\",\"@id\":\"https:\/\/bet-bonus.com\/de\/bet365-poker-bonus\/\",\"url\":\"https:\/\/bet-bonus.com\/de\/bet365-poker-bonus\/\",\"name\":\"bet365 100\u20ac Poker Bonus Code + Turnier Token [month_name] [year]\",\"isPartOf\":{\"@id\":\"https:\/\/bet-bonus.com\/de\/#website\"},\"primaryImageOfPage\":{\"@id\":\"https:\/\/bet-bonus.com\/de\/bet365-poker-bonus\/#primaryimage\"},\"image\":{\"@id\":\"https:\/\/bet-bonus.com\/de\/bet365-poker-bonus\/#primaryimage\"},\"thumbnailUrl\":\"https:\/\/bet-bonus.com\/de\/wp-content\/uploads\/sites\/2\/2017\/12\/author-de-1.jpg\",\"datePublished\":\"2015-04-27T07:04:42+00:00\",\"dateModified\":\"2023-07-14T15:32:33+00:00\",\"breadcrumb\":{\"@id\":\"https:\/\/bet-bonus.com\/de\/bet365-poker-bonus\/#breadcrumb\"},\"inLanguage\":\"de\",\"potentialAction\":[{\"@type\":\"ReadAction\",\"target\":[\"https:\/\/bet-bonus.com\/de\/bet365-poker-bonus\/\"]}]},{\"@type\":\"ImageObject\",\"inLanguage\":\"de\",\"@id\":\"https:\/\/bet-bonus.com\/de\/bet365-poker-bonus\/#primaryimage\",\"url\":\"https:\/\/bet-bonus.com\/de\/wp-content\/uploads\/sites\/2\/2017\/12\/author-de-1.jpg\",\"contentUrl\":\"https:\/\/bet-bonus.com\/de\/wp-content\/uploads\/sites\/2\/2017\/12\/author-de-1.jpg\"},{\"@type\":\"BreadcrumbList\",\"@id\":\"https:\/\/bet-bonus.com\/de\/bet365-poker-bonus\/#breadcrumb\",\"itemListElement\":[{\"@type\":\"ListItem\",\"position\":1,\"name\":\"Home\",\"item\":\"https:\/\/bet-bonus.com\/de\/\"},{\"@type\":\"ListItem\",\"position\":2,\"name\":\"Bet365 Poker - Wie ist es bei Bet365 Poker zu spielen und was ist im angebot?\"}]},{\"@type\":\"WebSite\",\"@id\":\"https:\/\/bet-bonus.com\/de\/#website\",\"url\":\"https:\/\/bet-bonus.com\/de\/\",\"name\":\"bet-bonus.com German\",\"description\":\"\",\"potentialAction\":[{\"@type\":\"SearchAction\",\"target\":{\"@type\":\"EntryPoint\",\"urlTemplate\":\"https:\/\/bet-bonus.com\/de\/?s={search_term_string}\"},\"query-input\":{\"@type\":\"PropertyValueSpecification\",\"valueRequired\":true,\"valueName\":\"search_term_string\"}}],\"inLanguage\":\"de\"}]}<\/script>\n<!-- \/ Yoast SEO plugin. -->","yoast_head_json":{"title":"bet365 100\u20ac Poker Bonus Code + Turnier Token April 2026","robots":{"index":"index","follow":"follow","max-snippet":"max-snippet:-1","max-image-preview":"max-image-preview:large","max-video-preview":"max-video-preview:-1"},"canonical":"https:\/\/bet-bonus.com\/de\/bet365-poker-bonus\/","og_locale":"de_DE","og_type":"article","og_title":"bet365 100\u20ac Poker Bonus Code + Turnier Token April 2026","og_url":"https:\/\/bet-bonus.com\/de\/bet365-poker-bonus\/","og_site_name":"bet-bonus.com German","article_modified_time":"2023-07-14T15:32:33+00:00","og_image":[{"url":"https:\/\/bet-bonus.com\/de\/wp-content\/uploads\/sites\/2\/2017\/12\/author-de-1.jpg","type":"","width":"","height":""}],"twitter_card":"summary_large_image","twitter_misc":{"Gesch\u00e4tzte Lesezeit":"4\u00a0Minuten"},"schema":{"@context":"https:\/\/schema.org","@graph":[{"@type":"WebPage","@id":"https:\/\/bet-bonus.com\/de\/bet365-poker-bonus\/","url":"https:\/\/bet-bonus.com\/de\/bet365-poker-bonus\/","name":"bet365 100\u20ac Poker Bonus Code + Turnier Token [month_name] [year]","isPartOf":{"@id":"https:\/\/bet-bonus.com\/de\/#website"},"primaryImageOfPage":{"@id":"https:\/\/bet-bonus.com\/de\/bet365-poker-bonus\/#primaryimage"},"image":{"@id":"https:\/\/bet-bonus.com\/de\/bet365-poker-bonus\/#primaryimage"},"thumbnailUrl":"https:\/\/bet-bonus.com\/de\/wp-content\/uploads\/sites\/2\/2017\/12\/author-de-1.jpg","datePublished":"2015-04-27T07:04:42+00:00","dateModified":"2023-07-14T15:32:33+00:00","breadcrumb":{"@id":"https:\/\/bet-bonus.com\/de\/bet365-poker-bonus\/#breadcrumb"},"inLanguage":"de","potentialAction":[{"@type":"ReadAction","target":["https:\/\/bet-bonus.com\/de\/bet365-poker-bonus\/"]}]},{"@type":"ImageObject","inLanguage":"de","@id":"https:\/\/bet-bonus.com\/de\/bet365-poker-bonus\/#primaryimage","url":"https:\/\/bet-bonus.com\/de\/wp-content\/uploads\/sites\/2\/2017\/12\/author-de-1.jpg","contentUrl":"https:\/\/bet-bonus.com\/de\/wp-content\/uploads\/sites\/2\/2017\/12\/author-de-1.jpg"},{"@type":"BreadcrumbList","@id":"https:\/\/bet-bonus.com\/de\/bet365-poker-bonus\/#breadcrumb","itemListElement":[{"@type":"ListItem","position":1,"name":"Home","item":"https:\/\/bet-bonus.com\/de\/"},{"@type":"ListItem","position":2,"name":"Bet365 Poker - Wie ist es bei Bet365 Poker zu spielen und was ist im angebot?"}]},{"@type":"WebSite","@id":"https:\/\/bet-bonus.com\/de\/#website","url":"https:\/\/bet-bonus.com\/de\/","name":"bet-bonus.com German","description":"","potentialAction":[{"@type":"SearchAction","target":{"@type":"EntryPoint","urlTemplate":"https:\/\/bet-bonus.com\/de\/?s={search_term_string}"},"query-input":{"@type":"PropertyValueSpecification","valueRequired":true,"valueName":"search_term_string"}}],"inLanguage":"de"}]}},"_links":{"self":[{"href":"https:\/\/bet-bonus.com\/de\/wp-json\/wp\/v2\/pages\/125","targetHints":{"allow":["GET"]}}],"collection":[{"href":"https:\/\/bet-bonus.com\/de\/wp-json\/wp\/v2\/pages"}],"about":[{"href":"https:\/\/bet-bonus.com\/de\/wp-json\/wp\/v2\/types\/page"}],"author":[{"embeddable":true,"href":"https:\/\/bet-bonus.com\/de\/wp-json\/wp\/v2\/users\/1"}],"replies":[{"embeddable":true,"href":"https:\/\/bet-bonus.com\/de\/wp-json\/wp\/v2\/comments?post=125"}],"version-history":[{"count":6,"href":"https:\/\/bet-bonus.com\/de\/wp-json\/wp\/v2\/pages\/125\/revisions"}],"predecessor-version":[{"id":1609,"href":"https:\/\/bet-bonus.com\/de\/wp-json\/wp\/v2\/pages\/125\/revisions\/1609"}],"wp:attachment":[{"href":"https:\/\/bet-bonus.com\/de\/wp-json\/wp\/v2\/media?parent=125"}],"wp:term":[{"taxonomy":"category","embeddable":true,"href":"https:\/\/bet-bonus.com\/de\/wp-json\/wp\/v2\/categories?post=125"},{"taxonomy":"post_tag","embeddable":true,"href":"https:\/\/bet-bonus.com\/de\/wp-json\/wp\/v2\/tags?post=125"}],"curies":[{"name":"wp","href":"https:\/\/api.w.org\/{rel}","templated":true}]}}