{"id":132,"date":"2015-04-27T09:18:31","date_gmt":"2015-04-27T07:18:31","guid":{"rendered":"http:\/\/bet-bonus.com\/de\/?page_id=132"},"modified":"2023-07-14T15:13:02","modified_gmt":"2023-07-14T15:13:02","slug":"bet365-gratiswette","status":"publish","type":"page","link":"https:\/\/bet-bonus.com\/de\/bet365-gratiswette\/","title":{"rendered":"Konnte ich auf bet365 eine Gratiswette vorfinden?"},"content":{"rendered":"<p><img decoding=\"async\" class=\"alignnone size-full wp-image-1180\" src=\"https:\/\/bet-bonus.com\/de\/wp-content\/uploads\/sites\/2\/2017\/12\/author-de-5.jpg\" alt=\"\" width=\"724\" height=\"13\" \/><\/p>\r\n<p style=\"text-align: justify;\">Gibt es die M\u00f6glichkeit auf eine Gratiswette beim allseits bekannten Wettanbieter bet365? Diese Frage kann von mir mit einem \u201eJa\u201c beantwortet werden. Zumindest gelegentlich pr\u00e4sentiert dieses europaweit f\u00fchrende Unternehmen ein derartiges Angebot. Allerdings stets f\u00fcr neue Kunden und mit Einschr\u00e4nkungen, denn der Begriff der Gratiswette irritiert ein wenig. Ja, es kann umsonst gewettet werden. Doch nach der Anmeldung muss zuerst eine Einzahlung get\u00e4tigt werden. Die H\u00f6he dieser als Folge geschenkten Wette lag in meinem Fall dann zwischen 10 Euro und 100 Euro, was mit dem gew\u00e4hlten Einzahlungsbetrag verbunden ist. Es handelt sich bei der Gratiswette von bet365 in ihrer normalen Ausf\u00fchrung also um einen <a href=\"https:\/\/bet-bonus.com\/de\/\">Bonus<\/a> zum Bonus. Es gibt die Gratiswette f\u00fcr f\u00fcnf Euro, aber auch f\u00fcr 50 Euro (zum Beispiel dann, als ich meine erste Einzahlung \u00fcber das Smartphone t\u00e4tigte) und sogar f\u00fcr 100 Euro. Doch es muss noch einmal betont werden: Leider kann die Gratiswette bei bet365 nicht ohne eine eigene Einzahlung genutzt werden.<\/p>\r\n<div id=\"operator-closed-wrapper\">\n    <div id=\"operator-closed\" class=\"operator-closed-body\">\n        <div class=\"operator-closed-message \">\n            <div><b>Werfen Sie lieber einen Blick auf diese Top Anbieter<\/b>\n                             <\/div>\n        <\/div>\n\n        <div class=\"row operator-closed-box-container\">\n                                <div class=\"col-lg-4 col-md-6 col-sm-4 col-xs-12\">\n                        <div class=\"operator-closed-box\">\n                            <span class=\"operator-box-header\"><img decoding=\"async\" src=\"\/deutsch\/assets\/logos\/sport\/light-back\/tipbet.png\" width=\"auto\" height=\"auto\" alt=\"Tipbet\" \/><\/span>                            <div class=\"operator-closed-box-stars\">\n                                <span>210\u20ac <\/span>MAXIMALER BONUS                            <\/div>\n\n                            <div class=\"claim-bonus-code button-bottom\">\n                                 <span class=\"cursored button js-golink hvr-outline-in sidebar-operator-btn\"  onclick=\"OpenGoLink(this);\" data-operator=\"286\" data-bonus=\"1605\"   data-clicks=\"5\"data-type=\"sport\" >jetzt registrieren<i class=\"fa fa-chevron-right\" aria-hidden=\"true\"><\/i> <\/span>                             <\/div><!-- \/.claim-bonus-code -->\n                        <\/div>\n                    <\/div>\n                            <\/div>\n    <\/div>\n<\/div>\r\n<h2 class=\"text-left\">Wie sind die Umsatzbedingungen der Gratiswette bei Bet365?<\/h2>\r\n<p style=\"text-align: justify;\">bet365 kn\u00fcpft an verschiedene Bonusaktionen auch verschiedene Umsatzbedingungen. Bei der hier beschriebenen Gratiswette kommt es immer auf die H\u00f6he des get\u00e4tigten Einsatzes an. In der niedrigsten Fassung muss der Bonus, also die Gratiswette nach der ersten Einzahlung, mehrfach umgesetzt werden, zu einer vorgegebenen Mindestquote. Somit fallen Wetten auf die gro\u00dfen Favoriten aus, bzw. werden nicht auf den Bonus Umsatz mit angerechnet. Wer, wie ich, \u00fcber die so genannte bet365 <a href=\"https:\/\/bet-bonus.com\/de\/bet365-app\/\">Handy<\/a>-Gratiswette einen Bonus erh\u00e4lt, muss diese ebenso mehrfach umsetzen und ein weiteres Mal in H\u00f6he der get\u00e4tigten Einzahlung. Dies alles wiederum zu einer festgelegten Mindestquote. Da ich den gr\u00f6\u00dften maximalen Bonus in H\u00f6he von 100 Euro erhalten wollte, habe ich daf\u00fcr auch 100 Euro einzahlen m\u00fcssen und konnte mich dann auf eine Gratiswette in dieser H\u00f6he freuen. Diese musste ich dann drei Mal umsetzen, hinzu kommt ein einmaliger Umsatz der get\u00e4tigten Einzahlung, wobei ebenfalls eine minimale Quotenanforderung gilt. Alles, was darunter liegt, wird nicht angerechnet zum Bonusumsatz. M\u00f6glich sind allerdings Kombinationen mit verschiedenen Spiele oder Ereignissen. Sie z\u00e4hlen dann wie eine einzige Wette und die Gratiswette ist folglich umgesetzt.<\/p>\r\n\r\n<h2 class=\"text-left\">Gibt es eine Gratiswette ganz ohne Einzahlung bei Bet365?<\/h2>\r\n<p style=\"text-align: justify;\">Diese Frage muss ich leider mit einem Nein beantwortet werden, jede Gratiswette bei diesem Anbieter ist zuerst einmal mit einer Einzahlung oder Umsatzbedingungen verbunden. Erst nachdem diese get\u00e4tigt ist, wird von bet365 die Gratiswette zur Verf\u00fcgung gestellt. Eine andere M\u00f6glichkeit gibt es nicht, so war es bei den Angeboten von denen ich bei bet365 profitieren durfte.<\/p>\r\n<p style=\"text-align: justify;\">Die Gratiswette von bet365 Schritt f\u00fcr Schritt erl\u00e4utert, eine Anleitung zum Erhalt in Stichpunkten, basierend auf meinen tats\u00e4chlichen Erfahrungen:<\/p>\r\n\r\n<ul>\r\n \t<li>Als Kunde er\u00f6ffnete ich ein neues Konto bei bet365.<\/li>\r\n \t<li>Einen Code mit zehn Stellen wurde an meine angegebene E-Mail-Adresse geschickt.<\/li>\r\n \t<li>Meine erste Einzahlung in H\u00f6he von einem mir gew\u00e4hlten Euro Betrag durchgef\u00fchrt<\/li>\r\n \t<li>Der zugeschickte Code wurde im Mitgliedsbeitrag unter \u201eAngebote\u201c beziehungsweise unter &#8222;Angebotscode eingeben&#8220; eingegeben oder aus meiner erhaltenen E-Mail kopiert.<\/li>\r\n \t<li>Die Gratiswette stand dann zur Verf\u00fcgung und konnte auf ein Ereignis meiner Wahl umgesetzt werden.<\/li>\r\n<\/ul>\r\n<h2 class=\"text-left\">Gibt es weitere Gratiswetten Angebote bei Bet365?<\/h2>\r\n<p style=\"text-align: justify;\">Jede Gratiswette und jedes direkt vergleichbare Angebote von bet365 steht im Zusammenhang mit einer Kontoer\u00f6ffnung. Der neue Kunde meldet sich an und bekommt eine Wette, ohne dass er f\u00fcr diese etwas riskieren muss. Er muss nur Geld auf seinem Konto haben. Andere Optionen sind bei bet365 leider un\u00fcblich, auch treue Kunden werden eher selten mit Gratiswetten belohnt. Womit allerdings nicht gesagt ist, dass zu bestimmten Ereignissen nicht vielleicht doch einmal eine vergleichbare Wette pr\u00e4sentiert wird. Dies k\u00f6nnte bedeuten, dass auch zuk\u00fcnftig weitere Gratiswetten Angebote folgen. Es ist jedoch davon auszugehen, dass es konkrete Vorgaben geben wird, also dass sie zum Beispiel nicht frei einsetzbar sind und nur f\u00fcr ein bestimmtes Ereignis oder Spiel gelten.<\/p>\r\n\r\n<h2 class=\"text-left\">Meine pers\u00f6nliche Bewertung der Gratiswette von Bet365<\/h2>\r\n<p style=\"text-align: justify;\">Letztlich irritiert das Wort Gratiswette bei bet365, weil der Kunde ja zuerst eine Einzahlung t\u00e4tigen muss. Das Angebot ist nat\u00fcrlich fair und gratis bleibt gratis, doch eigentlich versteht man unter einem derartigen Angebot eine Wette, vor der tats\u00e4chlich nichts anderes getan werden muss, als sich bei dem Anbieter anzumelden. Die Belohnung m\u00fcsste sofort erfolgen und nicht erst, nachdem der Sportwettenanbieter etwas von seinem Kunden bekommen hat. Somit f\u00e4llt die Bewertung nicht ganz so positiv aus, wie man meinen k\u00f6nnte. Denn dass zuerst einmal eine Einzahlung get\u00e4tigt muss, gef\u00e4llt nicht, was hingegen gef\u00e4llt, ist die M\u00f6glichkeit umsonst zu wetten. Jeder an dem umfangreichen Angebot von bet365 interessierte Kunde muss selbst entscheiden, wie er zu dem hier beschriebenen Angebot der Gratiswette steht. Es w\u00e4re ohne Frage positiver, wenn es mehr vergleichbare Angebote von bet365 g\u00e4be, wenn sie von Anfang an umsonst w\u00e4ren und wenn nicht nur neue Kunden in den Genuss der Umsonst-Wette kommen w\u00fcrden.<\/p>\r\n<p style=\"text-align: justify;\">18+ bet-bonus.com unterst\u00fctzt verantwortungsvolles Spielen! | Dies ist ein kommerzieller Inhalt<\/p>\r\n<p style=\"text-align: justify;\">Bitte beachten Sie die Teilnahmebedingungen | Dieses Angebot gilt explizit nur f\u00fcr Neukunden<\/p>","protected":false},"excerpt":{"rendered":"Gibt es die M\u00f6glichkeit auf eine Gratiswette beim allseits bekannten Wettanbieter bet365? Diese Frage kann von mir mit einem \u201eJa\u201c beantwortet werden. Zumindest gelegentlich pr\u00e4sentiert dieses europaweit f\u00fchrende Unternehmen ein derartiges Angebot. Allerdings stets f\u00fcr neue Kunden und mit Einschr\u00e4nkungen, denn der Begriff der Gratiswette irritiert ein wenig. Ja, es kann umsonst gewettet werden. Doch [&hellip;]","protected":false},"author":1,"featured_media":0,"parent":0,"menu_order":0,"comment_status":"open","ping_status":"open","template":"","meta":{"footnotes":""},"categories":[],"tags":[],"class_list":["post-132","page","type-page","status-publish","hentry"],"yoast_head":"<!-- This site is optimized with the Yoast SEO plugin v26.7 - https:\/\/yoast.com\/wordpress\/plugins\/seo\/ -->\n<title>Bet365 Gratiswette bis zu 100\u20ac nur mit Einzahlung 2026<\/title>\n<meta name=\"robots\" content=\"index, follow, max-snippet:-1, max-image-preview:large, max-video-preview:-1\" \/>\n<link rel=\"canonical\" href=\"https:\/\/bet-bonus.com\/de\/bet365-gratiswette\/\" \/>\n<meta property=\"og:locale\" content=\"de_DE\" \/>\n<meta property=\"og:type\" content=\"article\" \/>\n<meta property=\"og:title\" content=\"Bet365 Gratiswette bis zu 100\u20ac nur mit Einzahlung 2026\" \/>\n<meta property=\"og:url\" content=\"https:\/\/bet-bonus.com\/de\/bet365-gratiswette\/\" \/>\n<meta property=\"og:site_name\" content=\"bet-bonus.com German\" \/>\n<meta property=\"article:modified_time\" content=\"2023-07-14T15:13:02+00:00\" \/>\n<meta property=\"og:image\" content=\"https:\/\/bet-bonus.com\/de\/wp-content\/uploads\/sites\/2\/2017\/12\/author-de-5.jpg\" \/>\n<meta name=\"twitter:card\" content=\"summary_large_image\" \/>\n<meta name=\"twitter:label1\" content=\"Gesch\u00e4tzte Lesezeit\" \/>\n\t<meta name=\"twitter:data1\" content=\"5\u00a0Minuten\" \/>\n<script type=\"application\/ld+json\" class=\"yoast-schema-graph\">{\"@context\":\"https:\/\/schema.org\",\"@graph\":[{\"@type\":\"WebPage\",\"@id\":\"https:\/\/bet-bonus.com\/de\/bet365-gratiswette\/\",\"url\":\"https:\/\/bet-bonus.com\/de\/bet365-gratiswette\/\",\"name\":\"Bet365 Gratiswette bis zu 100\u20ac nur mit Einzahlung [year]\",\"isPartOf\":{\"@id\":\"https:\/\/bet-bonus.com\/de\/#website\"},\"primaryImageOfPage\":{\"@id\":\"https:\/\/bet-bonus.com\/de\/bet365-gratiswette\/#primaryimage\"},\"image\":{\"@id\":\"https:\/\/bet-bonus.com\/de\/bet365-gratiswette\/#primaryimage\"},\"thumbnailUrl\":\"https:\/\/bet-bonus.com\/de\/wp-content\/uploads\/sites\/2\/2017\/12\/author-de-5.jpg\",\"datePublished\":\"2015-04-27T07:18:31+00:00\",\"dateModified\":\"2023-07-14T15:13:02+00:00\",\"breadcrumb\":{\"@id\":\"https:\/\/bet-bonus.com\/de\/bet365-gratiswette\/#breadcrumb\"},\"inLanguage\":\"de\",\"potentialAction\":[{\"@type\":\"ReadAction\",\"target\":[\"https:\/\/bet-bonus.com\/de\/bet365-gratiswette\/\"]}]},{\"@type\":\"ImageObject\",\"inLanguage\":\"de\",\"@id\":\"https:\/\/bet-bonus.com\/de\/bet365-gratiswette\/#primaryimage\",\"url\":\"https:\/\/bet-bonus.com\/de\/wp-content\/uploads\/sites\/2\/2017\/12\/author-de-5.jpg\",\"contentUrl\":\"https:\/\/bet-bonus.com\/de\/wp-content\/uploads\/sites\/2\/2017\/12\/author-de-5.jpg\"},{\"@type\":\"BreadcrumbList\",\"@id\":\"https:\/\/bet-bonus.com\/de\/bet365-gratiswette\/#breadcrumb\",\"itemListElement\":[{\"@type\":\"ListItem\",\"position\":1,\"name\":\"Home\",\"item\":\"https:\/\/bet-bonus.com\/de\/\"},{\"@type\":\"ListItem\",\"position\":2,\"name\":\"Konnte ich auf bet365 eine Gratiswette vorfinden?\"}]},{\"@type\":\"WebSite\",\"@id\":\"https:\/\/bet-bonus.com\/de\/#website\",\"url\":\"https:\/\/bet-bonus.com\/de\/\",\"name\":\"bet-bonus.com German\",\"description\":\"\",\"potentialAction\":[{\"@type\":\"SearchAction\",\"target\":{\"@type\":\"EntryPoint\",\"urlTemplate\":\"https:\/\/bet-bonus.com\/de\/?s={search_term_string}\"},\"query-input\":{\"@type\":\"PropertyValueSpecification\",\"valueRequired\":true,\"valueName\":\"search_term_string\"}}],\"inLanguage\":\"de\"}]}<\/script>\n<!-- \/ Yoast SEO plugin. -->","yoast_head_json":{"title":"Bet365 Gratiswette bis zu 100\u20ac nur mit Einzahlung 2026","robots":{"index":"index","follow":"follow","max-snippet":"max-snippet:-1","max-image-preview":"max-image-preview:large","max-video-preview":"max-video-preview:-1"},"canonical":"https:\/\/bet-bonus.com\/de\/bet365-gratiswette\/","og_locale":"de_DE","og_type":"article","og_title":"Bet365 Gratiswette bis zu 100\u20ac nur mit Einzahlung 2026","og_url":"https:\/\/bet-bonus.com\/de\/bet365-gratiswette\/","og_site_name":"bet-bonus.com German","article_modified_time":"2023-07-14T15:13:02+00:00","og_image":[{"url":"https:\/\/bet-bonus.com\/de\/wp-content\/uploads\/sites\/2\/2017\/12\/author-de-5.jpg","type":"","width":"","height":""}],"twitter_card":"summary_large_image","twitter_misc":{"Gesch\u00e4tzte Lesezeit":"5\u00a0Minuten"},"schema":{"@context":"https:\/\/schema.org","@graph":[{"@type":"WebPage","@id":"https:\/\/bet-bonus.com\/de\/bet365-gratiswette\/","url":"https:\/\/bet-bonus.com\/de\/bet365-gratiswette\/","name":"Bet365 Gratiswette bis zu 100\u20ac nur mit Einzahlung [year]","isPartOf":{"@id":"https:\/\/bet-bonus.com\/de\/#website"},"primaryImageOfPage":{"@id":"https:\/\/bet-bonus.com\/de\/bet365-gratiswette\/#primaryimage"},"image":{"@id":"https:\/\/bet-bonus.com\/de\/bet365-gratiswette\/#primaryimage"},"thumbnailUrl":"https:\/\/bet-bonus.com\/de\/wp-content\/uploads\/sites\/2\/2017\/12\/author-de-5.jpg","datePublished":"2015-04-27T07:18:31+00:00","dateModified":"2023-07-14T15:13:02+00:00","breadcrumb":{"@id":"https:\/\/bet-bonus.com\/de\/bet365-gratiswette\/#breadcrumb"},"inLanguage":"de","potentialAction":[{"@type":"ReadAction","target":["https:\/\/bet-bonus.com\/de\/bet365-gratiswette\/"]}]},{"@type":"ImageObject","inLanguage":"de","@id":"https:\/\/bet-bonus.com\/de\/bet365-gratiswette\/#primaryimage","url":"https:\/\/bet-bonus.com\/de\/wp-content\/uploads\/sites\/2\/2017\/12\/author-de-5.jpg","contentUrl":"https:\/\/bet-bonus.com\/de\/wp-content\/uploads\/sites\/2\/2017\/12\/author-de-5.jpg"},{"@type":"BreadcrumbList","@id":"https:\/\/bet-bonus.com\/de\/bet365-gratiswette\/#breadcrumb","itemListElement":[{"@type":"ListItem","position":1,"name":"Home","item":"https:\/\/bet-bonus.com\/de\/"},{"@type":"ListItem","position":2,"name":"Konnte ich auf bet365 eine Gratiswette vorfinden?"}]},{"@type":"WebSite","@id":"https:\/\/bet-bonus.com\/de\/#website","url":"https:\/\/bet-bonus.com\/de\/","name":"bet-bonus.com German","description":"","potentialAction":[{"@type":"SearchAction","target":{"@type":"EntryPoint","urlTemplate":"https:\/\/bet-bonus.com\/de\/?s={search_term_string}"},"query-input":{"@type":"PropertyValueSpecification","valueRequired":true,"valueName":"search_term_string"}}],"inLanguage":"de"}]}},"_links":{"self":[{"href":"https:\/\/bet-bonus.com\/de\/wp-json\/wp\/v2\/pages\/132","targetHints":{"allow":["GET"]}}],"collection":[{"href":"https:\/\/bet-bonus.com\/de\/wp-json\/wp\/v2\/pages"}],"about":[{"href":"https:\/\/bet-bonus.com\/de\/wp-json\/wp\/v2\/types\/page"}],"author":[{"embeddable":true,"href":"https:\/\/bet-bonus.com\/de\/wp-json\/wp\/v2\/users\/1"}],"replies":[{"embeddable":true,"href":"https:\/\/bet-bonus.com\/de\/wp-json\/wp\/v2\/comments?post=132"}],"version-history":[{"count":4,"href":"https:\/\/bet-bonus.com\/de\/wp-json\/wp\/v2\/pages\/132\/revisions"}],"predecessor-version":[{"id":1592,"href":"https:\/\/bet-bonus.com\/de\/wp-json\/wp\/v2\/pages\/132\/revisions\/1592"}],"wp:attachment":[{"href":"https:\/\/bet-bonus.com\/de\/wp-json\/wp\/v2\/media?parent=132"}],"wp:term":[{"taxonomy":"category","embeddable":true,"href":"https:\/\/bet-bonus.com\/de\/wp-json\/wp\/v2\/categories?post=132"},{"taxonomy":"post_tag","embeddable":true,"href":"https:\/\/bet-bonus.com\/de\/wp-json\/wp\/v2\/tags?post=132"}],"curies":[{"name":"wp","href":"https:\/\/api.w.org\/{rel}","templated":true}]}}