{"id":135,"date":"2015-04-27T09:22:17","date_gmt":"2015-04-27T07:22:17","guid":{"rendered":"http:\/\/bet-bonus.com\/de\/?page_id=135"},"modified":"2023-07-14T15:15:10","modified_gmt":"2023-07-14T15:15:10","slug":"bet365-wettsteuer","status":"publish","type":"page","link":"https:\/\/bet-bonus.com\/de\/bet365-wettsteuer\/","title":{"rendered":"Wurde die Wettsteuer von bet365 auf mich als Kunde umgew\u00e4lzt?"},"content":{"rendered":"<p><img decoding=\"async\" class=\"size-full wp-image-1173 alignleft\" src=\"https:\/\/bet-bonus.com\/de\/wp-content\/uploads\/sites\/2\/2017\/12\/author-de-4.jpg\" alt=\"\" width=\"724\" height=\"13\" \/><\/p>\r\n<p style=\"text-align: justify;\">Der Sportwettenanbieter bet365 z\u00e4hlt zu den Buchmachern, der f\u00fcr mich als Kunden einen guten Mittelweg zum Umgang mit der Wettsteuer gefunden hat. Die Wettsteuer in H\u00f6he von f\u00fcnf Prozent eines jeden Einsatzes ist bereits seit 2012 f\u00fcr alle Bookies verpflichtend, die Sportwetten in Deutschland anbieten. Wetten ohne Steuer ist somit im Prinzip f\u00fcr deutsche Kunden nirgendwo mehr m\u00f6glich, ich konnte nur ganz wenige Ausnahmen feststellen. Obwohl sich die Steuer explizit an die Buchmacher richtet und urspr\u00fcnglich auch nur diese belasten sollte, wird sie so gut wie immer auf die Kunden umgelegt. Es lassen sich grunds\u00e4tzlich drei Varianten unterscheiden: Ganz wenige der Wettanbieter zahlen die volle Steuer selbst und erlegen sie nicht dem Kunden auf, andere Buchmacher lassen die Steuer vollst\u00e4ndig durch die deutschen Kunden refinanzieren und erlegen diesen die Zahlungen auf und ein Teil der Wettanbieter treibt nur einen Teil der Steuer beim Kunden ein und \u00fcbernimmt den restlichen Anteil selbst. bet365 z\u00e4hlt zur dritten Gruppe und erhebt nur auf gewonnene Wetten gesonderte Steuern. Wetten ohne 5 % Steuer ist bei bet365 damit zwar nicht m\u00f6glich, doch es wurde eine vertr\u00e4gliche L\u00f6sung gew\u00e4hlt. Der Gesetzgeber seinerseits besteuert schlie\u00dflich alle Eins\u00e4tze und unterscheidet nicht zwischen gewonnener und verlorener Wette. Bei bet365 wird jedoch im eigentlichen Sinne der Gewinn besteuert und nicht der Einsatz, das konnte ich bei meinen bisherigen Wetten dort erleben.<\/p>\r\n<div id=\"operator-closed-wrapper\">\n    <div id=\"operator-closed\" class=\"operator-closed-body\">\n        <div class=\"operator-closed-message \">\n            <div><b>Werfen Sie lieber einen Blick auf diese Top Anbieter<\/b>\n                             <\/div>\n        <\/div>\n\n        <div class=\"row operator-closed-box-container\">\n                                <div class=\"col-lg-4 col-md-6 col-sm-4 col-xs-12\">\n                        <div class=\"operator-closed-box\">\n                            <span class=\"operator-box-header\"><img decoding=\"async\" src=\"\/deutsch\/assets\/logos\/sport\/light-back\/tipbet.png\" width=\"auto\" height=\"auto\" alt=\"Tipbet\" \/><\/span>                            <div class=\"operator-closed-box-stars\">\n                                <span>210\u20ac <\/span>MAXIMALER BONUS                            <\/div>\n\n                            <div class=\"claim-bonus-code button-bottom\">\n                                 <span class=\"cursored button js-golink hvr-outline-in sidebar-operator-btn\"  onclick=\"OpenGoLink(this);\" data-operator=\"286\" data-bonus=\"1605\"   data-clicks=\"5\"data-type=\"sport\" >jetzt registrieren<i class=\"fa fa-chevron-right\" aria-hidden=\"true\"><\/i> <\/span>                             <\/div><!-- \/.claim-bonus-code -->\n                        <\/div>\n                    <\/div>\n                            <\/div>\n    <\/div>\n<\/div>\r\n<h2 class=\"text-left\">Wie wird die Wettsteuer bei Bet365 im Detail geh\u00e4ndelt?<\/h2>\r\n<p style=\"text-align: justify;\">Prinzipiell gilt die Wettsteuer f\u00fcr jeden Kunden aus Deutschland. Die Wettanbieter haben keine M\u00f6glichkeit, sich diesen gesetzlichen Vorgaben zu entziehen. Ein anderes Vorgehen w\u00e4re schlie\u00dflich strafbar. Allerdings wird der Kunde nicht selbst mir der Abf\u00fchrung der Steuer beauftragt, sondern die Einbehaltung der f\u00fcnfprozentigen Wettsteuer geschieht automatisch durch den Wettanbieter. Die entsprechende Summe wird letztlich an die deutschen Finanz\u00e4mter weitergeleitet. Um den Kunden eine komfortable L\u00f6sung anbieten zu k\u00f6nnen, hat man sich bei bet365 daf\u00fcr entschieden, nicht die Wetteins\u00e4tze, sondern die Gewinne zu besteuern. Rechnerisch f\u00fchrt dieses Vorgehen zu keinem Unterschied. Beispielrechnung: Ein Wetteinsatz von 100 Euro f\u00fchrt bei einer Quote von 2,0 zu einem Gewinn von 200 Euro. Abz\u00fcglich der Wettsteuer verbleiben 190 Euro als Gewinn. W\u00fcrde die Steuer von 5 % direkt vom Einsatz abgezogen werden, st\u00fcnde derselbe Gewinn zu Buche, da in diesem Fall lediglich mit 95 Euro gewettet werden k\u00f6nnte (95 Euro bei einer Quote von 2,0 ergeben im Gewinnfall 190 Euro). Der daraus f\u00fcr den Kunden entstehende Vorteil kommt jedoch vor allem bei einer verlorenen Wette zum Tragen. W\u00fcrde eine Wette mit 100 Euro verloren gehen, w\u00e4ren zus\u00e4tzlich f\u00fcnf Euro Steuern f\u00e4llig. Der Kunde w\u00fcrde damit insgesamt 105 Euro verlieren. bet365 tr\u00e4gt diese f\u00fcnf Euro jedoch selbst und erlegt sie nicht dem Kunden auf. Der Buchmacher z\u00e4hlt damit zwar nicht zu den Wettanbietern ohne 5 % Steuer, h\u00e4lt die Belastungen f\u00fcr mich als Kunden allerdings vergleichsweise gering.<\/p>\r\n\r\n<h2 class=\"text-left\">Werden die Wetten mit dem Bet365 Bonus Angebot auch mit der Wettsteuer belastet?<\/h2>\r\n<p style=\"text-align: justify;\">Bei bet365 wurde mir als Neukunde ein <a href=\"https:\/\/bet-bonus.com\/de\/\">Einzahlungsbonus<\/a> gew\u00e4hrt. Meine zuerst eingezahlte Summe verdoppelte sich damit um 100\u20ac. Die Wetten, welche anschlie\u00dfend mit dem Bonus platziert wurden, sind im \u00dcbrigen genauso von der Wettsteuer betroffen wie Wetten aus eigenem Budget. Um den Bonus zu erhalten, musste ich nach der Registrierung im \u00dcbrigen ein <a href=\"https:\/\/bet-bonus.com\/de\/bet365-gutschein-code\/\">Code<\/a> anfordern. Ausgezahlt wird der Bonusbetrag erst, wenn bestimmte Voraussetzungen erf\u00fcllt wurden.<\/p>\r\n\r\n<ul>\r\n \t<li>Art des Bonus: Prozentualer Aufschlags Einzahlungsbonus<\/li>\r\n \t<li>H\u00f6he des Bonus: abh\u00e4ngig von der ersten Einzahlung<\/li>\r\n \t<li>Mindestumsatz: Einzahlung und Bonus m\u00fcssen mehrfach umgesetzt werden<\/li>\r\n \t<li>Mindestquote: diese muss eingehalten werden<\/li>\r\n \t<li>Zeit zur Erf\u00fcllung der Umsatzbedingungen: binnen einer Frist von mehreren Tagen nach der ersten Einzahlung<\/li>\r\n<\/ul>\r\n<h2 class=\"text-left\">Die Wettquoten bei Bet365 und deren Ver\u00e4nderungen durch die Wettsteuer<\/h2>\r\n<p style=\"text-align: justify;\">Wetten ohne Steuer ist de facto nicht mehr m\u00f6glich und f\u00fcr viele Wettanbieter entstehen zus\u00e4tzliche Belastungen, indem sie die Kosten f\u00fcr die Steuern selbst tragen. Um die Wettquoten bei verschiedenen Anbietern vergleichen zu k\u00f6nnen, muss der jeweilige Umgang mit der Wettsteuer unbedingt beachtet werden. Die Quoten der Wetten, die durch bet365 angeboten werden, z\u00e4hlen nach wie vor zu den besten auf dem Markt der Online-Wetten, diese habe ich bei zahlreichen Vergleichen festgestellt. Da die Steuer lediglich von gewonnenen Wetten abgezogen wird, profitieren einerseits die Kunden, indem sie keine zus\u00e4tzlichen Verluste bef\u00fcrchten m\u00fcssen, und andererseits auch der Wettanbieter selbst. Dessen finanzielle Belastung wird begrenzt, indem er nur einen Teil der f\u00e4lligen Wettsteuern \u00fcbernimmt und nur f\u00fcr die Eins\u00e4tze in verlorenen Wetten selbst zahlt. Eine sp\u00fcrbare Ver\u00e4nderung in den Quoten hat sich durch diese zus\u00e4tzlichen Ausgaben bisher nicht bemerkbar gemacht. Wettkunden sollten bei der Kalkulation ihrer Gewinne jedoch die Abf\u00fchrung der f\u00fcnf Prozent Wettsteuern stets ber\u00fccksichtigen.<\/p>\r\n\r\n<h2 class=\"text-left\">Gibt es f\u00fcr mich eine M\u00f6glichkeit, die Wettsteuer bei Bet365 zu umgehen?<\/h2>\r\n<p style=\"text-align: justify;\">Auch nach umfangreicherer Recherche konnte ich keine legale M\u00f6glichkeit finden, die Wettsteuern zu umgehen. Es bleibt lediglich die M\u00f6glichkeit, zu einem Wettanbieter ohne 5 % Steuer zu wechseln. Unter Umst\u00e4nden sind dessen Quoten allerdings schw\u00e4cher. Da bei der Registrierung die pers\u00f6nlichen Daten wahrheitsgem\u00e4\u00df angegeben werden m\u00fcssen, m\u00fcssten Kunden aus Deutschland gegen die Allgemeinen Gesch\u00e4ftsbedingungen versto\u00dfen und sich mit einem falschen Wohnsitz sowie einem Konto im Ausland registrieren. Zudem m\u00fcsste die IP-Adresse verschleiert werden. Von diesem Vorgehen ist jedoch dringend abzuraten, das durfte ich mehrfach in Wettforen lesen. Wettanbieter fordern in der Regel Identit\u00e4tsnachweise und die bisherigen Gewinne sind meist verloren, sobald ein Konto aufgrund eines Versto\u00dfes gegen die Allgemeinen Gesch\u00e4ftsbedingungen des jeweiligen Anbieters gesperrt werden muss.<\/p>\r\n\r\n<h2 class=\"text-left\">Mein pers\u00f6nliches Fazit zu Bet365 und dem Umgang mit der Wettsteuer<\/h2>\r\n<p style=\"text-align: justify;\">Da Wetten ohne 5 % Steuer f\u00fcr Kunden aus Deutschland inzwischen nicht mehr legal m\u00f6glich ist, haben Wettanbieter reagiert und m\u00f6glichst kundenfreundliche Modelle zum Umgang mit der Steuer erdacht. Die Vorgehensweise die ich, bei bet365, vorfand geh\u00f6rt in jedem Fall dazu. Zwar m\u00fcssen von den Gewinnen f\u00fcnf Prozent Wettsteuern durch die Kunden abgef\u00fchrt werden, doch die Eins\u00e4tze bei verlorenen Wetten bleiben von der Steuer verschont. Dies ist insofern vorteilhaft, als die Steuer laut Gesetzgeber auf alle in den Wetten get\u00e4tigten Eins\u00e4tze f\u00e4llig wird. Die Belastungen bei verlorenen Wetten werden jedoch durch bet365 \u00fcbernommen. Zudem gilt, meiner Meinung nach, bet365 als einer der besten und sichersten Wettanbieter auf dem deutschen Markt, verf\u00fcgt \u00fcber eine seri\u00f6se Gl\u00fccksspiellizenz und \u00fcberzeugt zus\u00e4tzlich mit einem attraktiven <a href=\"https:\/\/bet-bonus.com\/de\/\">Bonus<\/a> f\u00fcr neue Kunden.<\/p>\r\n<p style=\"text-align: justify;\">18+ bet-bonus.com unterst\u00fctzt verantwortungsvolles Spielen! | Dies ist ein kommerzieller Inhalt.<\/p>\r\n<p style=\"text-align: justify;\">Bitte beachten Sie die Teilnahmebedingungen | Dieses Angebot gilt explizit nur f\u00fcr Neukunden.<\/p>","protected":false},"excerpt":{"rendered":"Der Sportwettenanbieter bet365 z\u00e4hlt zu den Buchmachern, der f\u00fcr mich als Kunden einen guten Mittelweg zum Umgang mit der Wettsteuer gefunden hat. Die Wettsteuer in H\u00f6he von f\u00fcnf Prozent eines jeden Einsatzes ist bereits seit 2012 f\u00fcr alle Bookies verpflichtend, die Sportwetten in Deutschland anbieten. Wetten ohne Steuer ist somit im Prinzip f\u00fcr deutsche Kunden [&hellip;]","protected":false},"author":1,"featured_media":0,"parent":0,"menu_order":0,"comment_status":"open","ping_status":"open","template":"","meta":{"footnotes":""},"categories":[],"tags":[],"class_list":["post-135","page","type-page","status-publish","hentry"],"yoast_head":"<!-- This site is optimized with the Yoast SEO plugin v26.7 - https:\/\/yoast.com\/wordpress\/plugins\/seo\/ -->\n<title>Bet365 Wettsteuer - Steuer nur auf gewonnene Wetten!<\/title>\n<meta name=\"robots\" content=\"index, follow, max-snippet:-1, max-image-preview:large, max-video-preview:-1\" \/>\n<link rel=\"canonical\" href=\"https:\/\/bet-bonus.com\/de\/bet365-wettsteuer\/\" \/>\n<meta property=\"og:locale\" content=\"de_DE\" \/>\n<meta property=\"og:type\" content=\"article\" \/>\n<meta property=\"og:title\" content=\"Bet365 Wettsteuer - Steuer nur auf gewonnene Wetten!\" \/>\n<meta property=\"og:url\" content=\"https:\/\/bet-bonus.com\/de\/bet365-wettsteuer\/\" \/>\n<meta property=\"og:site_name\" content=\"bet-bonus.com German\" \/>\n<meta property=\"article:modified_time\" content=\"2023-07-14T15:15:10+00:00\" \/>\n<meta property=\"og:image\" content=\"https:\/\/bet-bonus.com\/de\/wp-content\/uploads\/sites\/2\/2017\/12\/author-de-4.jpg\" \/>\n<meta name=\"twitter:card\" content=\"summary_large_image\" \/>\n<meta name=\"twitter:label1\" content=\"Gesch\u00e4tzte Lesezeit\" \/>\n\t<meta name=\"twitter:data1\" content=\"7\u00a0Minuten\" \/>\n<script type=\"application\/ld+json\" class=\"yoast-schema-graph\">{\"@context\":\"https:\/\/schema.org\",\"@graph\":[{\"@type\":\"WebPage\",\"@id\":\"https:\/\/bet-bonus.com\/de\/bet365-wettsteuer\/\",\"url\":\"https:\/\/bet-bonus.com\/de\/bet365-wettsteuer\/\",\"name\":\"Bet365 Wettsteuer - Steuer nur auf gewonnene Wetten!\",\"isPartOf\":{\"@id\":\"https:\/\/bet-bonus.com\/de\/#website\"},\"primaryImageOfPage\":{\"@id\":\"https:\/\/bet-bonus.com\/de\/bet365-wettsteuer\/#primaryimage\"},\"image\":{\"@id\":\"https:\/\/bet-bonus.com\/de\/bet365-wettsteuer\/#primaryimage\"},\"thumbnailUrl\":\"https:\/\/bet-bonus.com\/de\/wp-content\/uploads\/sites\/2\/2017\/12\/author-de-4.jpg\",\"datePublished\":\"2015-04-27T07:22:17+00:00\",\"dateModified\":\"2023-07-14T15:15:10+00:00\",\"breadcrumb\":{\"@id\":\"https:\/\/bet-bonus.com\/de\/bet365-wettsteuer\/#breadcrumb\"},\"inLanguage\":\"de\",\"potentialAction\":[{\"@type\":\"ReadAction\",\"target\":[\"https:\/\/bet-bonus.com\/de\/bet365-wettsteuer\/\"]}]},{\"@type\":\"ImageObject\",\"inLanguage\":\"de\",\"@id\":\"https:\/\/bet-bonus.com\/de\/bet365-wettsteuer\/#primaryimage\",\"url\":\"https:\/\/bet-bonus.com\/de\/wp-content\/uploads\/sites\/2\/2017\/12\/author-de-4.jpg\",\"contentUrl\":\"https:\/\/bet-bonus.com\/de\/wp-content\/uploads\/sites\/2\/2017\/12\/author-de-4.jpg\"},{\"@type\":\"BreadcrumbList\",\"@id\":\"https:\/\/bet-bonus.com\/de\/bet365-wettsteuer\/#breadcrumb\",\"itemListElement\":[{\"@type\":\"ListItem\",\"position\":1,\"name\":\"Home\",\"item\":\"https:\/\/bet-bonus.com\/de\/\"},{\"@type\":\"ListItem\",\"position\":2,\"name\":\"Wurde die Wettsteuer von bet365 auf mich als Kunde umgew\u00e4lzt?\"}]},{\"@type\":\"WebSite\",\"@id\":\"https:\/\/bet-bonus.com\/de\/#website\",\"url\":\"https:\/\/bet-bonus.com\/de\/\",\"name\":\"bet-bonus.com German\",\"description\":\"\",\"potentialAction\":[{\"@type\":\"SearchAction\",\"target\":{\"@type\":\"EntryPoint\",\"urlTemplate\":\"https:\/\/bet-bonus.com\/de\/?s={search_term_string}\"},\"query-input\":{\"@type\":\"PropertyValueSpecification\",\"valueRequired\":true,\"valueName\":\"search_term_string\"}}],\"inLanguage\":\"de\"}]}<\/script>\n<!-- \/ Yoast SEO plugin. -->","yoast_head_json":{"title":"Bet365 Wettsteuer - Steuer nur auf gewonnene Wetten!","robots":{"index":"index","follow":"follow","max-snippet":"max-snippet:-1","max-image-preview":"max-image-preview:large","max-video-preview":"max-video-preview:-1"},"canonical":"https:\/\/bet-bonus.com\/de\/bet365-wettsteuer\/","og_locale":"de_DE","og_type":"article","og_title":"Bet365 Wettsteuer - Steuer nur auf gewonnene Wetten!","og_url":"https:\/\/bet-bonus.com\/de\/bet365-wettsteuer\/","og_site_name":"bet-bonus.com German","article_modified_time":"2023-07-14T15:15:10+00:00","og_image":[{"url":"https:\/\/bet-bonus.com\/de\/wp-content\/uploads\/sites\/2\/2017\/12\/author-de-4.jpg","type":"","width":"","height":""}],"twitter_card":"summary_large_image","twitter_misc":{"Gesch\u00e4tzte Lesezeit":"7\u00a0Minuten"},"schema":{"@context":"https:\/\/schema.org","@graph":[{"@type":"WebPage","@id":"https:\/\/bet-bonus.com\/de\/bet365-wettsteuer\/","url":"https:\/\/bet-bonus.com\/de\/bet365-wettsteuer\/","name":"Bet365 Wettsteuer - Steuer nur auf gewonnene Wetten!","isPartOf":{"@id":"https:\/\/bet-bonus.com\/de\/#website"},"primaryImageOfPage":{"@id":"https:\/\/bet-bonus.com\/de\/bet365-wettsteuer\/#primaryimage"},"image":{"@id":"https:\/\/bet-bonus.com\/de\/bet365-wettsteuer\/#primaryimage"},"thumbnailUrl":"https:\/\/bet-bonus.com\/de\/wp-content\/uploads\/sites\/2\/2017\/12\/author-de-4.jpg","datePublished":"2015-04-27T07:22:17+00:00","dateModified":"2023-07-14T15:15:10+00:00","breadcrumb":{"@id":"https:\/\/bet-bonus.com\/de\/bet365-wettsteuer\/#breadcrumb"},"inLanguage":"de","potentialAction":[{"@type":"ReadAction","target":["https:\/\/bet-bonus.com\/de\/bet365-wettsteuer\/"]}]},{"@type":"ImageObject","inLanguage":"de","@id":"https:\/\/bet-bonus.com\/de\/bet365-wettsteuer\/#primaryimage","url":"https:\/\/bet-bonus.com\/de\/wp-content\/uploads\/sites\/2\/2017\/12\/author-de-4.jpg","contentUrl":"https:\/\/bet-bonus.com\/de\/wp-content\/uploads\/sites\/2\/2017\/12\/author-de-4.jpg"},{"@type":"BreadcrumbList","@id":"https:\/\/bet-bonus.com\/de\/bet365-wettsteuer\/#breadcrumb","itemListElement":[{"@type":"ListItem","position":1,"name":"Home","item":"https:\/\/bet-bonus.com\/de\/"},{"@type":"ListItem","position":2,"name":"Wurde die Wettsteuer von bet365 auf mich als Kunde umgew\u00e4lzt?"}]},{"@type":"WebSite","@id":"https:\/\/bet-bonus.com\/de\/#website","url":"https:\/\/bet-bonus.com\/de\/","name":"bet-bonus.com German","description":"","potentialAction":[{"@type":"SearchAction","target":{"@type":"EntryPoint","urlTemplate":"https:\/\/bet-bonus.com\/de\/?s={search_term_string}"},"query-input":{"@type":"PropertyValueSpecification","valueRequired":true,"valueName":"search_term_string"}}],"inLanguage":"de"}]}},"_links":{"self":[{"href":"https:\/\/bet-bonus.com\/de\/wp-json\/wp\/v2\/pages\/135","targetHints":{"allow":["GET"]}}],"collection":[{"href":"https:\/\/bet-bonus.com\/de\/wp-json\/wp\/v2\/pages"}],"about":[{"href":"https:\/\/bet-bonus.com\/de\/wp-json\/wp\/v2\/types\/page"}],"author":[{"embeddable":true,"href":"https:\/\/bet-bonus.com\/de\/wp-json\/wp\/v2\/users\/1"}],"replies":[{"embeddable":true,"href":"https:\/\/bet-bonus.com\/de\/wp-json\/wp\/v2\/comments?post=135"}],"version-history":[{"count":5,"href":"https:\/\/bet-bonus.com\/de\/wp-json\/wp\/v2\/pages\/135\/revisions"}],"predecessor-version":[{"id":1595,"href":"https:\/\/bet-bonus.com\/de\/wp-json\/wp\/v2\/pages\/135\/revisions\/1595"}],"wp:attachment":[{"href":"https:\/\/bet-bonus.com\/de\/wp-json\/wp\/v2\/media?parent=135"}],"wp:term":[{"taxonomy":"category","embeddable":true,"href":"https:\/\/bet-bonus.com\/de\/wp-json\/wp\/v2\/categories?post=135"},{"taxonomy":"post_tag","embeddable":true,"href":"https:\/\/bet-bonus.com\/de\/wp-json\/wp\/v2\/tags?post=135"}],"curies":[{"name":"wp","href":"https:\/\/api.w.org\/{rel}","templated":true}]}}