{"id":155,"date":"2015-04-27T11:05:14","date_gmt":"2015-04-27T09:05:14","guid":{"rendered":"http:\/\/bet-bonus.com\/de\/?page_id=155"},"modified":"2023-07-14T15:14:31","modified_gmt":"2023-07-14T15:14:31","slug":"bet365-live-stream","status":"publish","type":"page","link":"https:\/\/bet-bonus.com\/de\/bet365-live-stream\/","title":{"rendered":"Wie funktioniert der Bet365 Live Stream?"},"content":{"rendered":"<p><img decoding=\"async\" class=\"alignnone size-full wp-image-1148\" src=\"https:\/\/bet-bonus.com\/de\/wp-content\/uploads\/sites\/2\/2017\/12\/author-dea3.jpg\" alt=\"\" width=\"724\" height=\"13\" \/><\/p>\r\n<p style=\"text-align: justify;\">Die Verwendung von Satelliten-TV, um internationale Spiele und Ligen zu sehen, ist unter Spielern beliebt, um ihnen zu erlauben, Live-Events zu verfolgen. Dieses Privileg, ein Satelliten-TV-Paket anzubieten, ist jedoch auf wenige Personen beschr\u00e4nkt, die es sich leisten k\u00f6nnen, die hohen Preise monatlich zu zahlen. Gl\u00fccklicherweise bietet bet365 seinen Kunden die M\u00f6glichkeit, Live-Matches von ihren PCs oder mobilen Ger\u00e4ten aus zu verfolgen. Diese Funktion erm\u00f6glicht den Spielern, Wetten zu platzieren und den Fortschritt der Spiele zu verfolgen, was ihnen dabei helfen kann, Entscheidungen zu treffen, vor allem f\u00fcr die Spieler, die live auf Spiele wetten. Bet365 bietet eine legale Plattform, die nicht von Pop-up-Anzeigen und -Videos \u00fcberflutet wird, die nur gepufferte bet365-Konten und eine stabile Internetverbindung ben\u00f6tigen, damit sie Live-Spiele von ihren PC- oder Mobilger\u00e4ten aus verfolgen k\u00f6nnen.<\/p>\r\n<strong>Voraussetzung f\u00fcr die Nutzung vom bet365 Live Stream Angebot:<\/strong>\r\n<ul>\r\n \t<li>Guthaben auf dem Kundenkonto<\/li>\r\n \t<li>Alternativ eine platzierte Wette, in den letzten 24 Stunden<\/li>\r\n \t<li>Aufgrund von Fernsehrechten, gibt es geographische Einschr\u00e4nkungen f\u00fcr bestimmte Angebote<\/li>\r\n<\/ul>\r\n<div id=\"operator-closed-wrapper\">\n    <div id=\"operator-closed\" class=\"operator-closed-body\">\n        <div class=\"operator-closed-message \">\n            <div><b>Werfen Sie lieber einen Blick auf diese Top Anbieter<\/b>\n                             <\/div>\n        <\/div>\n\n        <div class=\"row operator-closed-box-container\">\n                                <div class=\"col-lg-4 col-md-6 col-sm-4 col-xs-12\">\n                        <div class=\"operator-closed-box\">\n                            <span class=\"operator-box-header\"><img decoding=\"async\" src=\"\/deutsch\/assets\/logos\/sport\/light-back\/tipbet.png\" width=\"auto\" height=\"auto\" alt=\"Tipbet\" \/><\/span>                            <div class=\"operator-closed-box-stars\">\n                                <span>210\u20ac <\/span>MAXIMALER BONUS                            <\/div>\n\n                            <div class=\"claim-bonus-code button-bottom\">\n                                 <span class=\"cursored button js-golink hvr-outline-in sidebar-operator-btn\"  onclick=\"OpenGoLink(this);\" data-operator=\"286\" data-bonus=\"1605\"   data-clicks=\"5\"data-type=\"sport\" >jetzt registrieren<i class=\"fa fa-chevron-right\" aria-hidden=\"true\"><\/i> <\/span>                             <\/div><!-- \/.claim-bonus-code -->\n                        <\/div>\n                    <\/div>\n                            <\/div>\n    <\/div>\n<\/div>\r\n<h2>Die Sportveranstaltungen, die ich mit dem Live Streaming Service von Bet365 gesehen habe?<\/h2>\r\n<p style=\"text-align: justify;\">Es gibt verschiedene Sportveranstaltungen, die Sie auf bet365 sehen k\u00f6nnen, von <a href=\"https:\/\/bet-bonus.com\/de\/bet365-gratiswette\/\">Fu\u00dfball<\/a>, Tennis bis Basketball. Sie m\u00fcssen nur Ihren bevorzugten Sport w\u00e4hlen. Pers\u00f6nlich bin ich ein gro\u00dfer Fan des Fu\u00dfballs. Ich schaue gerne Premier League, La Liga und Bundesliga. Die Verf\u00fcgbarkeit dieser Spiele auf bet365 erm\u00f6glicht es mir, zwischen den Kan\u00e4len zu wechseln, besonders wenn meine Lieblingsteams gleichzeitig auf verschiedenen Kan\u00e4len spielen.<\/p>\r\n<p style=\"text-align: justify;\">Ich genie\u00dfe es auch, Tennis zu sehen, wenn Fu\u00dfballspiele eine Pause gemacht haben. Es gibt zahlreiche Tennisspiele zur Verf\u00fcgung; wahrscheinlich werden die meisten Spiele vom Buchmacher live gestrafft. Ich genie\u00dfe es, die Spiele auf bet365 Livestream zu verfolgen, insbesondere aufgrund der Verf\u00fcgbarkeit von Spielen von meinem mobilen Ger\u00e4t. Diese Funktion erm\u00f6glicht es mir, adsfreie Spiele auf meinem <a href=\"https:\/\/bet-bonus.com\/de\/bet365-app\/\">Handy<\/a> anzusehen, selbst wenn ich pendele.<\/p>\r\n\r\n<h2>Was ist Bet365 Live Streaming?<\/h2>\r\n<p style=\"text-align: justify;\">Gesch\u00e4ftsbedingungen gelten, siehe die bet365-Webseite f\u00fcr alle Details.<\/p>\r\n\r\n<h2>Wie ich auf einem mobilen Ger\u00e4t gestreamt habe?<\/h2>\r\n<p style=\"text-align: justify;\">Streaming von bet365 Spielen auf einem mobilen Ger\u00e4t ist nicht schwer, wenn Sie nur ein registriertes Mitglied sind und Ihr bet365 Konto geladen haben. Das Problem mit Streaming-Spielen war zun\u00e4chst, dass ich kein registriertes Mitglied von bet365 war. Die Anmeldung f\u00fcr ein Konto bei der Firma gab mir keinen direkten Zugriff auf die Livestream-Spiele von der Seite, da ich mein Konto laden musste. Diese Anforderung ist eine der H\u00fcrden, die Menschen, die Live-Spiele von bet365 sehen wollen, eher zu Gesicht bekommen. Ich musste meinen Account laden, wodurch ich Zugang zu den Live-Spielen bekam.\r\nEin anderes Problem, dem ich begegnet bin, ist, dass ich versucht habe, mit einem Ger\u00e4t, das das Flash-Player-Plugin nicht unterst\u00fctzt, auf den Livestream zuzugreifen. Nachdem ich mich in meinem Account eingeloggt hatte, zwang mich die Seite dazu, das Plug-in herunterzuladen, das leider nicht mit dem <a href=\"https:\/\/bet-bonus.com\/de\/bet365-app\/\">Telefon<\/a> kompatibel war. Allerdings konnte ich \u00fcber mein Samsung Galaxy S6, auf dem das erforderliche Plug-In installiert war, auf den Live-Stream zugreifen. Mir wurde klar, dass das Plug-in nicht mit allen Android-Versionen kompatibel ist. Daher m\u00fcssen die Spieler sicherstellen, dass auf ihren Ger\u00e4ten die neueste Android-Version installiert ist, damit sie den Live-Stream auf bet365 sehen k\u00f6nnen.<\/p>\r\n\r\n<h2>Schritt-f\u00fcr-Schritt Anleitung wie ich zu meinem Samsung Galaxy S6 gestreamt habe.<\/h2>\r\n<ul>\r\n \t<li style=\"text-align: justify;\">Ich suchte zuerst bet365 Livestream vom mobilen Browser.<\/li>\r\n \t<li style=\"text-align: justify;\">Diese Suche f\u00fchrte mich auf die Seite &#8218;bet365 Extra&#8216;, wo Live-Spiele gehostet werden.<\/li>\r\n \t<li style=\"text-align: justify;\">Ich habe mich dann mit den Anmeldeinformationen angemeldet, die ich bei der Registrierung f\u00fcr ein Konto bei der Firma verwendet habe.<\/li>\r\n \t<li style=\"text-align: justify;\">Auf der rechten Seite des Bildschirms befindet sich ein Symbol &#8222;Live Now&#8220;, wo ich meine Lieblingsspiele aus der Liste ausw\u00e4hlen konnte.<\/li>\r\n \t<li style=\"text-align: justify;\">Wenn Sie auf das Spiel klicken, das Sie sehen m\u00f6chten, wird automatisch der Bildschirm in der Mitte der Seite mit den Live-Streaming-Spielen geladen, die Sie ansehen m\u00f6chten.<\/li>\r\n<\/ul>\r\n<h2>Die Qualit\u00e4t des Streams, den ich mit Bet365 erlebt habe?<\/h2>\r\n<p style=\"text-align: justify;\">bet365 bietet hohe Grafik-Spiele auf ihrem Livestream-Kanal. Ich finde die Spiele besser als jene, die auf verschiedenen Online-Plattformen ausgestrahlt werden, die gepuffert bleiben und Grafiken von schlechter Qualit\u00e4t haben, die es sogar f\u00fcr Sie schwierig machen, Gesichter zu erkennen. Der Sound der Livestream-Spiele ist ebenfalls hoch und Sie erhalten genau die Erfahrung, die Sie auf einem Satelliten-TV erleben w\u00fcrden.<\/p>\r\n\r\n<h2 style=\"text-align: justify;\">Bet365 Live Streaming Systemanforderungen<\/h2>\r\n<p class=\"text-left\">Informationen von der bet365 Website:<\/p>\r\n<p class=\"text-left\">Microsoft:<\/p>\r\n\r\n<ul>\r\n \t<li>Windows XP<\/li>\r\n \t<li>Internet Explorer 8 und die neuesten Versionen von Firefox, Chrome und Opera<\/li>\r\n<\/ul>\r\n<p class=\"text-left\">Apple:<\/p>\r\n\r\n<ul>\r\n \t<li>Mac OS X 10.6 Snow Leopard<\/li>\r\n \t<li>Neueste Versionen von Safari, Firefox, Chrome und Opera<\/li>\r\n<\/ul>\r\nBreitbandgeschwindigkeit: Eine Verbindungsgeschwindigkeit von 512 kbp\/s oder h\u00f6her.\r\nF\u00fcr weitere Informationen besuchen Sie bitte die technischen Fragen von bet365.\r\n<p style=\"text-align: justify;\">Zus\u00e4tzlich empfiehlt bet365 die Verwendung der neuesten Version von Adobe Flash. Bitte kontaktieren Sie den bet365 Support, um weitere Informationen zum Aktualisieren oder Aktivieren von Flash zu erhalten.<\/p>\r\n\r\n<h2 style=\"text-align: justify;\">Eine pers\u00f6nliche \u00dcbersicht \u00fcber Bet365 Live Streaming<\/h2>\r\n<p style=\"text-align: justify;\">Laut dem Live-Stream von bet365 k\u00f6nnen Spieler viel Geld sparen, indem sie f\u00fcr Satellitenfernsehen bezahlen und von ihren mobilen Ger\u00e4ten aus auf Live-Spiele zugreifen, egal wo sie sind. Die High-Definition-Spiele, die nicht durch Werbung unterbrochen werden, geben sogar Spielern eine bessere Erfahrung, ununterbrochene Spiele zu verfolgen. Die Live-Spiele, die vom Unternehmen zur Verf\u00fcgung gestellt werden, werden zur selben Zeit ausgestrahlt wie sie gespielt werden, und somit k\u00f6nnen die Spieler sie verwenden, um Entscheidungen \u00fcber die Spieleins\u00e4tze zu treffen, auf die sie setzen m\u00fcssen.<\/p>\r\n<p style=\"text-align: justify;\">Live-Streaming-Spiele, die von bet365 bereitgestellt werden, haben einfache Anforderungen, die fast jeder erf\u00fcllen kann, um HD-Matches bequem von Ihrem Ger\u00e4t aus zu sehen. Alles, was Sie brauchen, ist ein <a href=\"https:\/\/bet-bonus.com\/de\/\">Konto<\/a> bei der Firma zu registrieren und es zu finanzieren, um Live-Spiele zu schauen. Alternativ m\u00fcssen Sie in den letzten 24 Stunden eine <a href=\"https:\/\/bet-bonus.com\/de\/bet365-gratiswette\/\">Wette<\/a> platziert haben, damit das System Live-Spiele ansehen kann. Den Spielern wird jedoch empfohlen, die Website auf die verf\u00fcgbaren Spiele zu pr\u00fcfen, auf die sie wetten k\u00f6nnen, da einige von ihnen nur auf bestimmte Regionen beschr\u00e4nkt sind. Wer eine Plattform sucht, auf der er sich unbegrenzte Live-Streaming-Spiele ansehen kann, findet bei bet365 eine fantastische Seite, um Spiele im B\u00fcro an einem langweiligen Nachmittag oder bei langen Zugfahrten zu genie\u00dfen.<\/p>\r\n<p style=\"text-align: justify;\">18+ bet-bonus.com unterst\u00fctzt verantwortungsvolles Spielen! | Dies ist ein kommerzieller Inhalt<\/p>\r\n<p style=\"text-align: justify;\">Bitte beachten Sie die Teilnahmebedingungen | Dieses Angebot gilt explizit nur f\u00fcr Neukunden<\/p>","protected":false},"excerpt":{"rendered":"Die Verwendung von Satelliten-TV, um internationale Spiele und Ligen zu sehen, ist unter Spielern beliebt, um ihnen zu erlauben, Live-Events zu verfolgen. Dieses Privileg, ein Satelliten-TV-Paket anzubieten, ist jedoch auf wenige Personen beschr\u00e4nkt, die es sich leisten k\u00f6nnen, die hohen Preise monatlich zu zahlen. Gl\u00fccklicherweise bietet bet365 seinen Kunden die M\u00f6glichkeit, Live-Matches von ihren PCs [&hellip;]","protected":false},"author":1,"featured_media":0,"parent":0,"menu_order":0,"comment_status":"open","ping_status":"open","template":"","meta":{"footnotes":""},"categories":[],"tags":[],"class_list":["post-155","page","type-page","status-publish","hentry"],"yoast_head":"<!-- This site is optimized with the Yoast SEO plugin v26.7 - https:\/\/yoast.com\/wordpress\/plugins\/seo\/ -->\n<title>Bet365 Live Stream - Jetzt live wetten!<\/title>\n<meta name=\"robots\" content=\"index, follow, max-snippet:-1, max-image-preview:large, max-video-preview:-1\" \/>\n<link rel=\"canonical\" href=\"https:\/\/bet-bonus.com\/de\/bet365-live-stream\/\" \/>\n<meta property=\"og:locale\" content=\"de_DE\" \/>\n<meta property=\"og:type\" content=\"article\" \/>\n<meta property=\"og:title\" content=\"Bet365 Live Stream - Jetzt live wetten!\" \/>\n<meta property=\"og:url\" content=\"https:\/\/bet-bonus.com\/de\/bet365-live-stream\/\" \/>\n<meta property=\"og:site_name\" content=\"bet-bonus.com German\" \/>\n<meta property=\"article:modified_time\" content=\"2023-07-14T15:14:31+00:00\" \/>\n<meta property=\"og:image\" content=\"https:\/\/bet-bonus.com\/de\/wp-content\/uploads\/sites\/2\/2017\/12\/author-dea3.jpg\" \/>\n<meta name=\"twitter:card\" content=\"summary_large_image\" \/>\n<meta name=\"twitter:label1\" content=\"Gesch\u00e4tzte Lesezeit\" \/>\n\t<meta name=\"twitter:data1\" content=\"6\u00a0Minuten\" \/>\n<script type=\"application\/ld+json\" class=\"yoast-schema-graph\">{\"@context\":\"https:\/\/schema.org\",\"@graph\":[{\"@type\":\"WebPage\",\"@id\":\"https:\/\/bet-bonus.com\/de\/bet365-live-stream\/\",\"url\":\"https:\/\/bet-bonus.com\/de\/bet365-live-stream\/\",\"name\":\"Bet365 Live Stream - Jetzt live wetten!\",\"isPartOf\":{\"@id\":\"https:\/\/bet-bonus.com\/de\/#website\"},\"primaryImageOfPage\":{\"@id\":\"https:\/\/bet-bonus.com\/de\/bet365-live-stream\/#primaryimage\"},\"image\":{\"@id\":\"https:\/\/bet-bonus.com\/de\/bet365-live-stream\/#primaryimage\"},\"thumbnailUrl\":\"https:\/\/bet-bonus.com\/de\/wp-content\/uploads\/sites\/2\/2017\/12\/author-dea3.jpg\",\"datePublished\":\"2015-04-27T09:05:14+00:00\",\"dateModified\":\"2023-07-14T15:14:31+00:00\",\"breadcrumb\":{\"@id\":\"https:\/\/bet-bonus.com\/de\/bet365-live-stream\/#breadcrumb\"},\"inLanguage\":\"de\",\"potentialAction\":[{\"@type\":\"ReadAction\",\"target\":[\"https:\/\/bet-bonus.com\/de\/bet365-live-stream\/\"]}]},{\"@type\":\"ImageObject\",\"inLanguage\":\"de\",\"@id\":\"https:\/\/bet-bonus.com\/de\/bet365-live-stream\/#primaryimage\",\"url\":\"https:\/\/bet-bonus.com\/de\/wp-content\/uploads\/sites\/2\/2017\/12\/author-dea3.jpg\",\"contentUrl\":\"https:\/\/bet-bonus.com\/de\/wp-content\/uploads\/sites\/2\/2017\/12\/author-dea3.jpg\"},{\"@type\":\"BreadcrumbList\",\"@id\":\"https:\/\/bet-bonus.com\/de\/bet365-live-stream\/#breadcrumb\",\"itemListElement\":[{\"@type\":\"ListItem\",\"position\":1,\"name\":\"Home\",\"item\":\"https:\/\/bet-bonus.com\/de\/\"},{\"@type\":\"ListItem\",\"position\":2,\"name\":\"Wie funktioniert der Bet365 Live Stream?\"}]},{\"@type\":\"WebSite\",\"@id\":\"https:\/\/bet-bonus.com\/de\/#website\",\"url\":\"https:\/\/bet-bonus.com\/de\/\",\"name\":\"bet-bonus.com German\",\"description\":\"\",\"potentialAction\":[{\"@type\":\"SearchAction\",\"target\":{\"@type\":\"EntryPoint\",\"urlTemplate\":\"https:\/\/bet-bonus.com\/de\/?s={search_term_string}\"},\"query-input\":{\"@type\":\"PropertyValueSpecification\",\"valueRequired\":true,\"valueName\":\"search_term_string\"}}],\"inLanguage\":\"de\"}]}<\/script>\n<!-- \/ Yoast SEO plugin. -->","yoast_head_json":{"title":"Bet365 Live Stream - Jetzt live wetten!","robots":{"index":"index","follow":"follow","max-snippet":"max-snippet:-1","max-image-preview":"max-image-preview:large","max-video-preview":"max-video-preview:-1"},"canonical":"https:\/\/bet-bonus.com\/de\/bet365-live-stream\/","og_locale":"de_DE","og_type":"article","og_title":"Bet365 Live Stream - Jetzt live wetten!","og_url":"https:\/\/bet-bonus.com\/de\/bet365-live-stream\/","og_site_name":"bet-bonus.com German","article_modified_time":"2023-07-14T15:14:31+00:00","og_image":[{"url":"https:\/\/bet-bonus.com\/de\/wp-content\/uploads\/sites\/2\/2017\/12\/author-dea3.jpg","type":"","width":"","height":""}],"twitter_card":"summary_large_image","twitter_misc":{"Gesch\u00e4tzte Lesezeit":"6\u00a0Minuten"},"schema":{"@context":"https:\/\/schema.org","@graph":[{"@type":"WebPage","@id":"https:\/\/bet-bonus.com\/de\/bet365-live-stream\/","url":"https:\/\/bet-bonus.com\/de\/bet365-live-stream\/","name":"Bet365 Live Stream - Jetzt live wetten!","isPartOf":{"@id":"https:\/\/bet-bonus.com\/de\/#website"},"primaryImageOfPage":{"@id":"https:\/\/bet-bonus.com\/de\/bet365-live-stream\/#primaryimage"},"image":{"@id":"https:\/\/bet-bonus.com\/de\/bet365-live-stream\/#primaryimage"},"thumbnailUrl":"https:\/\/bet-bonus.com\/de\/wp-content\/uploads\/sites\/2\/2017\/12\/author-dea3.jpg","datePublished":"2015-04-27T09:05:14+00:00","dateModified":"2023-07-14T15:14:31+00:00","breadcrumb":{"@id":"https:\/\/bet-bonus.com\/de\/bet365-live-stream\/#breadcrumb"},"inLanguage":"de","potentialAction":[{"@type":"ReadAction","target":["https:\/\/bet-bonus.com\/de\/bet365-live-stream\/"]}]},{"@type":"ImageObject","inLanguage":"de","@id":"https:\/\/bet-bonus.com\/de\/bet365-live-stream\/#primaryimage","url":"https:\/\/bet-bonus.com\/de\/wp-content\/uploads\/sites\/2\/2017\/12\/author-dea3.jpg","contentUrl":"https:\/\/bet-bonus.com\/de\/wp-content\/uploads\/sites\/2\/2017\/12\/author-dea3.jpg"},{"@type":"BreadcrumbList","@id":"https:\/\/bet-bonus.com\/de\/bet365-live-stream\/#breadcrumb","itemListElement":[{"@type":"ListItem","position":1,"name":"Home","item":"https:\/\/bet-bonus.com\/de\/"},{"@type":"ListItem","position":2,"name":"Wie funktioniert der Bet365 Live Stream?"}]},{"@type":"WebSite","@id":"https:\/\/bet-bonus.com\/de\/#website","url":"https:\/\/bet-bonus.com\/de\/","name":"bet-bonus.com German","description":"","potentialAction":[{"@type":"SearchAction","target":{"@type":"EntryPoint","urlTemplate":"https:\/\/bet-bonus.com\/de\/?s={search_term_string}"},"query-input":{"@type":"PropertyValueSpecification","valueRequired":true,"valueName":"search_term_string"}}],"inLanguage":"de"}]}},"_links":{"self":[{"href":"https:\/\/bet-bonus.com\/de\/wp-json\/wp\/v2\/pages\/155","targetHints":{"allow":["GET"]}}],"collection":[{"href":"https:\/\/bet-bonus.com\/de\/wp-json\/wp\/v2\/pages"}],"about":[{"href":"https:\/\/bet-bonus.com\/de\/wp-json\/wp\/v2\/types\/page"}],"author":[{"embeddable":true,"href":"https:\/\/bet-bonus.com\/de\/wp-json\/wp\/v2\/users\/1"}],"replies":[{"embeddable":true,"href":"https:\/\/bet-bonus.com\/de\/wp-json\/wp\/v2\/comments?post=155"}],"version-history":[{"count":5,"href":"https:\/\/bet-bonus.com\/de\/wp-json\/wp\/v2\/pages\/155\/revisions"}],"predecessor-version":[{"id":1594,"href":"https:\/\/bet-bonus.com\/de\/wp-json\/wp\/v2\/pages\/155\/revisions\/1594"}],"wp:attachment":[{"href":"https:\/\/bet-bonus.com\/de\/wp-json\/wp\/v2\/media?parent=155"}],"wp:term":[{"taxonomy":"category","embeddable":true,"href":"https:\/\/bet-bonus.com\/de\/wp-json\/wp\/v2\/categories?post=155"},{"taxonomy":"post_tag","embeddable":true,"href":"https:\/\/bet-bonus.com\/de\/wp-json\/wp\/v2\/tags?post=155"}],"curies":[{"name":"wp","href":"https:\/\/api.w.org\/{rel}","templated":true}]}}