{"id":20,"date":"2015-04-23T15:37:16","date_gmt":"2015-04-23T13:37:16","guid":{"rendered":"http:\/\/bet-bonus.com\/de\/?page_id=20"},"modified":"2023-07-14T15:32:56","modified_gmt":"2023-07-14T15:32:56","slug":"bet365-gutschein-code","status":"publish","type":"page","link":"https:\/\/bet-bonus.com\/de\/bet365-gutschein-code\/","title":{"rendered":"Bet365 Gutschein Code auch ohne Einzahlung verf\u00fcgbar?"},"content":{"rendered":"<p><img decoding=\"async\" class=\"alignnone size-full wp-image-1166\" src=\"https:\/\/bet-bonus.com\/de\/wp-content\/uploads\/sites\/2\/2017\/12\/author-de-3.jpg\" alt=\"\" width=\"724\" height=\"13\" \/><\/p>\r\n<h2 class=\"text-left\"><b>Was habe ich f\u00fcr ein Bonus Code Angebot bei Bet365 vorgefunden?<\/b><\/h2>\r\n<p style=\"text-align: justify;\">Der wohl allen bekannte Anbieter f\u00fcr Sportwetten, bet365 bietet Neukunden seit einiger Zeit einen Gutschein mit Prozent Aufschlag Bonus auf die erste Einzahlung an, so meine Erfahrung nach dem Besuch der Webseite. Das bedeutet, dass mir als Kunden bei meiner Einzahlung, ein Bonus Betrag auf meine get\u00e4tigte Einzahlung gut geschrieben wurde, wobei dieser Bonus auf eine maximale Geldsumme begrenzt wird, wie f\u00fcr mich direkt in dem Infotext der Aktion zu lesen war. Der dazu n\u00f6tige Bonus Code wurde nach der Registrierung auf bet365 mit einer E-Mail an mich \u00fcbermittelt. Nach der Eingabe des Codes wurde der Bonus sofort aktiviert und stand somit f\u00fcr meine geplanten Wetten zur Verf\u00fcgung. Allerdings kann der Bonus erst ausgezahlt werden, nachdem ich diesen innerhalb einer gewissen Frist und auch mehrfach zu einer Mindestquote umgesetzt hatte.<\/p>\r\n<div id=\"operator-closed-wrapper\">\n    <div id=\"operator-closed\" class=\"operator-closed-body\">\n        <div class=\"operator-closed-message \">\n            <div><b>Werfen Sie lieber einen Blick auf diese Top Anbieter<\/b>\n                             <\/div>\n        <\/div>\n\n        <div class=\"row operator-closed-box-container\">\n                                <div class=\"col-lg-4 col-md-6 col-sm-4 col-xs-12\">\n                        <div class=\"operator-closed-box\">\n                            <span class=\"operator-box-header\"><img decoding=\"async\" src=\"\/deutsch\/assets\/logos\/sport\/light-back\/tipbet.png\" width=\"auto\" height=\"auto\" alt=\"Tipbet\" \/><\/span>                            <div class=\"operator-closed-box-stars\">\n                                <span>210\u20ac <\/span>MAXIMALER BONUS                            <\/div>\n\n                            <div class=\"claim-bonus-code button-bottom\">\n                                 <span class=\"cursored button js-golink hvr-outline-in sidebar-operator-btn\"  onclick=\"OpenGoLink(this);\" data-operator=\"286\" data-bonus=\"1605\"   data-clicks=\"5\"data-type=\"sport\" >jetzt registrieren<i class=\"fa fa-chevron-right\" aria-hidden=\"true\"><\/i> <\/span>                             <\/div><!-- \/.claim-bonus-code -->\n                        <\/div>\n                    <\/div>\n                            <\/div>\n    <\/div>\n<\/div>\r\n<h2 class=\"text-left\"><b>Welche Bedingungen gelten f\u00fcr den Bonus?<\/b><\/h2>\r\n<p style=\"text-align: justify;\">Um den <a href=\"https:\/\/bet-bonus.com\/de\/\">Bonus<\/a> einzul\u00f6sen war es notwendig eine Mindestsumme einzuzahlen. Somit ist zum Beispiel kein Gutschein f\u00fcr eine Einzahlung unter dieser Summe erh\u00e4ltlich<\/p>\r\n\r\n<h2 class=\"text-left\"><b>Entstehen irgendwelche Kosten f\u00fcr den Gutschein?<\/b><\/h2>\r\n<p style=\"text-align: justify;\">Der Gutschein war f\u00fcr mich und wir vermutlich auch f\u00fcr jeden anderen Kunden, der sich neu bei bet365 anmeldet kostenlos erh\u00e4ltlich. Allerdings musste ich einen gewissen Betrag einzahlen um den erhaltenen Bonus tats\u00e4chlich einzul\u00f6sen.<\/p>\r\n\r\n<h2 class=\"text-left\"><b>Handelt es sich dabei um eine kostenlose Wette?<\/b><\/h2>\r\n<p style=\"text-align: justify;\">Bei dem von bet365 angebotenen Gutschein handelt es sich nicht um eine kostenlose Wette. Bei kostenlosen Wetten bietet das Wettb\u00fcro einen gewissen Betrag f\u00fcr den Kunden an, der dann f\u00fcr verschiedene Sportwetten zur Verf\u00fcgung steht, dieser Betrag wird dem Spieler direkt auf sein Kundenkonto gutgeschrieben. Verliert der Kunde die gespielte Wette, so hat dies keine Folgen f\u00fcr ihn, da er nicht mit seinem Geld gespielt hat. Gewinnt er jedoch zahlt der Wettanbieter nur den reinen Gewinn aus. In diesem Fall wird der Bonus dem Kunden tats\u00e4chlich gut geschrieben und ist nicht nur als virtuelles Guthaben anzusehen. Deshalb handelt es sich nicht um eine <a href=\"https:\/\/bet-bonus.com\/de\/bet365-gratiswette\/\">kostenlose Wette<\/a>. Genau so habe ich es bei bet365 mit seinem Angebot an mich erlebt und daher gehe ich davon aus dass es f\u00fcr jeden anderen Kunden auch so ablaufen wird.<\/p>\r\n\r\n<h2 class=\"text-left\"><b>Wie erhalte ich einen Gutscheincode?<\/b><\/h2>\r\n<p style=\"text-align: justify;\">Um einen pers\u00f6nlichen Gutscheincode zu erhalten ist es notwendig diesen bei der Anmeldung auch anzufordern. Anschlie\u00dfend erh\u00e4lt man eine E-Mail, in der der Code aus Zahlen und Ziffern enthalten ist. Um schlie\u00dflich die Bonuszahlung zu erhalten muss das Kennwort nur noch im Sevicebereich des Kundenkontos eingegeben werden und schon ist der Gutschein aktiviert.<\/p>\r\n\r\n<h2 class=\"text-left\"><b>Gutscheine f\u00fcr Poker und Casino<\/b><\/h2>\r\n<p style=\"text-align: justify;\">Um meinen pers\u00f6nlichen Gutscheincode zu erhalten war es notwendig diesen bei der Anmeldung auch anzufordern. Anschlie\u00dfend erhielt ich eine E-Mail, in der der Code enthalten war. Um schlie\u00dflich die Bonuszahlung zu erhalten musste ich das Kennwort nur noch im Servicebereich des Kundenkontos eingeben und schon war der Gutschein aktiviert.<\/p>\r\n\r\n<h2 class=\"text-left\"><b>Werden auch Gutscheine f\u00fcr Poker und Casino angeboten?<\/b><\/h2>\r\n<p style=\"text-align: justify;\">Beim <a href=\"https:\/\/bet-bonus.com\/de\/bet365-poker-bonus\/\">Poker<\/a> bietet bet365 einen \u00e4hnlichen Gutschein mit einer maximalen Bonussumme an, abh\u00e4ngig von der eingezahlten Summe des Spielers, dies war eindeutig auf den Infoseiten zu lesen. Und auch beim Casino gibt es f\u00fcr Neukunden einen Prozent Aufschlag Bonus, wie ich feststellen konnte.<\/p>\r\n\r\n<h2 class=\"text-left\"><b>Mein pers\u00f6nliches Fazit zum Bet365 Gutschein Code Angebot<\/b><\/h2>\r\n<p style=\"text-align: justify;\">Abschlie\u00dfend ist von meiner Seite aus zu sagen, dass es sich bei diesem Gutschein um eine wirklich faire Aktion handelt, die den Nutzern tats\u00e4chlich einen wirklichen Vorteil bietet. Der Bonus muss zwar vor der Auszahlung mehrfach umgesetzt werden. Diese Anforderungen sind aber durch einige geschickt platzierte Wetten und aufgrund der niedrigen Mindestquote leicht zu erf\u00fcllen. Somit schafft bet365 mit der Aktion eine gute Einstiegsm\u00f6glichkeit f\u00fcr Menschen, die Sportwetten gerne einmal m\u00f6glichst g\u00fcnstig testen m\u00f6chten, ohne dabei viel eigenes Geld zu investieren. Zus\u00e4tzlich ist der Gutschein f\u00fcr alle Interessenten eine tolle M\u00f6glichkeit einiges an Geld zu sparen oder es sogar zu vermehren.<\/p>\r\n<p style=\"text-align: justify;\">18+ bet-bonus.com unterst\u00fctzt verantwortungsvolles Spielen! | Dies ist ein kommerzieller Inhalt<\/p>\r\n<p style=\"text-align: justify;\">Bitte beachten Sie die Teilnahmebedingungen | Dieses Angebot gilt explizit nur f\u00fcr Neukunden<\/p>","protected":false},"excerpt":{"rendered":"Was habe ich f\u00fcr ein Bonus Code Angebot bei Bet365 vorgefunden? Der wohl allen bekannte Anbieter f\u00fcr Sportwetten, bet365 bietet Neukunden seit einiger Zeit einen Gutschein mit Prozent Aufschlag Bonus auf die erste Einzahlung an, so meine Erfahrung nach dem Besuch der Webseite. Das bedeutet, dass mir als Kunden bei meiner Einzahlung, ein Bonus Betrag [&hellip;]","protected":false},"author":1,"featured_media":0,"parent":0,"menu_order":0,"comment_status":"open","ping_status":"open","template":"","meta":{"footnotes":""},"categories":[],"tags":[],"class_list":["post-20","page","type-page","status-publish","hentry"],"yoast_head":"<!-- This site is optimized with the Yoast SEO plugin v26.7 - https:\/\/yoast.com\/wordpress\/plugins\/seo\/ -->\n<title>Bet365 Gutschein Code ohne Einzahlung April 2026<\/title>\n<meta name=\"robots\" content=\"index, follow, max-snippet:-1, max-image-preview:large, max-video-preview:-1\" \/>\n<link rel=\"canonical\" href=\"https:\/\/bet-bonus.com\/de\/bet365-gutschein-code\/\" \/>\n<meta property=\"og:locale\" content=\"de_DE\" \/>\n<meta property=\"og:type\" content=\"article\" \/>\n<meta property=\"og:title\" content=\"Bet365 Gutschein Code ohne Einzahlung April 2026\" \/>\n<meta property=\"og:url\" content=\"https:\/\/bet-bonus.com\/de\/bet365-gutschein-code\/\" \/>\n<meta property=\"og:site_name\" content=\"bet-bonus.com German\" \/>\n<meta property=\"article:modified_time\" content=\"2023-07-14T15:32:56+00:00\" \/>\n<meta property=\"og:image\" content=\"https:\/\/bet-bonus.com\/de\/wp-content\/uploads\/sites\/2\/2017\/12\/author-de-3.jpg\" \/>\n<meta name=\"twitter:card\" content=\"summary_large_image\" \/>\n<meta name=\"twitter:label1\" content=\"Gesch\u00e4tzte Lesezeit\" \/>\n\t<meta name=\"twitter:data1\" content=\"4\u00a0Minuten\" \/>\n<script type=\"application\/ld+json\" class=\"yoast-schema-graph\">{\"@context\":\"https:\/\/schema.org\",\"@graph\":[{\"@type\":\"WebPage\",\"@id\":\"https:\/\/bet-bonus.com\/de\/bet365-gutschein-code\/\",\"url\":\"https:\/\/bet-bonus.com\/de\/bet365-gutschein-code\/\",\"name\":\"Bet365 Gutschein Code ohne Einzahlung [month_name] [year]\",\"isPartOf\":{\"@id\":\"https:\/\/bet-bonus.com\/de\/#website\"},\"primaryImageOfPage\":{\"@id\":\"https:\/\/bet-bonus.com\/de\/bet365-gutschein-code\/#primaryimage\"},\"image\":{\"@id\":\"https:\/\/bet-bonus.com\/de\/bet365-gutschein-code\/#primaryimage\"},\"thumbnailUrl\":\"https:\/\/bet-bonus.com\/de\/wp-content\/uploads\/sites\/2\/2017\/12\/author-de-3.jpg\",\"datePublished\":\"2015-04-23T13:37:16+00:00\",\"dateModified\":\"2023-07-14T15:32:56+00:00\",\"breadcrumb\":{\"@id\":\"https:\/\/bet-bonus.com\/de\/bet365-gutschein-code\/#breadcrumb\"},\"inLanguage\":\"de\",\"potentialAction\":[{\"@type\":\"ReadAction\",\"target\":[\"https:\/\/bet-bonus.com\/de\/bet365-gutschein-code\/\"]}]},{\"@type\":\"ImageObject\",\"inLanguage\":\"de\",\"@id\":\"https:\/\/bet-bonus.com\/de\/bet365-gutschein-code\/#primaryimage\",\"url\":\"https:\/\/bet-bonus.com\/de\/wp-content\/uploads\/sites\/2\/2017\/12\/author-de-3.jpg\",\"contentUrl\":\"https:\/\/bet-bonus.com\/de\/wp-content\/uploads\/sites\/2\/2017\/12\/author-de-3.jpg\"},{\"@type\":\"BreadcrumbList\",\"@id\":\"https:\/\/bet-bonus.com\/de\/bet365-gutschein-code\/#breadcrumb\",\"itemListElement\":[{\"@type\":\"ListItem\",\"position\":1,\"name\":\"Home\",\"item\":\"https:\/\/bet-bonus.com\/de\/\"},{\"@type\":\"ListItem\",\"position\":2,\"name\":\"Bet365 Gutschein Code auch ohne Einzahlung verf\u00fcgbar?\"}]},{\"@type\":\"WebSite\",\"@id\":\"https:\/\/bet-bonus.com\/de\/#website\",\"url\":\"https:\/\/bet-bonus.com\/de\/\",\"name\":\"bet-bonus.com German\",\"description\":\"\",\"potentialAction\":[{\"@type\":\"SearchAction\",\"target\":{\"@type\":\"EntryPoint\",\"urlTemplate\":\"https:\/\/bet-bonus.com\/de\/?s={search_term_string}\"},\"query-input\":{\"@type\":\"PropertyValueSpecification\",\"valueRequired\":true,\"valueName\":\"search_term_string\"}}],\"inLanguage\":\"de\"}]}<\/script>\n<!-- \/ Yoast SEO plugin. -->","yoast_head_json":{"title":"Bet365 Gutschein Code ohne Einzahlung April 2026","robots":{"index":"index","follow":"follow","max-snippet":"max-snippet:-1","max-image-preview":"max-image-preview:large","max-video-preview":"max-video-preview:-1"},"canonical":"https:\/\/bet-bonus.com\/de\/bet365-gutschein-code\/","og_locale":"de_DE","og_type":"article","og_title":"Bet365 Gutschein Code ohne Einzahlung April 2026","og_url":"https:\/\/bet-bonus.com\/de\/bet365-gutschein-code\/","og_site_name":"bet-bonus.com German","article_modified_time":"2023-07-14T15:32:56+00:00","og_image":[{"url":"https:\/\/bet-bonus.com\/de\/wp-content\/uploads\/sites\/2\/2017\/12\/author-de-3.jpg","type":"","width":"","height":""}],"twitter_card":"summary_large_image","twitter_misc":{"Gesch\u00e4tzte Lesezeit":"4\u00a0Minuten"},"schema":{"@context":"https:\/\/schema.org","@graph":[{"@type":"WebPage","@id":"https:\/\/bet-bonus.com\/de\/bet365-gutschein-code\/","url":"https:\/\/bet-bonus.com\/de\/bet365-gutschein-code\/","name":"Bet365 Gutschein Code ohne Einzahlung [month_name] [year]","isPartOf":{"@id":"https:\/\/bet-bonus.com\/de\/#website"},"primaryImageOfPage":{"@id":"https:\/\/bet-bonus.com\/de\/bet365-gutschein-code\/#primaryimage"},"image":{"@id":"https:\/\/bet-bonus.com\/de\/bet365-gutschein-code\/#primaryimage"},"thumbnailUrl":"https:\/\/bet-bonus.com\/de\/wp-content\/uploads\/sites\/2\/2017\/12\/author-de-3.jpg","datePublished":"2015-04-23T13:37:16+00:00","dateModified":"2023-07-14T15:32:56+00:00","breadcrumb":{"@id":"https:\/\/bet-bonus.com\/de\/bet365-gutschein-code\/#breadcrumb"},"inLanguage":"de","potentialAction":[{"@type":"ReadAction","target":["https:\/\/bet-bonus.com\/de\/bet365-gutschein-code\/"]}]},{"@type":"ImageObject","inLanguage":"de","@id":"https:\/\/bet-bonus.com\/de\/bet365-gutschein-code\/#primaryimage","url":"https:\/\/bet-bonus.com\/de\/wp-content\/uploads\/sites\/2\/2017\/12\/author-de-3.jpg","contentUrl":"https:\/\/bet-bonus.com\/de\/wp-content\/uploads\/sites\/2\/2017\/12\/author-de-3.jpg"},{"@type":"BreadcrumbList","@id":"https:\/\/bet-bonus.com\/de\/bet365-gutschein-code\/#breadcrumb","itemListElement":[{"@type":"ListItem","position":1,"name":"Home","item":"https:\/\/bet-bonus.com\/de\/"},{"@type":"ListItem","position":2,"name":"Bet365 Gutschein Code auch ohne Einzahlung verf\u00fcgbar?"}]},{"@type":"WebSite","@id":"https:\/\/bet-bonus.com\/de\/#website","url":"https:\/\/bet-bonus.com\/de\/","name":"bet-bonus.com German","description":"","potentialAction":[{"@type":"SearchAction","target":{"@type":"EntryPoint","urlTemplate":"https:\/\/bet-bonus.com\/de\/?s={search_term_string}"},"query-input":{"@type":"PropertyValueSpecification","valueRequired":true,"valueName":"search_term_string"}}],"inLanguage":"de"}]}},"_links":{"self":[{"href":"https:\/\/bet-bonus.com\/de\/wp-json\/wp\/v2\/pages\/20","targetHints":{"allow":["GET"]}}],"collection":[{"href":"https:\/\/bet-bonus.com\/de\/wp-json\/wp\/v2\/pages"}],"about":[{"href":"https:\/\/bet-bonus.com\/de\/wp-json\/wp\/v2\/types\/page"}],"author":[{"embeddable":true,"href":"https:\/\/bet-bonus.com\/de\/wp-json\/wp\/v2\/users\/1"}],"replies":[{"embeddable":true,"href":"https:\/\/bet-bonus.com\/de\/wp-json\/wp\/v2\/comments?post=20"}],"version-history":[{"count":11,"href":"https:\/\/bet-bonus.com\/de\/wp-json\/wp\/v2\/pages\/20\/revisions"}],"predecessor-version":[{"id":1610,"href":"https:\/\/bet-bonus.com\/de\/wp-json\/wp\/v2\/pages\/20\/revisions\/1610"}],"wp:attachment":[{"href":"https:\/\/bet-bonus.com\/de\/wp-json\/wp\/v2\/media?parent=20"}],"wp:term":[{"taxonomy":"category","embeddable":true,"href":"https:\/\/bet-bonus.com\/de\/wp-json\/wp\/v2\/categories?post=20"},{"taxonomy":"post_tag","embeddable":true,"href":"https:\/\/bet-bonus.com\/de\/wp-json\/wp\/v2\/tags?post=20"}],"curies":[{"name":"wp","href":"https:\/\/api.w.org\/{rel}","templated":true}]}}