{"id":24,"date":"2015-04-23T15:52:48","date_gmt":"2015-04-23T13:52:48","guid":{"rendered":"http:\/\/bet-bonus.com\/de\/?page_id=24"},"modified":"2023-07-14T15:22:28","modified_gmt":"2023-07-14T15:22:28","slug":"bet365-freispiele","status":"publish","type":"page","link":"https:\/\/bet-bonus.com\/de\/bet365-freispiele\/","title":{"rendered":"Kostenlos an Onlineslots im bet365 Casino spielen &#8211; meine Erfahrungen"},"content":{"rendered":"<p class=\"text-justify\"><img decoding=\"async\" src=\"https:\/\/bet-bonus.com\/de\/wp-content\/uploads\/sites\/2\/2017\/12\/author-de-6.jpg\" alt=\"\" width=\"724\" height=\"13\" \/><\/p>\r\n<p class=\"text-justify\">Mit den Bonus Spins, die Ihnen im Casino von bet365 geboten werden, k\u00f6nnen Sie unterschiedliche Slotautomaten nutzen, ohne daf\u00fcr Geld ausgeben zu m\u00fcssen. Der Vorteil dieser Promotionen ist dabei nicht nur, dass Sie ohne finanzielles Risiko im Online Casino spielen k\u00f6nnen.<\/p>\r\n<p class=\"text-justify\">Genauso sollte nocfh als Vorteil benannt werden, dass Sie durch den Einsatz der Bonusspiele, an den Slots gewinnen k\u00f6nnen. Die Gewinnchancen bei der Verwendung der Gratisdrehs fallen genauso hoch wie im regul\u00e4ren Betrieb an den Slots aus, sodass Sie mit etwas Gl\u00fcck einen guten Gewinn erspielen k\u00f6nnen, all diese von mir gemachten Erfahrungen weite ich hier noch etwas f\u00fcr Sie aus.<\/p>\r\n<div id=\"operator-closed-wrapper\">\n    <div id=\"operator-closed\" class=\"operator-closed-body\">\n        <div class=\"operator-closed-message \">\n            <div><b>Werfen Sie lieber einen Blick auf diese Top Anbieter<\/b>\n                             <\/div>\n        <\/div>\n\n        <div class=\"row operator-closed-box-container\">\n                                <div class=\"col-lg-4 col-md-6 col-sm-4 col-xs-12\">\n                        <div class=\"operator-closed-box\">\n                            <span class=\"operator-box-header\"><img decoding=\"async\" src=\"\/deutsch\/assets\/logos\/sport\/light-back\/tipbet.png\" width=\"auto\" height=\"auto\" alt=\"Tipbet\" \/><\/span>                            <div class=\"operator-closed-box-stars\">\n                                <span>210\u20ac <\/span>MAXIMALER BONUS                            <\/div>\n\n                            <div class=\"claim-bonus-code button-bottom\">\n                                 <span class=\"cursored button js-golink hvr-outline-in sidebar-operator-btn\"  onclick=\"OpenGoLink(this);\" data-operator=\"286\" data-bonus=\"1605\"   data-clicks=\"5\"data-type=\"sport\" >jetzt registrieren<i class=\"fa fa-chevron-right\" aria-hidden=\"true\"><\/i> <\/span>                             <\/div><!-- \/.claim-bonus-code -->\n                        <\/div>\n                    <\/div>\n                            <\/div>\n    <\/div>\n<\/div>\r\n<h2 class=\"text-left\">Welche Angebote f\u00fcr Bonusspiele ohne Einzahlung gibt es im Casino von Bet365<\/h2>\r\n<p class=\"text-justify\">Als Bestandskunde bei bet365 k\u00f6nnen Sie zuerst einmal an den Bonusslots unterschiedlich viele Bonus Spins gewinnen, ohne vorher unbedingt eine Einzahlung get\u00e4tigt haben zu m\u00fcssen. F\u00fcr den Erhalt dieser Gratisdrehs m\u00fcssen Sie lediglich etwas Gl\u00fcck haben, um die richtigen Gewinnlinien zu erreichen. Die zweite M\u00f6glichkeit ist es, Partnerwebseiten zu besuchen, auf denen mitunter 5 bis 20 Freispiele f\u00fcr die Slots im Casino von bet365 angeboten werden. Diese Promotionen schalten Sie durch die Eingabe von einem Bonuscode frei, um sie flexibel verwenden zu k\u00f6nnen.<\/p>\r\n\r\n<h2 class=\"text-left\">Die beiden Arten zum Erhalt der kostenlosen Bonusspiele ohne Einzahlung<\/h2>\r\n<p class=\"text-justify\"><strong>Die Bonusdrehungen ohne Einzahlung als Gewinn an den Slots:<\/strong><\/p>\r\n\r\n<ul>\r\n \t<li>Melden Sie sich bei bet365 an oder loggen Sie sich in Ihr Konto ein.<\/li>\r\n \t<li>Spielen Sie an den verschiedenen Bonusslots.<\/li>\r\n \t<li>Gewinnen Sie unterschiedlich viele Gratisdrehs ohne Einzahlung.<\/li>\r\n<\/ul>\r\n<p class=\"text-justify\"><strong>Die Bonusdrehungen ohne Einzahlung von Partnerwebseiten:<\/strong><\/p>\r\n\r\n<ul>\r\n \t<li>\u00dcber die Partnerwebseiten finden Sie die Bonusangebote f\u00fcr Bonusspiele.<\/li>\r\n \t<li>Merken Sie sich den n\u00f6tigen Bonuscode.<\/li>\r\n \t<li>F\u00fcgen Sie den Code auf der Webseite von, bet365 in Ihrem Kundenkonto ein.<\/li>\r\n \t<li>Erhalten Sie die angegebene Anzahl an Gratisspielen.<\/li>\r\n<\/ul>\r\n<h2 class=\"text-left\">K\u00f6nnen Sie sich weitere Bonusspiele per Einzahlung auf Ihr Konto gutschreiben lassen<\/h2>\r\n<p class=\"text-justify\">Die Gratis Spins ohne Einzahlung, die im Casino von bet365 und auf Partnerwebseiten angeboten werden, sind aktuell die einzigen M\u00f6glichkeiten, wie Sie kostenlos an den Slots spielen k\u00f6nnen. In der Zukunft oder im Zuge von besonderen Aktionen kann es aber dazu kommen, das Gratisdrehs per Einzahlung freigeschaltet werden k\u00f6nnen.<\/p>\r\n\r\n<h2 class=\"text-left\">Welche Codes m\u00fcssen f\u00fcr die Bonusspiele eingeben werden<\/h2>\r\n<p class=\"text-justify\">F\u00fcr die Gratisdrehs, die \u00fcber Partnerwebseiten angeboten werden, m\u00fcssen Sie meist eine spezielle Buchstaben- und Nummernkombination eingeben. Diese Kombinationen bestehen aus weniger als 10 Zeichen und k\u00f6nnen entsprechend unkompliziert, auf der Webseite von bet365 eingegeben werden. Erst wenn der <a href=\"https:\/\/bet-bonus.com\/de\/bet365-gutschein-code\/\">Code<\/a> akzeptiert wurde, werden Ihnen die angegebenen Freispiele gutgeschrieben.<\/p>\r\n\r\n<h2 class=\"text-left\">Der korrekte Einsatz der unterschiedlichen Bonusspiele<\/h2>\r\n<p class=\"text-justify\">Je nachdem um welche Art von Gratisdrehs es sich handelt, k\u00f6nnen Sie diese an unterschiedlichen Automaten im Casino von bet365 einsetzen. Die No Deposit Bonusspins von Partnerwebseiten k\u00f6nnen in den meisten F\u00e4llen an allen Slots zum Einsatz kommen. Die Freispiele von den Bonusslots sind hingegen an die jeweiligen Automaten gebunden.<\/p>\r\n\r\n<h2 class=\"text-left\">Das Fazit zu dem Bonusangebot von Bet365<\/h2>\r\n<p class=\"text-justify\">Die Kunden k\u00f6nnen leider nur ein vergleichsweise kleines Angebot an Bonusspielen in Anspruch nehmen, um mit diesen kostenlos an den Slots zu spielen. Diese kleine Auswahl macht es f\u00fcr die meisten Spieler dabei nur selten m\u00f6glich, die Bonus Spins in Anspruch nehmen zu k\u00f6nnen. Insgesamt ist das Angebot der Bonusspiele von bet365 somit nicht weiter zu empfehlen, reicht aber f\u00fcr jeden User aus, der keinen gro\u00dfen Wert auf diese Promotionen legt.<\/p>\r\n<p class=\"text-center\">18+ bet-bonus.com unterst\u00fctzt verantwortungsvolles Spielen! | Dies ist ein kommerzieller Inhalt<\/p>\r\n<p class=\"text-center\">Bitte beachten Sie die Teilnahmebedingungen | Dieses Angebot gilt explizit nur f\u00fcr Neukunden<\/p>","protected":false},"excerpt":{"rendered":"Mit den Bonus Spins, die Ihnen im Casino von bet365 geboten werden, k\u00f6nnen Sie unterschiedliche Slotautomaten nutzen, ohne daf\u00fcr Geld ausgeben zu m\u00fcssen. Der Vorteil dieser Promotionen ist dabei nicht nur, dass Sie ohne finanzielles Risiko im Online Casino spielen k\u00f6nnen. Genauso sollte nocfh als Vorteil benannt werden, dass Sie durch den Einsatz der Bonusspiele, [&hellip;]","protected":false},"author":1,"featured_media":0,"parent":0,"menu_order":0,"comment_status":"open","ping_status":"open","template":"","meta":{"footnotes":""},"categories":[],"tags":[],"class_list":["post-24","page","type-page","status-publish","hentry"],"yoast_head":"<!-- This site is optimized with the Yoast SEO plugin v26.7 - https:\/\/yoast.com\/wordpress\/plugins\/seo\/ -->\n<title>Bet365 Bonus Spins ohne Einzahlung April 2026<\/title>\n<meta name=\"robots\" content=\"index, follow, max-snippet:-1, max-image-preview:large, max-video-preview:-1\" \/>\n<link rel=\"canonical\" href=\"https:\/\/bet-bonus.com\/de\/bet365-freispiele\/\" \/>\n<meta property=\"og:locale\" content=\"de_DE\" \/>\n<meta property=\"og:type\" content=\"article\" \/>\n<meta property=\"og:title\" content=\"Bet365 Bonus Spins ohne Einzahlung April 2026\" \/>\n<meta property=\"og:url\" content=\"https:\/\/bet-bonus.com\/de\/bet365-freispiele\/\" \/>\n<meta property=\"og:site_name\" content=\"bet-bonus.com German\" \/>\n<meta property=\"article:modified_time\" content=\"2023-07-14T15:22:28+00:00\" \/>\n<meta property=\"og:image\" content=\"https:\/\/bet-bonus.com\/de\/wp-content\/uploads\/sites\/2\/2017\/12\/author-de-6.jpg\" \/>\n<meta name=\"twitter:card\" content=\"summary_large_image\" \/>\n<meta name=\"twitter:label1\" content=\"Gesch\u00e4tzte Lesezeit\" \/>\n\t<meta name=\"twitter:data1\" content=\"4\u00a0Minuten\" \/>\n<script type=\"application\/ld+json\" class=\"yoast-schema-graph\">{\"@context\":\"https:\/\/schema.org\",\"@graph\":[{\"@type\":\"WebPage\",\"@id\":\"https:\/\/bet-bonus.com\/de\/bet365-freispiele\/\",\"url\":\"https:\/\/bet-bonus.com\/de\/bet365-freispiele\/\",\"name\":\"Bet365 Bonus Spins ohne Einzahlung [month_name] [year]\",\"isPartOf\":{\"@id\":\"https:\/\/bet-bonus.com\/de\/#website\"},\"primaryImageOfPage\":{\"@id\":\"https:\/\/bet-bonus.com\/de\/bet365-freispiele\/#primaryimage\"},\"image\":{\"@id\":\"https:\/\/bet-bonus.com\/de\/bet365-freispiele\/#primaryimage\"},\"thumbnailUrl\":\"https:\/\/bet-bonus.com\/de\/wp-content\/uploads\/sites\/2\/2017\/12\/author-de-6.jpg\",\"datePublished\":\"2015-04-23T13:52:48+00:00\",\"dateModified\":\"2023-07-14T15:22:28+00:00\",\"breadcrumb\":{\"@id\":\"https:\/\/bet-bonus.com\/de\/bet365-freispiele\/#breadcrumb\"},\"inLanguage\":\"de\",\"potentialAction\":[{\"@type\":\"ReadAction\",\"target\":[\"https:\/\/bet-bonus.com\/de\/bet365-freispiele\/\"]}]},{\"@type\":\"ImageObject\",\"inLanguage\":\"de\",\"@id\":\"https:\/\/bet-bonus.com\/de\/bet365-freispiele\/#primaryimage\",\"url\":\"https:\/\/bet-bonus.com\/de\/wp-content\/uploads\/sites\/2\/2017\/12\/author-de-6.jpg\",\"contentUrl\":\"https:\/\/bet-bonus.com\/de\/wp-content\/uploads\/sites\/2\/2017\/12\/author-de-6.jpg\"},{\"@type\":\"BreadcrumbList\",\"@id\":\"https:\/\/bet-bonus.com\/de\/bet365-freispiele\/#breadcrumb\",\"itemListElement\":[{\"@type\":\"ListItem\",\"position\":1,\"name\":\"Home\",\"item\":\"https:\/\/bet-bonus.com\/de\/\"},{\"@type\":\"ListItem\",\"position\":2,\"name\":\"Kostenlos an Onlineslots im bet365 Casino spielen - meine Erfahrungen\"}]},{\"@type\":\"WebSite\",\"@id\":\"https:\/\/bet-bonus.com\/de\/#website\",\"url\":\"https:\/\/bet-bonus.com\/de\/\",\"name\":\"bet-bonus.com German\",\"description\":\"\",\"potentialAction\":[{\"@type\":\"SearchAction\",\"target\":{\"@type\":\"EntryPoint\",\"urlTemplate\":\"https:\/\/bet-bonus.com\/de\/?s={search_term_string}\"},\"query-input\":{\"@type\":\"PropertyValueSpecification\",\"valueRequired\":true,\"valueName\":\"search_term_string\"}}],\"inLanguage\":\"de\"}]}<\/script>\n<!-- \/ Yoast SEO plugin. -->","yoast_head_json":{"title":"Bet365 Bonus Spins ohne Einzahlung April 2026","robots":{"index":"index","follow":"follow","max-snippet":"max-snippet:-1","max-image-preview":"max-image-preview:large","max-video-preview":"max-video-preview:-1"},"canonical":"https:\/\/bet-bonus.com\/de\/bet365-freispiele\/","og_locale":"de_DE","og_type":"article","og_title":"Bet365 Bonus Spins ohne Einzahlung April 2026","og_url":"https:\/\/bet-bonus.com\/de\/bet365-freispiele\/","og_site_name":"bet-bonus.com German","article_modified_time":"2023-07-14T15:22:28+00:00","og_image":[{"url":"https:\/\/bet-bonus.com\/de\/wp-content\/uploads\/sites\/2\/2017\/12\/author-de-6.jpg","type":"","width":"","height":""}],"twitter_card":"summary_large_image","twitter_misc":{"Gesch\u00e4tzte Lesezeit":"4\u00a0Minuten"},"schema":{"@context":"https:\/\/schema.org","@graph":[{"@type":"WebPage","@id":"https:\/\/bet-bonus.com\/de\/bet365-freispiele\/","url":"https:\/\/bet-bonus.com\/de\/bet365-freispiele\/","name":"Bet365 Bonus Spins ohne Einzahlung [month_name] [year]","isPartOf":{"@id":"https:\/\/bet-bonus.com\/de\/#website"},"primaryImageOfPage":{"@id":"https:\/\/bet-bonus.com\/de\/bet365-freispiele\/#primaryimage"},"image":{"@id":"https:\/\/bet-bonus.com\/de\/bet365-freispiele\/#primaryimage"},"thumbnailUrl":"https:\/\/bet-bonus.com\/de\/wp-content\/uploads\/sites\/2\/2017\/12\/author-de-6.jpg","datePublished":"2015-04-23T13:52:48+00:00","dateModified":"2023-07-14T15:22:28+00:00","breadcrumb":{"@id":"https:\/\/bet-bonus.com\/de\/bet365-freispiele\/#breadcrumb"},"inLanguage":"de","potentialAction":[{"@type":"ReadAction","target":["https:\/\/bet-bonus.com\/de\/bet365-freispiele\/"]}]},{"@type":"ImageObject","inLanguage":"de","@id":"https:\/\/bet-bonus.com\/de\/bet365-freispiele\/#primaryimage","url":"https:\/\/bet-bonus.com\/de\/wp-content\/uploads\/sites\/2\/2017\/12\/author-de-6.jpg","contentUrl":"https:\/\/bet-bonus.com\/de\/wp-content\/uploads\/sites\/2\/2017\/12\/author-de-6.jpg"},{"@type":"BreadcrumbList","@id":"https:\/\/bet-bonus.com\/de\/bet365-freispiele\/#breadcrumb","itemListElement":[{"@type":"ListItem","position":1,"name":"Home","item":"https:\/\/bet-bonus.com\/de\/"},{"@type":"ListItem","position":2,"name":"Kostenlos an Onlineslots im bet365 Casino spielen - meine Erfahrungen"}]},{"@type":"WebSite","@id":"https:\/\/bet-bonus.com\/de\/#website","url":"https:\/\/bet-bonus.com\/de\/","name":"bet-bonus.com German","description":"","potentialAction":[{"@type":"SearchAction","target":{"@type":"EntryPoint","urlTemplate":"https:\/\/bet-bonus.com\/de\/?s={search_term_string}"},"query-input":{"@type":"PropertyValueSpecification","valueRequired":true,"valueName":"search_term_string"}}],"inLanguage":"de"}]}},"_links":{"self":[{"href":"https:\/\/bet-bonus.com\/de\/wp-json\/wp\/v2\/pages\/24","targetHints":{"allow":["GET"]}}],"collection":[{"href":"https:\/\/bet-bonus.com\/de\/wp-json\/wp\/v2\/pages"}],"about":[{"href":"https:\/\/bet-bonus.com\/de\/wp-json\/wp\/v2\/types\/page"}],"author":[{"embeddable":true,"href":"https:\/\/bet-bonus.com\/de\/wp-json\/wp\/v2\/users\/1"}],"replies":[{"embeddable":true,"href":"https:\/\/bet-bonus.com\/de\/wp-json\/wp\/v2\/comments?post=24"}],"version-history":[{"count":3,"href":"https:\/\/bet-bonus.com\/de\/wp-json\/wp\/v2\/pages\/24\/revisions"}],"predecessor-version":[{"id":1607,"href":"https:\/\/bet-bonus.com\/de\/wp-json\/wp\/v2\/pages\/24\/revisions\/1607"}],"wp:attachment":[{"href":"https:\/\/bet-bonus.com\/de\/wp-json\/wp\/v2\/media?parent=24"}],"wp:term":[{"taxonomy":"category","embeddable":true,"href":"https:\/\/bet-bonus.com\/de\/wp-json\/wp\/v2\/categories?post=24"},{"taxonomy":"post_tag","embeddable":true,"href":"https:\/\/bet-bonus.com\/de\/wp-json\/wp\/v2\/tags?post=24"}],"curies":[{"name":"wp","href":"https:\/\/api.w.org\/{rel}","templated":true}]}}