{"id":28,"date":"2015-04-23T15:55:35","date_gmt":"2015-04-23T13:55:35","guid":{"rendered":"http:\/\/bet-bonus.com\/de\/?page_id=28"},"modified":"2023-07-14T15:12:20","modified_gmt":"2023-07-14T15:12:20","slug":"bet365-bonus-ohne-einzahlung","status":"publish","type":"page","link":"https:\/\/bet-bonus.com\/de\/bet365-bonus-ohne-einzahlung\/","title":{"rendered":"Bet365 Bonus ohne Einzahlung f\u00fcr Neu- und Bestandskunden"},"content":{"rendered":"<p><img decoding=\"async\" class=\"alignnone size-full wp-image-1167\" src=\"https:\/\/bet-bonus.com\/de\/wp-content\/uploads\/sites\/2\/2017\/12\/author-dea6.jpg\" alt=\"\" width=\"724\" height=\"13\" \/><\/p>\r\n<p style=\"text-align: justify;\">Jeder Bonus ohne Einzahlung der bei bet365 angeboten wird, erm\u00f6glicht es mir als User auch andere Promotion in Anspruch zu nehmen. Als Beispiel war es mir unter anderem m\u00f6glich, den Gewinn bei bestimmten Wetten zu steigern oder mehr Gewinnm\u00f6glichkeiten geboten zu bekommen. Die Verwendung dieser Boni erm\u00f6glichte mir jedoch nicht nur h\u00f6here Geldgewinne, sondern gestaltete das Wetten auf bet365 auch abwechslungsreicher. Dies ist besonders sinnvoll f\u00fcr langj\u00e4hrige Bestandskunden, die nach etwas Abwechslung gegen\u00fcber der normalen Sportwetten suchen. Weiterhin ist zu benennen, dass die Bonusaktionen ohne Einzahlungen von bet365 immer wieder erweitert werden k\u00f6nnen, um den Kunden noch mehr Abwechslung und Gewinnm\u00f6glichkeiten zu bieten, so habe ich es jedenfall bei meinen Beobachtungen wahrgenommen.<\/p>\r\n<div id=\"operator-closed-wrapper\">\n    <div id=\"operator-closed\" class=\"operator-closed-body\">\n        <div class=\"operator-closed-message \">\n            <div><b>Werfen Sie lieber einen Blick auf diese Top Anbieter<\/b>\n                             <\/div>\n        <\/div>\n\n        <div class=\"row operator-closed-box-container\">\n                                <div class=\"col-lg-4 col-md-6 col-sm-4 col-xs-12\">\n                        <div class=\"operator-closed-box\">\n                            <span class=\"operator-box-header\"><img decoding=\"async\" src=\"\/deutsch\/assets\/logos\/sport\/light-back\/tipbet.png\" width=\"auto\" height=\"auto\" alt=\"Tipbet\" \/><\/span>                            <div class=\"operator-closed-box-stars\">\n                                <span>210\u20ac <\/span>MAXIMALER BONUS                            <\/div>\n\n                            <div class=\"claim-bonus-code button-bottom\">\n                                 <span class=\"cursored button js-golink hvr-outline-in sidebar-operator-btn\"  onclick=\"OpenGoLink(this);\" data-operator=\"286\" data-bonus=\"1605\"   data-clicks=\"5\"data-type=\"sport\" >jetzt registrieren<i class=\"fa fa-chevron-right\" aria-hidden=\"true\"><\/i> <\/span>                             <\/div><!-- \/.claim-bonus-code -->\n                        <\/div>\n                    <\/div>\n                            <\/div>\n    <\/div>\n<\/div>\r\n<h2>Die unterschiedlichen Wettbonus Angebote ohne Einzahlung bei bet365<\/h2>\r\n<p style=\"text-align: justify;\">Zuerst einmal ist es mir als Kunden m\u00f6glich, bei unterschiedlichen Sportveranstaltungen einen Prozent Aufschlag <a href=\"https:\/\/bet-bonus.com\/de\/\">Bonus<\/a> zu erhalten, wenn ich den Ausgang der Sportevents richtig getippt haben sollten. F\u00fcr den Erhalt einer solchen Promotion Aktion muss ich nur eine Kombiwette abschliessen und diese durchgehen. Der m\u00f6gliche Bonus wird dann anhand dieser Wette berechnet. Bei einer 2er-Kombiwette f\u00e4llt der m\u00f6gliche Bonus nat\u00fcrlich geringer aus, als bei einer 14er-Kombiwette. Es gibt eine Reihe Sportevents, bei denen solchen Promotionen angeboten werden, ich habe Fu\u00dfball, Basketball oder auch Tennis dazu nutzen k\u00f6nnen. Eine zweite Art des Wett Bonus ohne Einzahlung ist der Erhalt von einer risikofreien Wette beim Hunderennen. Um diese zu bekommen, m\u00fcssen die User nur eine Wette mit einer vorgegebenen Mindestquote auf den Sieger eines Rennens abschlie\u00dfen. Anschlie\u00dfend kann bei allen Hunderennen die live im TV \u00fcbertragen werden, die risikofreie Wette abgeschlossen werden, so geben es f\u00fcr mich die Info Beschreibungen zu diesem Angebot her. Zuletzt gibt es noch die M\u00f6glichkeit, beim Rugby eine zus\u00e4tzliche Chance auf einen Gewinn zu erm\u00f6glichen, wenn das Spiel in die Verl\u00e4ngerung gehen sollte. Dies bedeutet, dass die regul\u00e4re Wette der Spieler auch in der Verl\u00e4ngerung noch ihre G\u00fcltigkeit beh\u00e4lt, wenn diese im eigentlichen Spiel nicht erfolgreich war. Somit k\u00f6nnen die Gewinnchancen verbessert werden. Wichtig bei allen angebotenen Boni ohne Einzahlung zu wissen ist, dass sich bet365 das Recht vorbeh\u00e4lt, Kunden von den Promotionen auszuschlie\u00dfen. Hierf\u00fcr kann es mehrere Gr\u00fcnde geben, wie ein Verdacht auf Betrug. Ebenso k\u00f6nnen die Boni jederzeit von dem Online Buchmacher abge\u00e4ndert werden.<\/p>\r\n\r\n<h2>Ohne gro\u00dfen Aufwand, die Boni ohne Einzahlung in Anspruch nehmen<\/h2>\r\n<p style=\"text-align: justify;\">Bei dem Online Buchmacher bet365 werden unterschiedliche Boni ohne Einzahlung angeboten, die entsprechend nur bei bestimmten Sportarten genutzt werden k\u00f6nnen. Im Grunde handelt es sich jedoch immer um die gleiche Art von Bonus, die entsprechend immer gleichbleibend in Anspruch genommen werden k\u00f6nnen. Hierf\u00fcr m\u00fcssen die User nur folgende Schritte durchf\u00fchren:<\/p>\r\n\r\n<ul>\r\n \t<li>Die User m\u00fcssen sich auf der Webseite einloggen oder ein neues Kundenkonto erstellen.<\/li>\r\n \t<li>Die Auswahl der unterschiedlichen Sportevents, bei denen ein Bonus ohne Einzahlung angeboten wird.<\/li>\r\n \t<li>Die Platzierung der gew\u00fcnschten Geldsummen auf die Bonus Wetten.<\/li>\r\n \t<li>Das Abwarten des Sportevents, um seinen m\u00f6glichen Gewinn ermitteln zu k\u00f6nnen.<\/li>\r\n \t<li>Der Erhalt der jeweiligen Boni, die bei den Wetten angeboten wurden.<\/li>\r\n<\/ul>\r\n<h2>Die Bonus Bewertung der Promo Aktionen ohne Einzahlung von bet365<\/h2>\r\n<p style=\"text-align: justify;\">Bestandskunden bei dem Online Buchmacher bet365 werden zahlreiche M\u00f6glichkeiten geboten, um Boni ohne eine Einzahlung in Anspruch nehmen zu k\u00f6nnen. F\u00fcr diesen Zweck m\u00fcssen nur die passenden Wetten platziert und gewonnen werden. Anschlie\u00dfend k\u00f6nnen sich die Spieler den jeweiligen Bonusbetrag schnell auszahlen lassen oder die risikofreie Wette verwenden. Entsprechend m\u00fcssen keine umfangreichen Umsatzbedingungen erf\u00fcllt werden, die die Verwendung der Boni nur verkomplizieren w\u00fcrde. Mit diesen durchaus guten Eigenschaften, sind die Bonus Aktionen ohne Einzahlung von bet365 durchaus weiter zu empfehlen, dies stelle ich nach meinen eigenen umfangreichen Tests fest.<\/p>\r\n<p style=\"text-align: justify;\">18+ bet-bonus.com unterst\u00fctzt verantwortungsvolles Spielen! | Dies ist ein kommerzieller Inhalt<\/p>\r\n<p style=\"text-align: justify;\">Bitte beachten Sie die Teilnahmebedingungen | Dieses Angebot gilt explizit nur f\u00fcr Neukunden<\/p>","protected":false},"excerpt":{"rendered":"Jeder Bonus ohne Einzahlung der bei bet365 angeboten wird, erm\u00f6glicht es mir als User auch andere Promotion in Anspruch zu nehmen. Als Beispiel war es mir unter anderem m\u00f6glich, den Gewinn bei bestimmten Wetten zu steigern oder mehr Gewinnm\u00f6glichkeiten geboten zu bekommen. Die Verwendung dieser Boni erm\u00f6glichte mir jedoch nicht nur h\u00f6here Geldgewinne, sondern gestaltete [&hellip;]","protected":false},"author":1,"featured_media":0,"parent":0,"menu_order":0,"comment_status":"open","ping_status":"open","template":"","meta":{"footnotes":""},"categories":[],"tags":[],"class_list":["post-28","page","type-page","status-publish","hentry"],"yoast_head":"<!-- This site is optimized with the Yoast SEO plugin v26.7 - https:\/\/yoast.com\/wordpress\/plugins\/seo\/ -->\n<title>Bet365 Bonus ohne Einzahlung April 2026!<\/title>\n<meta name=\"robots\" content=\"index, follow, max-snippet:-1, max-image-preview:large, max-video-preview:-1\" \/>\n<link rel=\"canonical\" href=\"https:\/\/bet-bonus.com\/de\/bet365-bonus-ohne-einzahlung\/\" \/>\n<meta property=\"og:locale\" content=\"de_DE\" \/>\n<meta property=\"og:type\" content=\"article\" \/>\n<meta property=\"og:title\" content=\"Bet365 Bonus ohne Einzahlung April 2026!\" \/>\n<meta property=\"og:url\" content=\"https:\/\/bet-bonus.com\/de\/bet365-bonus-ohne-einzahlung\/\" \/>\n<meta property=\"og:site_name\" content=\"bet-bonus.com German\" \/>\n<meta property=\"article:modified_time\" content=\"2023-07-14T15:12:20+00:00\" \/>\n<meta property=\"og:image\" content=\"https:\/\/bet-bonus.com\/de\/wp-content\/uploads\/sites\/2\/2017\/12\/author-dea6.jpg\" \/>\n<meta name=\"twitter:card\" content=\"summary_large_image\" \/>\n<meta name=\"twitter:label1\" content=\"Gesch\u00e4tzte Lesezeit\" \/>\n\t<meta name=\"twitter:data1\" content=\"3\u00a0Minuten\" \/>\n<script type=\"application\/ld+json\" class=\"yoast-schema-graph\">{\"@context\":\"https:\/\/schema.org\",\"@graph\":[{\"@type\":\"WebPage\",\"@id\":\"https:\/\/bet-bonus.com\/de\/bet365-bonus-ohne-einzahlung\/\",\"url\":\"https:\/\/bet-bonus.com\/de\/bet365-bonus-ohne-einzahlung\/\",\"name\":\"Bet365 Bonus ohne Einzahlung [month_name] [year]!\",\"isPartOf\":{\"@id\":\"https:\/\/bet-bonus.com\/de\/#website\"},\"primaryImageOfPage\":{\"@id\":\"https:\/\/bet-bonus.com\/de\/bet365-bonus-ohne-einzahlung\/#primaryimage\"},\"image\":{\"@id\":\"https:\/\/bet-bonus.com\/de\/bet365-bonus-ohne-einzahlung\/#primaryimage\"},\"thumbnailUrl\":\"https:\/\/bet-bonus.com\/de\/wp-content\/uploads\/sites\/2\/2017\/12\/author-dea6.jpg\",\"datePublished\":\"2015-04-23T13:55:35+00:00\",\"dateModified\":\"2023-07-14T15:12:20+00:00\",\"breadcrumb\":{\"@id\":\"https:\/\/bet-bonus.com\/de\/bet365-bonus-ohne-einzahlung\/#breadcrumb\"},\"inLanguage\":\"de\",\"potentialAction\":[{\"@type\":\"ReadAction\",\"target\":[\"https:\/\/bet-bonus.com\/de\/bet365-bonus-ohne-einzahlung\/\"]}]},{\"@type\":\"ImageObject\",\"inLanguage\":\"de\",\"@id\":\"https:\/\/bet-bonus.com\/de\/bet365-bonus-ohne-einzahlung\/#primaryimage\",\"url\":\"https:\/\/bet-bonus.com\/de\/wp-content\/uploads\/sites\/2\/2017\/12\/author-dea6.jpg\",\"contentUrl\":\"https:\/\/bet-bonus.com\/de\/wp-content\/uploads\/sites\/2\/2017\/12\/author-dea6.jpg\"},{\"@type\":\"BreadcrumbList\",\"@id\":\"https:\/\/bet-bonus.com\/de\/bet365-bonus-ohne-einzahlung\/#breadcrumb\",\"itemListElement\":[{\"@type\":\"ListItem\",\"position\":1,\"name\":\"Home\",\"item\":\"https:\/\/bet-bonus.com\/de\/\"},{\"@type\":\"ListItem\",\"position\":2,\"name\":\"Bet365 Bonus ohne Einzahlung f\u00fcr Neu- und Bestandskunden\"}]},{\"@type\":\"WebSite\",\"@id\":\"https:\/\/bet-bonus.com\/de\/#website\",\"url\":\"https:\/\/bet-bonus.com\/de\/\",\"name\":\"bet-bonus.com German\",\"description\":\"\",\"potentialAction\":[{\"@type\":\"SearchAction\",\"target\":{\"@type\":\"EntryPoint\",\"urlTemplate\":\"https:\/\/bet-bonus.com\/de\/?s={search_term_string}\"},\"query-input\":{\"@type\":\"PropertyValueSpecification\",\"valueRequired\":true,\"valueName\":\"search_term_string\"}}],\"inLanguage\":\"de\"}]}<\/script>\n<!-- \/ Yoast SEO plugin. -->","yoast_head_json":{"title":"Bet365 Bonus ohne Einzahlung April 2026!","robots":{"index":"index","follow":"follow","max-snippet":"max-snippet:-1","max-image-preview":"max-image-preview:large","max-video-preview":"max-video-preview:-1"},"canonical":"https:\/\/bet-bonus.com\/de\/bet365-bonus-ohne-einzahlung\/","og_locale":"de_DE","og_type":"article","og_title":"Bet365 Bonus ohne Einzahlung April 2026!","og_url":"https:\/\/bet-bonus.com\/de\/bet365-bonus-ohne-einzahlung\/","og_site_name":"bet-bonus.com German","article_modified_time":"2023-07-14T15:12:20+00:00","og_image":[{"url":"https:\/\/bet-bonus.com\/de\/wp-content\/uploads\/sites\/2\/2017\/12\/author-dea6.jpg","type":"","width":"","height":""}],"twitter_card":"summary_large_image","twitter_misc":{"Gesch\u00e4tzte Lesezeit":"3\u00a0Minuten"},"schema":{"@context":"https:\/\/schema.org","@graph":[{"@type":"WebPage","@id":"https:\/\/bet-bonus.com\/de\/bet365-bonus-ohne-einzahlung\/","url":"https:\/\/bet-bonus.com\/de\/bet365-bonus-ohne-einzahlung\/","name":"Bet365 Bonus ohne Einzahlung [month_name] [year]!","isPartOf":{"@id":"https:\/\/bet-bonus.com\/de\/#website"},"primaryImageOfPage":{"@id":"https:\/\/bet-bonus.com\/de\/bet365-bonus-ohne-einzahlung\/#primaryimage"},"image":{"@id":"https:\/\/bet-bonus.com\/de\/bet365-bonus-ohne-einzahlung\/#primaryimage"},"thumbnailUrl":"https:\/\/bet-bonus.com\/de\/wp-content\/uploads\/sites\/2\/2017\/12\/author-dea6.jpg","datePublished":"2015-04-23T13:55:35+00:00","dateModified":"2023-07-14T15:12:20+00:00","breadcrumb":{"@id":"https:\/\/bet-bonus.com\/de\/bet365-bonus-ohne-einzahlung\/#breadcrumb"},"inLanguage":"de","potentialAction":[{"@type":"ReadAction","target":["https:\/\/bet-bonus.com\/de\/bet365-bonus-ohne-einzahlung\/"]}]},{"@type":"ImageObject","inLanguage":"de","@id":"https:\/\/bet-bonus.com\/de\/bet365-bonus-ohne-einzahlung\/#primaryimage","url":"https:\/\/bet-bonus.com\/de\/wp-content\/uploads\/sites\/2\/2017\/12\/author-dea6.jpg","contentUrl":"https:\/\/bet-bonus.com\/de\/wp-content\/uploads\/sites\/2\/2017\/12\/author-dea6.jpg"},{"@type":"BreadcrumbList","@id":"https:\/\/bet-bonus.com\/de\/bet365-bonus-ohne-einzahlung\/#breadcrumb","itemListElement":[{"@type":"ListItem","position":1,"name":"Home","item":"https:\/\/bet-bonus.com\/de\/"},{"@type":"ListItem","position":2,"name":"Bet365 Bonus ohne Einzahlung f\u00fcr Neu- und Bestandskunden"}]},{"@type":"WebSite","@id":"https:\/\/bet-bonus.com\/de\/#website","url":"https:\/\/bet-bonus.com\/de\/","name":"bet-bonus.com German","description":"","potentialAction":[{"@type":"SearchAction","target":{"@type":"EntryPoint","urlTemplate":"https:\/\/bet-bonus.com\/de\/?s={search_term_string}"},"query-input":{"@type":"PropertyValueSpecification","valueRequired":true,"valueName":"search_term_string"}}],"inLanguage":"de"}]}},"_links":{"self":[{"href":"https:\/\/bet-bonus.com\/de\/wp-json\/wp\/v2\/pages\/28","targetHints":{"allow":["GET"]}}],"collection":[{"href":"https:\/\/bet-bonus.com\/de\/wp-json\/wp\/v2\/pages"}],"about":[{"href":"https:\/\/bet-bonus.com\/de\/wp-json\/wp\/v2\/types\/page"}],"author":[{"embeddable":true,"href":"https:\/\/bet-bonus.com\/de\/wp-json\/wp\/v2\/users\/1"}],"replies":[{"embeddable":true,"href":"https:\/\/bet-bonus.com\/de\/wp-json\/wp\/v2\/comments?post=28"}],"version-history":[{"count":3,"href":"https:\/\/bet-bonus.com\/de\/wp-json\/wp\/v2\/pages\/28\/revisions"}],"predecessor-version":[{"id":1591,"href":"https:\/\/bet-bonus.com\/de\/wp-json\/wp\/v2\/pages\/28\/revisions\/1591"}],"wp:attachment":[{"href":"https:\/\/bet-bonus.com\/de\/wp-json\/wp\/v2\/media?parent=28"}],"wp:term":[{"taxonomy":"category","embeddable":true,"href":"https:\/\/bet-bonus.com\/de\/wp-json\/wp\/v2\/categories?post=28"},{"taxonomy":"post_tag","embeddable":true,"href":"https:\/\/bet-bonus.com\/de\/wp-json\/wp\/v2\/tags?post=28"}],"curies":[{"name":"wp","href":"https:\/\/api.w.org\/{rel}","templated":true}]}}