{"id":44,"date":"2015-04-23T16:05:37","date_gmt":"2015-04-23T14:05:37","guid":{"rendered":"http:\/\/bet-bonus.com\/de\/?page_id=44"},"modified":"2023-07-14T15:13:45","modified_gmt":"2023-07-14T15:13:45","slug":"bet365-app","status":"publish","type":"page","link":"https:\/\/bet-bonus.com\/de\/bet365-app\/","title":{"rendered":"Bet365 App f\u00fcr Iphone, Ipad und Android verf\u00fcgbar?"},"content":{"rendered":"<p><img decoding=\"async\" class=\"alignnone size-full wp-image-1170\" src=\"https:\/\/bet-bonus.com\/de\/wp-content\/uploads\/sites\/2\/2017\/12\/author-dea7.jpg\" alt=\"\" width=\"724\" height=\"13\" \/><\/p>\r\n<p style=\"text-align: justify;\">Bet365, ist meiner pers\u00f6nlichen Erfahrung nach, der weltweit gr\u00f6\u00dfte Anbieter f\u00fcr Sportwetten und bietet auch eine App zum Download an. Ob man beispielsweise auf seinem Android Handy, iPhone oder iPad mit dieser wetten kann, was das Programm sonst noch zu bieten hat und welche Plattformen insgesamt unterst\u00fctzt werden kl\u00e4ren ich f\u00fcr Euch im Folgenden.<\/p>\r\n<div id=\"operator-closed-wrapper\">\n    <div id=\"operator-closed\" class=\"operator-closed-body\">\n        <div class=\"operator-closed-message \">\n            <div><b>Werfen Sie lieber einen Blick auf diese Top Anbieter<\/b>\n                             <\/div>\n        <\/div>\n\n        <div class=\"row operator-closed-box-container\">\n                                <div class=\"col-lg-4 col-md-6 col-sm-4 col-xs-12\">\n                        <div class=\"operator-closed-box\">\n                            <span class=\"operator-box-header\"><img decoding=\"async\" src=\"\/deutsch\/assets\/logos\/sport\/light-back\/tipbet.png\" width=\"auto\" height=\"auto\" alt=\"Tipbet\" \/><\/span>                            <div class=\"operator-closed-box-stars\">\n                                <span>210\u20ac <\/span>MAXIMALER BONUS                            <\/div>\n\n                            <div class=\"claim-bonus-code button-bottom\">\n                                 <span class=\"cursored button js-golink hvr-outline-in sidebar-operator-btn\"  onclick=\"OpenGoLink(this);\" data-operator=\"286\" data-bonus=\"1605\"   data-clicks=\"5\"data-type=\"sport\" >jetzt registrieren<i class=\"fa fa-chevron-right\" aria-hidden=\"true\"><\/i> <\/span>                             <\/div><!-- \/.claim-bonus-code -->\n                        <\/div>\n                    <\/div>\n                            <\/div>\n    <\/div>\n<\/div>\r\n<h2>Unterst\u00fctzung von Android Handys<\/h2>\r\n<p style=\"text-align: justify;\">Android Handys werden von bet365 mit einer eigenen App \u00fcber den Getjar App Store versorgt. Im deutschsprachigen Raum ist diese jedoch nur f\u00fcr \u00d6sterreich verf\u00fcgbar. Alle anderen deutschsprachigen Regionen werden \u00fcber die Web App versorgt, welche man im Browser des Smartphones oder Tablets aufruft, ander Informationen konnte ich diesbez\u00fcglich nicht finden.<\/p>\r\n\r\n<h2>Download auf ein Android Smartphone<\/h2>\r\n<p style=\"text-align: justify;\">In unterst\u00fctzten Regionen kann man die App im Getjar App Store herunterladen indem man diesen aufsucht und ganz einfach nach bet365 sucht. Alternativ bietet bet365 auch einen Link direkt zur App an, welcher \u00fcber den Reiter &#8222;Service&#8220; und &#8222;Handy und Tablet&#8220; auf der Website des Anbieters aufgerufen werden kann. Vor einem Download sollte man im Men\u00fc des Smartphones das Installieren von Apps \u00fcber andere Anbieter noch zulassen, da die App nicht direkt aus dem Google Play Store kommt. In Regionen in denen die App nicht verf\u00fcgbar ist surft man einfach in jedem beliebigen Browser zur Internetseite des Anbieters und wird zur Mobilen Ansicht, der Web App, umgeleitet. Diese wird optimiert f\u00fcr mobile Ger\u00e4te dargestellt.<\/p>\r\n\r\n<h2>Verf\u00fcgbarkeit der App auf iPhone und iPad<\/h2>\r\n<p style=\"text-align: justify;\">Die App von bet365 ist ohne Einschr\u00e4nkungen auf Apples Ger\u00e4ten verf\u00fcgbar. Einzige Grundvoraussetzung ist ist iOS 4.3 oder neuer. Dies trifft auf praktisch jedes ger\u00e4t zu, welches aktualisiert wurde und sich noch in Benutzung befindet.<\/p>\r\n\r\n<h2>Download auf iPad und iPhone<\/h2>\r\n<p style=\"text-align: justify;\">Um die bet365 App auf ein iPhone herunterzuladen muss man lediglich im Ger\u00e4t den App Store aufsuchen und in der Suche bet365 angeben. Danach \u00fcber einen Klick auf das gew\u00fcnschte Ergebnis und &#8222;Download&#8220; einfach installieren. Nur kurze Zeit sp\u00e4ter kann die App \u00fcber das Men\u00fc des Ger\u00e4tes gestartet werden. Angeboten wird die Mobile App sowohl in einer Version f\u00fcr iPhone als auch f\u00fcr das iPad. Somit hat man stets die Darstellung, welche f\u00fcr das genutzte Ger\u00e4t am besten geeignet ist. Die iPhone App ist auch auf iPads abspielbar. Aus Gr\u00fcnden der Darstellung empfiehlt sich dies jedoch nicht. Anders herum ist es nicht m\u00f6glich mit einem iPhone die App f\u00fcr das iPad herunterzuladen.<\/p>\r\n\r\n<h2 class=\"text-left\">Live Wetten und Live Streams \u00fcber das mobile Angebot<\/h2>\r\n<p style=\"text-align: justify;\">Problemlos k\u00f6nnen auch <a href=\"https:\/\/bet-bonus.com\/de\/bet365-live-stream\/\">Streams<\/a> geschaut und Live Wetten platziert werden, wenn man das Angebot von bet365 mobil nutzt. Einzige Voraussetzung hierf\u00fcr ist Wettguthaben. Wenn man keines mehr hat kann man dennoch schauen was aus der eigenen Wette wird, sofern man diese binnen der letzten 24 Stunden platziert hat. Diese Funktion wird in den Bewertungen des App Stores besonders gelobt.<\/p>\r\n\r\n<h2>Kein Guthaben mehr oder Gewonnen?<\/h2>\r\n<p style=\"text-align: justify;\">Auch eine Ein- und Auszahlung des Wettguthabens sind mit der App m\u00f6glich. Hierbei ist aber eine Kompatibilit\u00e4t des Ger\u00e4tes erforderlich. Dies muss im Einzelfall getestet werden. Sollte diese nicht gegeben sein kann eine Ein- oder Auszahlung jederzeit \u00fcber die normale Website durchgef\u00fchrt werden. Das Guthaben steht dann selbstverst\u00e4ndlich auch in der App sofort zur Verf\u00fcgung. Die Einzahlungsmethoden sind, unabh\u00e4ngig vom Endger\u00e4t, immer die Selben, die auch \u00fcber die Website zugelassen werden.<\/p>\r\n\r\n<h2>Willkommensgeschenk f\u00fcr das mobile Angebot<\/h2>\r\n<p style=\"text-align: justify;\">Als besonderes Schmankerl bietet bet365 jedem, egal ob Bestands- oder Neukunde, bei der ersten mobil platzierten Wette einen Prozent Aufschlag <a href=\"https:\/\/bet-bonus.com\/de\/\">Wettbonus<\/a>. Dieser ist aber auf einen maximalen Euro Betrag begrenzt. Platziert man die erste mobile Wette schickt einem der Anbieter eine E-Mail mit einem Guthabencode. Diesen kann man online einl\u00f6sen und erh\u00e4lt den Einsatz zur\u00fcck. Somit kann das mobile Angebot komplett ohne jedes Risiko ausprobiert werden.<\/p>\r\n\r\n<h2>Die f\u00fcnf wichtigsten Fragen zusammen gefasst<\/h2>\r\n<h3 class=\"text-left\">Ist die App sicher?<\/h3>\r\n<p style=\"text-align: justify;\">Ja, die App ist genau so sicher wie der Zugriff auf das Angebot \u00fcber einen PC, Probleme sind bei meinen Tests nicht aufgetreten.<\/p>\r\n\r\n<h3 class=\"text-left\">Ist die App kostenlos?<\/h3>\r\n<p style=\"text-align: justify;\">F\u00fcr mich sind f\u00fcr die Nutzung der App von bet365 keine Kosten entstanden, daher gehe ich davon aus dass diese f\u00fcr alle User kostenlos zur Verf\u00fcgung steht.<\/p>\r\n\r\n<h3 class=\"text-left\">Was kann man tun wenn die App nicht geht?<\/h3>\r\n<p style=\"text-align: justify;\">Am Besten \u00fcberpr\u00fcft man zuerst die Internetverbindung des Endger\u00e4tes. Wenn dies nicht weiter geholfen hat vergewissert man sich dar\u00fcber die korrekten Anmeldedaten f\u00fcr bet365 verwendet zu haben. Sollte danach auch eine Neuinstallation keine L\u00f6sung bringen bietet der Anbieter einen sehr kompetenten, freundlichen und im App Store oft gelobten Support an den man sich wenden sollte, dieser hat mir bisher bei allen meinen Anliegen helfen k\u00f6nnen.<\/p>\r\n\r\n<h3 class=\"text-left\">Hat der Anbieter eine App f\u00fcr Samsung Ger\u00e4te?<\/h3>\r\n<p style=\"text-align: justify;\">Die meisten Samsung Ger\u00e4te nutzen Android und werden somit selbstverst\u00e4ndlich unterst\u00fctzt. \u00c4ltere Modelle, die teilweise noch ein eigenes System haben k\u00f6nnen im Browser auf die Mobile App zugreifen.<\/p>\r\n\r\n<h3 class=\"text-left\">Hat der Anbieter eine App f\u00fcr das Windows Phone?<\/h3>\r\n<p style=\"text-align: justify;\">Ja, auch eine App f\u00fcr Windows Phone wird bereit gestellt. Hierzu im Store des Handys nach der App suchen um die Verf\u00fcgbarkeit zu pr\u00fcfen. Ansonsten bietet auch hier die Mobile App des Browsers den besten Service.<\/p>\r\n<p style=\"text-align: justify;\">18+ bet-bonus.com unterst\u00fctzt verantwortungsvolles Spielen! | Dies ist ein kommerzieller Inhalt<\/p>\r\n<p style=\"text-align: justify;\">Bitte beachten Sie die Teilnahmebedingungen | Dieses Angebot gilt explizit nur f\u00fcr Neukunden<\/p>","protected":false},"excerpt":{"rendered":"Bet365, ist meiner pers\u00f6nlichen Erfahrung nach, der weltweit gr\u00f6\u00dfte Anbieter f\u00fcr Sportwetten und bietet auch eine App zum Download an. Ob man beispielsweise auf seinem Android Handy, iPhone oder iPad mit dieser wetten kann, was das Programm sonst noch zu bieten hat und welche Plattformen insgesamt unterst\u00fctzt werden kl\u00e4ren ich f\u00fcr Euch im Folgenden. Unterst\u00fctzung [&hellip;]","protected":false},"author":1,"featured_media":0,"parent":0,"menu_order":0,"comment_status":"open","ping_status":"open","template":"","meta":{"footnotes":""},"categories":[],"tags":[],"class_list":["post-44","page","type-page","status-publish","hentry"],"yoast_head":"<!-- This site is optimized with the Yoast SEO plugin v26.7 - https:\/\/yoast.com\/wordpress\/plugins\/seo\/ -->\n<title>Bet365 Mobile: App f\u00fcr Iphone, Ipad &amp; Android<\/title>\n<meta name=\"robots\" content=\"index, follow, max-snippet:-1, max-image-preview:large, max-video-preview:-1\" \/>\n<link rel=\"canonical\" href=\"https:\/\/bet-bonus.com\/de\/bet365-app\/\" \/>\n<meta property=\"og:locale\" content=\"de_DE\" \/>\n<meta property=\"og:type\" content=\"article\" \/>\n<meta property=\"og:title\" content=\"Bet365 Mobile: App f\u00fcr Iphone, Ipad &amp; Android\" \/>\n<meta property=\"og:url\" content=\"https:\/\/bet-bonus.com\/de\/bet365-app\/\" \/>\n<meta property=\"og:site_name\" content=\"bet-bonus.com German\" \/>\n<meta property=\"article:modified_time\" content=\"2023-07-14T15:13:45+00:00\" \/>\n<meta property=\"og:image\" content=\"https:\/\/bet-bonus.com\/de\/wp-content\/uploads\/sites\/2\/2017\/12\/author-dea7.jpg\" \/>\n<meta name=\"twitter:card\" content=\"summary_large_image\" \/>\n<meta name=\"twitter:label1\" content=\"Gesch\u00e4tzte Lesezeit\" \/>\n\t<meta name=\"twitter:data1\" content=\"5\u00a0Minuten\" \/>\n<script type=\"application\/ld+json\" class=\"yoast-schema-graph\">{\"@context\":\"https:\/\/schema.org\",\"@graph\":[{\"@type\":\"WebPage\",\"@id\":\"https:\/\/bet-bonus.com\/de\/bet365-app\/\",\"url\":\"https:\/\/bet-bonus.com\/de\/bet365-app\/\",\"name\":\"Bet365 Mobile: App f\u00fcr Iphone, Ipad & Android\",\"isPartOf\":{\"@id\":\"https:\/\/bet-bonus.com\/de\/#website\"},\"primaryImageOfPage\":{\"@id\":\"https:\/\/bet-bonus.com\/de\/bet365-app\/#primaryimage\"},\"image\":{\"@id\":\"https:\/\/bet-bonus.com\/de\/bet365-app\/#primaryimage\"},\"thumbnailUrl\":\"https:\/\/bet-bonus.com\/de\/wp-content\/uploads\/sites\/2\/2017\/12\/author-dea7.jpg\",\"datePublished\":\"2015-04-23T14:05:37+00:00\",\"dateModified\":\"2023-07-14T15:13:45+00:00\",\"breadcrumb\":{\"@id\":\"https:\/\/bet-bonus.com\/de\/bet365-app\/#breadcrumb\"},\"inLanguage\":\"de\",\"potentialAction\":[{\"@type\":\"ReadAction\",\"target\":[\"https:\/\/bet-bonus.com\/de\/bet365-app\/\"]}]},{\"@type\":\"ImageObject\",\"inLanguage\":\"de\",\"@id\":\"https:\/\/bet-bonus.com\/de\/bet365-app\/#primaryimage\",\"url\":\"https:\/\/bet-bonus.com\/de\/wp-content\/uploads\/sites\/2\/2017\/12\/author-dea7.jpg\",\"contentUrl\":\"https:\/\/bet-bonus.com\/de\/wp-content\/uploads\/sites\/2\/2017\/12\/author-dea7.jpg\"},{\"@type\":\"BreadcrumbList\",\"@id\":\"https:\/\/bet-bonus.com\/de\/bet365-app\/#breadcrumb\",\"itemListElement\":[{\"@type\":\"ListItem\",\"position\":1,\"name\":\"Home\",\"item\":\"https:\/\/bet-bonus.com\/de\/\"},{\"@type\":\"ListItem\",\"position\":2,\"name\":\"Bet365 App f\u00fcr Iphone, Ipad und Android verf\u00fcgbar?\"}]},{\"@type\":\"WebSite\",\"@id\":\"https:\/\/bet-bonus.com\/de\/#website\",\"url\":\"https:\/\/bet-bonus.com\/de\/\",\"name\":\"bet-bonus.com German\",\"description\":\"\",\"potentialAction\":[{\"@type\":\"SearchAction\",\"target\":{\"@type\":\"EntryPoint\",\"urlTemplate\":\"https:\/\/bet-bonus.com\/de\/?s={search_term_string}\"},\"query-input\":{\"@type\":\"PropertyValueSpecification\",\"valueRequired\":true,\"valueName\":\"search_term_string\"}}],\"inLanguage\":\"de\"}]}<\/script>\n<!-- \/ Yoast SEO plugin. -->","yoast_head_json":{"title":"Bet365 Mobile: App f\u00fcr Iphone, Ipad & Android","robots":{"index":"index","follow":"follow","max-snippet":"max-snippet:-1","max-image-preview":"max-image-preview:large","max-video-preview":"max-video-preview:-1"},"canonical":"https:\/\/bet-bonus.com\/de\/bet365-app\/","og_locale":"de_DE","og_type":"article","og_title":"Bet365 Mobile: App f\u00fcr Iphone, Ipad & Android","og_url":"https:\/\/bet-bonus.com\/de\/bet365-app\/","og_site_name":"bet-bonus.com German","article_modified_time":"2023-07-14T15:13:45+00:00","og_image":[{"url":"https:\/\/bet-bonus.com\/de\/wp-content\/uploads\/sites\/2\/2017\/12\/author-dea7.jpg","type":"","width":"","height":""}],"twitter_card":"summary_large_image","twitter_misc":{"Gesch\u00e4tzte Lesezeit":"5\u00a0Minuten"},"schema":{"@context":"https:\/\/schema.org","@graph":[{"@type":"WebPage","@id":"https:\/\/bet-bonus.com\/de\/bet365-app\/","url":"https:\/\/bet-bonus.com\/de\/bet365-app\/","name":"Bet365 Mobile: App f\u00fcr Iphone, Ipad & Android","isPartOf":{"@id":"https:\/\/bet-bonus.com\/de\/#website"},"primaryImageOfPage":{"@id":"https:\/\/bet-bonus.com\/de\/bet365-app\/#primaryimage"},"image":{"@id":"https:\/\/bet-bonus.com\/de\/bet365-app\/#primaryimage"},"thumbnailUrl":"https:\/\/bet-bonus.com\/de\/wp-content\/uploads\/sites\/2\/2017\/12\/author-dea7.jpg","datePublished":"2015-04-23T14:05:37+00:00","dateModified":"2023-07-14T15:13:45+00:00","breadcrumb":{"@id":"https:\/\/bet-bonus.com\/de\/bet365-app\/#breadcrumb"},"inLanguage":"de","potentialAction":[{"@type":"ReadAction","target":["https:\/\/bet-bonus.com\/de\/bet365-app\/"]}]},{"@type":"ImageObject","inLanguage":"de","@id":"https:\/\/bet-bonus.com\/de\/bet365-app\/#primaryimage","url":"https:\/\/bet-bonus.com\/de\/wp-content\/uploads\/sites\/2\/2017\/12\/author-dea7.jpg","contentUrl":"https:\/\/bet-bonus.com\/de\/wp-content\/uploads\/sites\/2\/2017\/12\/author-dea7.jpg"},{"@type":"BreadcrumbList","@id":"https:\/\/bet-bonus.com\/de\/bet365-app\/#breadcrumb","itemListElement":[{"@type":"ListItem","position":1,"name":"Home","item":"https:\/\/bet-bonus.com\/de\/"},{"@type":"ListItem","position":2,"name":"Bet365 App f\u00fcr Iphone, Ipad und Android verf\u00fcgbar?"}]},{"@type":"WebSite","@id":"https:\/\/bet-bonus.com\/de\/#website","url":"https:\/\/bet-bonus.com\/de\/","name":"bet-bonus.com German","description":"","potentialAction":[{"@type":"SearchAction","target":{"@type":"EntryPoint","urlTemplate":"https:\/\/bet-bonus.com\/de\/?s={search_term_string}"},"query-input":{"@type":"PropertyValueSpecification","valueRequired":true,"valueName":"search_term_string"}}],"inLanguage":"de"}]}},"_links":{"self":[{"href":"https:\/\/bet-bonus.com\/de\/wp-json\/wp\/v2\/pages\/44","targetHints":{"allow":["GET"]}}],"collection":[{"href":"https:\/\/bet-bonus.com\/de\/wp-json\/wp\/v2\/pages"}],"about":[{"href":"https:\/\/bet-bonus.com\/de\/wp-json\/wp\/v2\/types\/page"}],"author":[{"embeddable":true,"href":"https:\/\/bet-bonus.com\/de\/wp-json\/wp\/v2\/users\/1"}],"replies":[{"embeddable":true,"href":"https:\/\/bet-bonus.com\/de\/wp-json\/wp\/v2\/comments?post=44"}],"version-history":[{"count":5,"href":"https:\/\/bet-bonus.com\/de\/wp-json\/wp\/v2\/pages\/44\/revisions"}],"predecessor-version":[{"id":1593,"href":"https:\/\/bet-bonus.com\/de\/wp-json\/wp\/v2\/pages\/44\/revisions\/1593"}],"wp:attachment":[{"href":"https:\/\/bet-bonus.com\/de\/wp-json\/wp\/v2\/media?parent=44"}],"wp:term":[{"taxonomy":"category","embeddable":true,"href":"https:\/\/bet-bonus.com\/de\/wp-json\/wp\/v2\/categories?post=44"},{"taxonomy":"post_tag","embeddable":true,"href":"https:\/\/bet-bonus.com\/de\/wp-json\/wp\/v2\/tags?post=44"}],"curies":[{"name":"wp","href":"https:\/\/api.w.org\/{rel}","templated":true}]}}