{"id":693,"date":"2016-10-21T11:01:55","date_gmt":"2016-10-21T11:01:55","guid":{"rendered":"http:\/\/bet-bonus.com\/de\/?page_id=693"},"modified":"2022-10-07T12:54:18","modified_gmt":"2022-10-07T12:54:18","slug":"betway","status":"publish","type":"page","link":"https:\/\/bet-bonus.com\/de\/betway\/","title":{"rendered":"Betway Bonus Code April 2026 \u2013  Wettbonus &amp; Gratiswette ohne Einzahlung"},"content":{"rendered":"<p class=\"text-justify\">Auch der Sportwettenanbieter Betway hat f\u00fcr seine neuen Kunden nat\u00fcrlich ein Bonus Angebot im Programm, das jeder Kunde, der sich erstmals bei dem Buchmacher Betway anmeldet, nutzen kann. Der Anbieter unterscheidet bei seinem Bonusangebot f\u00fcr Neukunden zwischen unterschiedlichen L\u00e4ndergruppen.<\/p>\r\n<p class=\"text-justify\">Diesbez\u00fcglich ist es deshalb wichtig, die jeweils f\u00fcr das eigene Aufenthaltsland g\u00fcltigen Wettbedingungen und Bestimmungen im Vorfeld zu recherchieren. Wer den Bonus zu nutzen wei\u00df, kann nach dem Erf\u00fcllen der Rollover Bedingungen attraktive Gewinne einfahren bzw. den Bonusbetrag freispielen und die Gewinne zur Auszahlung bringen.<\/p>\r\n<div id=\"operator-closed-wrapper\">\n    <div id=\"operator-closed\" class=\"operator-closed-body\">\n        <div class=\"operator-closed-message \">\n            <div><b>Werfen Sie lieber einen Blick auf diese Top Anbieter<\/b>\n                             <\/div>\n        <\/div>\n\n        <div class=\"row operator-closed-box-container\">\n                                <div class=\"col-lg-4 col-md-6 col-sm-4 col-xs-12\">\n                        <div class=\"operator-closed-box\">\n                            <span class=\"operator-box-header\"><img decoding=\"async\" src=\"\/deutsch\/assets\/logos\/sport\/light-back\/tipbet.png\" width=\"auto\" height=\"auto\" alt=\"Tipbet\" \/><\/span>                            <div class=\"operator-closed-box-stars\">\n                                <span>210\u20ac <\/span>MAXIMALER BONUS                            <\/div>\n\n                            <div class=\"claim-bonus-code button-bottom\">\n                                 <span class=\"cursored button js-golink hvr-outline-in sidebar-operator-btn\"  onclick=\"OpenGoLink(this);\" data-operator=\"286\" data-bonus=\"1605\"   data-clicks=\"5\"data-type=\"sport\" >jetzt registrieren<i class=\"fa fa-chevron-right\" aria-hidden=\"true\"><\/i> <\/span>                             <\/div><!-- \/.claim-bonus-code -->\n                        <\/div>\n                    <\/div>\n                            <\/div>\n    <\/div>\n<\/div>\r\n<h2 class=\"text-left\">Wie erhalte ich den Bonus des Anbieters Betway?<\/h2>\r\n<p class=\"text-justify\">Um den Bonus des Buchmachers Betway zu erhalten, darf der Kunde kein Zweitkonto besitzen und muss sich zum ersten Mal als neuer Kunde bei dem Anbieter anmelden. Die Gutschrift erfolgt direkt und einfach, nachdem die erste Einzahlung auf dem Mitgliedskonto gutgeschrieben worden ist. Der Bonus bei dem Sportwettenanbieter Betway wird als ein 100% Bonus gutgeschrieben bis zu einem maximalen Betrag von 100\u20ac (Dies gilt speziell f\u00fcr die neuen Kunden aus Deutschland, \u00d6sterreich und der Schweiz). Wer also zum Beispiel 100\u20ac einzahlt, erh\u00e4lt auch eine Bonusgutschrift von 100\u20ac in gleicher H\u00f6he. Wer den maximalen Bonusbetrag abgreifen m\u00f6chte, der muss im Rahmen seiner ersten Einzahlung einen Betrag von 100\u20ac auf sein Mitgliedskonto transferieren.<\/p>\r\n<p class=\"text-justify\"><strong>So erhalten Sie den Betway Bonus Schritt f\u00fcr Schritt<\/strong><\/p>\r\n\r\n<ul>\r\n \t<li>Neuanmeldung bei Betway<\/li>\r\n \t<li>Ersteinzahlung ab 5\u20ac<\/li>\r\n \t<li>sofortige Gutschrift des Bonusbetrages in gleicher H\u00f6he der Ersteinzahlung<\/li>\r\n \t<li>Bonusguthaben und -betrag stehen ab sofort zum Platzieren von Wetten zur Verf\u00fcgung<\/li>\r\n<\/ul>\r\n<h2 class=\"text-left\">Die Bonusbedingungen des Bonus Angebotes beim Sportwettenanbieter Betway<\/h2>\r\n<p class=\"text-justify\">F\u00fcr Wetten mit einer Quote zwischen 1,3 und 1,74 gilt eine Umsatzanforderung von 48 mal, bevor die Betr\u00e4ge als freigespielt gelten. Wetten mit einer Quote von unter 1,30 sind per Umsatzbedingungen durch den Anbieter zum Freispielen des Bonus ausgeschlossen. Wer den Bonus des Anbieters erhalten will, der sollte darauf achten, dass die erste Einzahlung innerhalb der ersten sieben Tage nach Neuanmeldung veranlasst wird.<\/p>\r\n<p class=\"text-justify\"><strong>Die Bonusbedingungen von Betway noch einmal im \u00dcberblick:<\/strong><\/p>\r\n\r\n<ul>\r\n \t<li>48-facher Umsatz bei Wetten mit einer Quote zwischen 1,3 und 1,74.<\/li>\r\n \t<li>Wetten mit einer Quote von unter 1,30 tragen nicht zum Erreichen der Umsatzbedingungen des Bonusangebotes von Betway bei.<\/li>\r\n \t<li>erste Einzahlung innerhalb von 7 Tagen nach Neuanmeldung beim Anbieter.<\/li>\r\n<\/ul>\r\n<h2 class=\"text-left\">Wie kann der Kunde den Betway Bonus ablehnen?<\/h2>\r\n<p class=\"text-justify\">Viele Anbieter realisieren ihre Bonusangebote mit einem Bonuscode. Dies funktioniert dann so, dass der Bonus nur dann gutgeschrieben bzw. in Anspruch genommen wird, wenn der Bonuscode zeitgleich im Rahmen der Einzahlung eingegeben worden ist. So wird sichergestellt, dass auch nur diejenigen Kunden das Bonusangebot erhalten und nutzen, die dies ausdr\u00fccklich w\u00fcnschen und mit den Bonuskonditionen einverstanden sind. Bei Betway gibt es ein derartiges Prozedere nicht. Wer den Bonus nicht in Anspruch nehmen m\u00f6chte, muss dies beim Anbieter durch separate Kontaktaufnahme anzeigen.<\/p>\r\n\r\n<h2 class=\"text-left\">Gibt es einen besonderen mobilen Bonus bei Betway?<\/h2>\r\n<p class=\"text-justify\">Obgleich viele Anbieter im Bereich der Sportwetten bereits einen Bonus im Angebot haben, der speziell f\u00fcr die mobile Nutzung offeriert wird, hat Betway bis heute kein entsprechendes Angebot. Nutzer, die das Sportwettenangebot ausschlie\u00dflich mobil nutzen m\u00f6chten, werden mit keinem Extrabonus belohnt. Nicht auszuschlie\u00dfen ist nat\u00fcrlich, dass der Anbieter seine Bonusofferte in Zukunft noch um ein derartiges Angebot erweitern wird.<\/p>\r\n\r\n<h2 class=\"text-left\">Gibt es einen gesonderten Highroller Bonus?<\/h2>\r\n<p class=\"text-justify\">Auch dass Highroller, also professionelle Spieler, die mit besonders hohen Eins\u00e4tzen spielen, einen besonderen Bonus erhalten, ist in der Wett- und Casino-Branche ein durchaus g\u00e4ngiges Prozedere. Wie aber auch schon im Rahmen des mobilen Wettbonus, so gilt auch f\u00fcr den Highroller Bonus: Betway hat einen derartigen Bonus bisweilen nicht im Programm. Doch auch hier ist eine Erg\u00e4nzung des Bonusprogramms um das entsprechende Angebot eines Highroller Bonus in Zukunft nicht abwegig. Wir d\u00fcrfen gespannt sein, welche Angebote Betway seinen Nutzern in Zukunft noch bieten wird.<\/p>\r\n\r\n<h2 class=\"text-left\">Gibt es bei Betway einen Bonus, der auch unabh\u00e4ngig von einer Einzahlung gew\u00e4hrt wird?<\/h2>\r\n<p class=\"text-justify\">Besonders attraktiv f\u00fcr Kunden sind diejenigen Bonusofferten, die ungebunden an eine erste Einzahlung gew\u00e4hrt werden. In diesem Zusammenhang sprechen wir sehr h\u00e4ufig auch von einer Gratiswette bzw. einem No-Deposit Bonus. In seinem standardisierten Bonusprogramm hat Betway einen derartigen Bonus bisweilen nicht verankert. Es ist aber immer mal wieder auf unregelm\u00e4\u00dfig anberaumte Aktionen zu hoffen, in deren Rahmen es einen derartigen Bonus ohne Einzahlung abzugreifen gibt.<\/p>\r\n<p class=\"text-justify\">Wer \u00fcber derartige Aktionen informiert bleiben m\u00f6chte, der sollte sich f\u00fcr den Newsletter des Anbieters Betway anmelden. Hier werden die Neu- und Bestandskunden immer wieder \u00fcber neue Promotionen und Aktionen in Kenntnis gesetzt.<\/p>\r\n\r\n<h2 class=\"text-left\">Gibt es bei Betway einen Bonus f\u00fcr Bestandskunden?<\/h2>\r\n<p class=\"text-justify\">Einen Bonus, der ausschlie\u00dflich den Bestandskunden vorbehalten ist, gibt es bei Betway ebenfalls nicht im standardisierten Bonusangebot. Die Angebote f\u00fcr Bestandskunden laufen ebenfalls im Rahmen zeitlich befristeter Aktionen und Promotionen. Dass Bestandskunden gar nicht auf ihre Kosten kommen und seitens des Anbieters bedacht werden, stimmt also nicht so ganz. Auch hier gilt n\u00e4mlich: F\u00fcr den Newsletter anmelden und so immer \u00fcber die neuen und aktuellen Aktionen und Promotionen informiert bleiben.<\/p>\r\n\r\n<h2 class=\"text-justify\">Die wichtigsten Fragen zum Bonus von Betway im \u00dcberblick<\/h2>\r\n<p class=\"text-justify\"><strong>Wann ist der Bonus von Betway auf dem Konto der Kunden gutgeschrieben?<\/strong><\/p>\r\n<p class=\"text-justify\">Die Gutschrift des Bonus funktioniert schnell. Nachdem die Zahlung auf dem Mitgliedskonto eingegangen ist, wird auch der Bonus in entsprechender H\u00f6he gutgeschrieben. Nur in einzelnen F\u00e4llen kann die Gutschrift des Bonus wenige Stunden in Anspruch nehmen. Insofern kann im Rahmen des Angebotes von Betway in der Tat von einem Bonus gesprochen werden, der faktisch in Echtzeit offeriert wird.<\/p>\r\n<p class=\"text-justify\"><strong>Wie oft muss der Bonus von Betway umgesetzt werden, bevor eine Auszahlung beantragt werden kann?<\/strong><\/p>\r\n<p class=\"text-justify\">Die konkreten Umsatzanforderungen des Bonusangebotes von Betway sind abh\u00e4ngig von der realisierten Mindestquote der jeweils platzierten Wetten. Grunds\u00e4tzlich liegt die Anzahl des Umsatzes des Bonusbetrages zwischen 6 und 48 mal. Der 6-fache Umsatz gilt f\u00fcr Sportwetten mit einer Mindestquote von  oder h\u00f6her, w\u00e4hrend der geforderte 48-fache Umsatz f\u00fcr Wetten greift, die eine Quote zwischen 1,3 und 1,74 aufweisen.<\/p>\r\n<p class=\"text-justify\"><strong>Wird bei Betway ein Bonuscode ben\u00f6tigt?<\/strong><\/p>\r\n<p class=\"text-justify\">Einen Bonuscode zur Aktivierung der offerierten Bonussumme gibt es beim Sportwettenanbieter Betway nicht. Jeder Kunde, der seine erste Einzahlung im zeitlichen Rahmen von 7 Tagen nach Anmeldung t\u00e4tigt, erh\u00e4lt das Neukunden Bonusangebot also automatisch.<\/p>\r\n<p class=\"text-justify\"><strong>Gilt der Betway Bonus ausschlie\u00dflich f\u00fcr Neukunden?<\/strong><\/p>\r\n<p class=\"text-justify\">Der Betway Bonus ist ein Promotionsangebot, das ausschlie\u00dflich f\u00fcr Neukunden gilt, die sich zum ersten Mal bei diesem Anbieter anmelden. Nicht ohne Grund erfordern die Richtlinien und Bestimmungen f\u00fcr den Bonus, dass der Kunde binnen 7 Tagen nach erstmaliger Anmeldung bzw. Registrierung eine obligatorische erste Einzahlung t\u00e4tigt, um den Bonus zu erhalten.<\/p>\r\n<p class=\"text-justify\"><strong>Wann verf\u00e4llt der Betway Bonus?<\/strong><\/p>\r\n<p class=\"text-justify\">Auch der Anbieter Betway hat einen Zeitraum veranschlagt, in dessen Rahmen die Umsatzbedingungen erf\u00fcllt worden sein m\u00fcssen. Wer diesen Zeitrahmen nicht bedient, der muss hinnehmen, dass das offerierte Bonusguthaben verf\u00e4llt und nicht mehr f\u00fcr das Platzieren von Wetten zur Verf\u00fcgung steht. Die aktuellen Bestimmungen und Bonusrichtlinien bei Betway legen fest, dass Freiwetten bis zum siebten Tag nach Gutschrift eingel\u00f6st worden sein m\u00fcssen, bevor der Bonusbetrag bzw. die Freiwette verf\u00e4llt.<\/p>\r\n<p class=\"text-justify\"><strong>Wie hoch ist die Mindestquote, die zum Freispielen des Bonus erreicht werden muss?<\/strong><\/p>\r\n<p class=\"text-justify\">Der Buchmacher Betway legt sich nicht per se auf eine konkrete H\u00f6he der Mindestquote fest. Wohl aber sind die Umsatzbedingungen an die H\u00f6he der Mindestquote gebunden. Mindestens muss eine Mindestquote von 1,3 realisiert werden. Bei einer Mindestquote von 1,3 bis 1,74 gilt die Forderung eines 48-fachen Umsatzes.\u00a0 Alle genauen Bestimmungen und Richtlinien zum Bonusangebot hat der Anbieter \u00fcbersichtlich zusammengefasst. Sie k\u00f6nnen auf der Anbieterseite eingesehen bzw. nachgelesen werden. Wichtig: Unterschiedliche Aktionen und Bonusangeboten k\u00f6nnen besonderen, individuellen Bonusbedingungen unterliegen.<\/p>","protected":false},"excerpt":{"rendered":"Auch der Sportwettenanbieter Betway hat f\u00fcr seine neuen Kunden nat\u00fcrlich ein Bonus Angebot im Programm, das jeder Kunde, der sich erstmals bei dem Buchmacher Betway anmeldet, nutzen kann. Der Anbieter unterscheidet bei seinem Bonusangebot f\u00fcr Neukunden zwischen unterschiedlichen L\u00e4ndergruppen. Diesbez\u00fcglich ist es deshalb wichtig, die jeweils f\u00fcr das eigene Aufenthaltsland g\u00fcltigen Wettbedingungen und Bestimmungen im [&hellip;]","protected":false},"author":1,"featured_media":0,"parent":0,"menu_order":0,"comment_status":"open","ping_status":"open","template":"","meta":{"footnotes":""},"categories":[],"tags":[],"class_list":["post-693","page","type-page","status-publish","hentry"],"yoast_head":"<!-- This site is optimized with the Yoast SEO plugin v26.7 - https:\/\/yoast.com\/wordpress\/plugins\/seo\/ -->\n<title>Betway Bonus Code April 2026 + Wettbonus ohne Einzahlung<\/title>\n<meta name=\"robots\" content=\"index, follow, max-snippet:-1, max-image-preview:large, max-video-preview:-1\" \/>\n<link rel=\"canonical\" href=\"https:\/\/bet-bonus.com\/de\/betway\/\" \/>\n<meta property=\"og:locale\" content=\"de_DE\" \/>\n<meta property=\"og:type\" content=\"article\" \/>\n<meta property=\"og:title\" content=\"Betway Bonus Code April 2026 + Wettbonus ohne Einzahlung\" \/>\n<meta property=\"og:url\" content=\"https:\/\/bet-bonus.com\/de\/betway\/\" \/>\n<meta property=\"og:site_name\" content=\"bet-bonus.com German\" \/>\n<meta property=\"article:modified_time\" content=\"2022-10-07T12:54:18+00:00\" \/>\n<meta name=\"twitter:card\" content=\"summary_large_image\" \/>\n<meta name=\"twitter:label1\" content=\"Gesch\u00e4tzte Lesezeit\" \/>\n\t<meta name=\"twitter:data1\" content=\"8\u00a0Minuten\" \/>\n<script type=\"application\/ld+json\" class=\"yoast-schema-graph\">{\"@context\":\"https:\/\/schema.org\",\"@graph\":[{\"@type\":\"WebPage\",\"@id\":\"https:\/\/bet-bonus.com\/de\/betway\/\",\"url\":\"https:\/\/bet-bonus.com\/de\/betway\/\",\"name\":\"Betway Bonus Code [month_name] [year] + Wettbonus ohne Einzahlung\",\"isPartOf\":{\"@id\":\"https:\/\/bet-bonus.com\/de\/#website\"},\"datePublished\":\"2016-10-21T11:01:55+00:00\",\"dateModified\":\"2022-10-07T12:54:18+00:00\",\"breadcrumb\":{\"@id\":\"https:\/\/bet-bonus.com\/de\/betway\/#breadcrumb\"},\"inLanguage\":\"de\",\"potentialAction\":[{\"@type\":\"ReadAction\",\"target\":[\"https:\/\/bet-bonus.com\/de\/betway\/\"]}]},{\"@type\":\"BreadcrumbList\",\"@id\":\"https:\/\/bet-bonus.com\/de\/betway\/#breadcrumb\",\"itemListElement\":[{\"@type\":\"ListItem\",\"position\":1,\"name\":\"Home\",\"item\":\"https:\/\/bet-bonus.com\/de\/\"},{\"@type\":\"ListItem\",\"position\":2,\"name\":\"Betway Bonus Code November 2022 \u2013 150\u20ac Wettbonus &amp; Gratiswette ohne Einzahlung\"}]},{\"@type\":\"WebSite\",\"@id\":\"https:\/\/bet-bonus.com\/de\/#website\",\"url\":\"https:\/\/bet-bonus.com\/de\/\",\"name\":\"bet-bonus.com German\",\"description\":\"\",\"potentialAction\":[{\"@type\":\"SearchAction\",\"target\":{\"@type\":\"EntryPoint\",\"urlTemplate\":\"https:\/\/bet-bonus.com\/de\/?s={search_term_string}\"},\"query-input\":{\"@type\":\"PropertyValueSpecification\",\"valueRequired\":true,\"valueName\":\"search_term_string\"}}],\"inLanguage\":\"de\"}]}<\/script>\n<!-- \/ Yoast SEO plugin. -->","yoast_head_json":{"title":"Betway Bonus Code April 2026 + Wettbonus ohne Einzahlung","robots":{"index":"index","follow":"follow","max-snippet":"max-snippet:-1","max-image-preview":"max-image-preview:large","max-video-preview":"max-video-preview:-1"},"canonical":"https:\/\/bet-bonus.com\/de\/betway\/","og_locale":"de_DE","og_type":"article","og_title":"Betway Bonus Code April 2026 + Wettbonus ohne Einzahlung","og_url":"https:\/\/bet-bonus.com\/de\/betway\/","og_site_name":"bet-bonus.com German","article_modified_time":"2022-10-07T12:54:18+00:00","twitter_card":"summary_large_image","twitter_misc":{"Gesch\u00e4tzte Lesezeit":"8\u00a0Minuten"},"schema":{"@context":"https:\/\/schema.org","@graph":[{"@type":"WebPage","@id":"https:\/\/bet-bonus.com\/de\/betway\/","url":"https:\/\/bet-bonus.com\/de\/betway\/","name":"Betway Bonus Code [month_name] [year] + Wettbonus ohne Einzahlung","isPartOf":{"@id":"https:\/\/bet-bonus.com\/de\/#website"},"datePublished":"2016-10-21T11:01:55+00:00","dateModified":"2022-10-07T12:54:18+00:00","breadcrumb":{"@id":"https:\/\/bet-bonus.com\/de\/betway\/#breadcrumb"},"inLanguage":"de","potentialAction":[{"@type":"ReadAction","target":["https:\/\/bet-bonus.com\/de\/betway\/"]}]},{"@type":"BreadcrumbList","@id":"https:\/\/bet-bonus.com\/de\/betway\/#breadcrumb","itemListElement":[{"@type":"ListItem","position":1,"name":"Home","item":"https:\/\/bet-bonus.com\/de\/"},{"@type":"ListItem","position":2,"name":"Betway Bonus Code November 2022 \u2013 150\u20ac Wettbonus &amp; Gratiswette ohne Einzahlung"}]},{"@type":"WebSite","@id":"https:\/\/bet-bonus.com\/de\/#website","url":"https:\/\/bet-bonus.com\/de\/","name":"bet-bonus.com German","description":"","potentialAction":[{"@type":"SearchAction","target":{"@type":"EntryPoint","urlTemplate":"https:\/\/bet-bonus.com\/de\/?s={search_term_string}"},"query-input":{"@type":"PropertyValueSpecification","valueRequired":true,"valueName":"search_term_string"}}],"inLanguage":"de"}]}},"_links":{"self":[{"href":"https:\/\/bet-bonus.com\/de\/wp-json\/wp\/v2\/pages\/693","targetHints":{"allow":["GET"]}}],"collection":[{"href":"https:\/\/bet-bonus.com\/de\/wp-json\/wp\/v2\/pages"}],"about":[{"href":"https:\/\/bet-bonus.com\/de\/wp-json\/wp\/v2\/types\/page"}],"author":[{"embeddable":true,"href":"https:\/\/bet-bonus.com\/de\/wp-json\/wp\/v2\/users\/1"}],"replies":[{"embeddable":true,"href":"https:\/\/bet-bonus.com\/de\/wp-json\/wp\/v2\/comments?post=693"}],"version-history":[{"count":5,"href":"https:\/\/bet-bonus.com\/de\/wp-json\/wp\/v2\/pages\/693\/revisions"}],"predecessor-version":[{"id":1579,"href":"https:\/\/bet-bonus.com\/de\/wp-json\/wp\/v2\/pages\/693\/revisions\/1579"}],"wp:attachment":[{"href":"https:\/\/bet-bonus.com\/de\/wp-json\/wp\/v2\/media?parent=693"}],"wp:term":[{"taxonomy":"category","embeddable":true,"href":"https:\/\/bet-bonus.com\/de\/wp-json\/wp\/v2\/categories?post=693"},{"taxonomy":"post_tag","embeddable":true,"href":"https:\/\/bet-bonus.com\/de\/wp-json\/wp\/v2\/tags?post=693"}],"curies":[{"name":"wp","href":"https:\/\/api.w.org\/{rel}","templated":true}]}}