{"id":9,"date":"2015-04-23T14:49:58","date_gmt":"2015-04-23T12:49:58","guid":{"rendered":"http:\/\/bet-bonus.com\/de\/?page_id=9"},"modified":"2023-07-14T15:32:05","modified_gmt":"2023-07-14T15:32:05","slug":"bet365-bonus-code-month_name-year-bonus_db-operatorbet365-sport-id280-typeamounteur-othere-wettbonus","status":"publish","type":"page","link":"https:\/\/bet-bonus.com\/de\/","title":{"rendered":"Bet365 Bonus Code April 2026 &#8211; wie habe ich den Bonus genutzt?"},"content":{"rendered":"<p><img decoding=\"async\" class=\"size-full wp-image-1144 alignnone\" src=\"https:\/\/bet-bonus.com\/de\/wp-content\/uploads\/sites\/2\/2017\/12\/author-de-2.jpg\" alt=\"\" width=\"724\" height=\"13\" \/><\/p>\r\n<p style=\"text-align: justify;\">Was unterscheidet bet365 von den anderen Buchmachern in der internationalen Wettbranche? Schlie\u00dflich gibt es so viele Online-Buchmacher, die sicherlich etwas besseres bieten k\u00f6nnen als bet365. Die Antwort auf diese Frage ist so einfach, dass Sie es wahrscheinlich gar nicht vermuten w\u00fcrden &#8211; das riesige Portfolio, der hoch bewertete Kundenservice und nat\u00fcrlich gerade die Top Wettquoten erlauben es bet365, meiner Meinung nach, ihre f\u00fchrende Position in diesem sehr wettbewerbsf\u00e4higen Markt zu behalten.\u00a0Ein anderer Punkt, der bet365 von anderen Buchmachern unterscheidet, sind ihre Sportwetten Angebotsaktionen. Die Angebote bieten m\u00f6glicherweise nicht die besten Quoten, haben aber etwas viel Wertvolleres &#8211; eine gro\u00dfe Vielfalt an Sportarten und Turnieren, auf die Sie wetten k\u00f6nnen.<\/p>\r\n<div id=\"operator-closed-wrapper\">\n    <div id=\"operator-closed\" class=\"operator-closed-body\">\n        <div class=\"operator-closed-message \">\n            <div><b>Werfen Sie lieber einen Blick auf diese Top Anbieter<\/b>\n                             <\/div>\n        <\/div>\n\n        <div class=\"row operator-closed-box-container\">\n                                <div class=\"col-lg-4 col-md-6 col-sm-4 col-xs-12\">\n                        <div class=\"operator-closed-box\">\n                            <span class=\"operator-box-header\"><img decoding=\"async\" src=\"\/deutsch\/assets\/logos\/sport\/light-back\/tipbet.png\" width=\"auto\" height=\"auto\" alt=\"Tipbet\" \/><\/span>                            <div class=\"operator-closed-box-stars\">\n                                <span>210\u20ac <\/span>MAXIMALER BONUS                            <\/div>\n\n                            <div class=\"claim-bonus-code button-bottom\">\n                                 <span class=\"cursored button js-golink hvr-outline-in sidebar-operator-btn\"  onclick=\"OpenGoLink(this);\" data-operator=\"286\" data-bonus=\"1605\"   data-clicks=\"5\"data-type=\"sport\" >jetzt registrieren<i class=\"fa fa-chevron-right\" aria-hidden=\"true\"><\/i> <\/span>                             <\/div><!-- \/.claim-bonus-code -->\n                        <\/div>\n                    <\/div>\n                            <\/div>\n    <\/div>\n<\/div>\r\n<h2 style=\"text-align: left;\">Was ich \u00fcber die bet365 Angebote herausgefunden habe?<\/h2>\r\n<p style=\"text-align: justify;\">Es gibt immer einen Willkommensbonus f\u00fcr neue Kunden, diese sind in der Regel nicht die h\u00f6chsten in der Gl\u00fccksspielindustrie, aber sie werden wenigstens so gestaltet, dass der Spieler die M\u00f6glichkeit bekommt bet365 kennenzulernen.\u00a0Ich habe in meiner Zeit als Kunde von bet365 festgestellt, dass Sportwetten Boni oder Angebote f\u00fcr bestehende Kunden st\u00e4ndig verf\u00fcgbar sind und sie eine Reihe von Sportarten abdecken. Sie \u00e4ndern sich regelm\u00e4\u00dfig und k\u00f6nnen sogar nur f\u00fcr bestimmte Events bestimmt sein. Auf die Seite mit den Angeboten von bet365 habe ich immer ein Auge, um keine aktuelles Bonus Angebot zu verpassen.\u00a0Meiner Meinung nach hat bet365 ein sehr umfangreiches Sportwettenprogramm. Sie k\u00f6nnen eine Reihe von Wetten auf alle Arten von Sportveranstaltungen, einschlie\u00dflich American Football, Baseball, Basketball, Bowls, Boxen, Cricket, Radfahren, Darts, Golf, Pferderennen, Eishockey, Motorsport, Fu\u00dfball, Snooker, Wintersport und vieles mehr platzieren.<\/p>\r\n<p style=\"text-align: justify;\">Mit der <a href=\"https:\/\/bet-bonus.com\/de\/bet365-live-stream\/\">Livestreaming<\/a>-Funktion k\u00f6nnen Sie die aktuellen Ergebnisse der Begegnungen beobachten, w\u00e4hrend diese gespielt werden, damit Sie immer \u00fcber die neuesten Ereignisse informiert sind.\u00a0Es gibt auch eine hilfreiche Kalenderfunktion, mit der Sie eine \u00dcbersicht aller bevorstehenden Sportveranstaltungen und ihrer geplanten Startzeiten bekommen, sodass Sie entsprechend Wetten platzieren k\u00f6nnen.\u00a0Wenn Sie mehrere Wetten auf verschiedene Sportarten platzieren m\u00f6chten, k\u00f6nnen Sie die anpassbare Multi-View-Funktion nutzen, mit der Sie Wetten platzieren und bis zu 12 Ereignisse gleichzeitig verfolgen k\u00f6nnen.<\/p>\r\n\r\n<h2 style=\"text-align: justify;\">Der Bet365 Poker Bonus &#8211; Wie habe ich dieses Angebot genutzt?<\/h2>\r\n<p style=\"text-align: justify;\">F\u00fcr neue Spieler gibt es bei bet365 einen <a href=\"https:\/\/bet-bonus.com\/de\/bet365-poker-bonus\/\">Poker Bonus<\/a>. Die Details \u00e4ndern sich f\u00fcr jeden Aktionszeitraum, aber dies ist eine bew\u00e4hrte Art, neue Spieler an Bord zu holen.\u00a0Ich registrierte mich und akzeptierte den Bonus und spielte meine H\u00e4nde, meine Erfahrung war durchweg positiv und mit Hilfe des Bonusses hatte ich die M\u00f6glichkeit, ein wenig l\u00e4nger zu spielen und einen ausgiebigen Eindruck zu erhalten. Alles in allem war ich durchaus zufrieden mit dem Bonus und seinen Umsatzbedingungen.<\/p>\r\n\r\n<h2 style=\"text-align: justify;\">Hat mich der Bet365 Casino Bonus \u00fcberzeugt?<\/h2>\r\n<p style=\"text-align: justify;\">Bet365 hat ein renommiertes Casino. Das k\u00f6nnen Sie ihn vielen Rezensionen und Berichten lesen. Sie haben auch regelm\u00e4\u00dfige variable Boni f\u00fcr alle Spieler.<\/p>\r\n\r\n<h2 style=\"text-align: justify;\">Meine Erfahrung mit dem Bet365 Kundenservice<\/h2>\r\n<p style=\"text-align: justify;\">Zuallererst ist die bet365 Kundenbetreuung wirklich mit einer der besten, die ich genutzt habe. Aktuelle und neue Kunden k\u00f6nnen den Kundenservice via Live-Chat, E-Mail, R\u00fcckrufdienst, kostenlose Hotline, Fax und einfacher Nachrichtenfunktion kontaktieren. Ich pers\u00f6nlich habe den Kundensupport zu unterschiedlichen Zeiten und an verschiedenen Tagen der Woche, einschlie\u00dflich Sonntag und Feiertag, kontaktiert. Au\u00dfer Fax und postalisch habe ich alle Kontaktwege genutzt und mir wurde immer schnell geholfen.\u00a0Ich fand die Kundenbetreuung sehr professionell, egal welche Kommunikationsart ich zur Kontaktaufnahme verwendet habe.<\/p>\r\n\r\n<h2 style=\"text-align: justify;\">Habe ich ein Treueprogramm auf Bet365 gefunden?<\/h2>\r\n<p style=\"text-align: justify;\">Neue Kunden zu gewinnen ist eine Sache, aber sie zu behalten ist eine andere. bet365 benutzt ein Punktesystem, bei dem die Spieler auf verschiedene Levels steigen k\u00f6nnen. F\u00fcr jedes Niveau gibt es verschiedene Angebote. Je h\u00f6her das Niveau, je besser die Angebote.<\/p>\r\n\r\n<h2 style=\"text-align: justify;\">Zahlt es sich aus bei Bet365 ein Konto zu er\u00f6ffnen?<\/h2>\r\n<p style=\"text-align: justify;\">Meiner bescheidenen Meinung nach lohnt es definitiv, sich bei bet365 zu registrieren. So ist es sicher, dass Sie bei einem f\u00fchrenden und seri\u00f6sen Buchmacher spielen. Es gibt mehrere Fakten und Rezensionen, die das best\u00e4tigen.\u00a0Die bet365 Boni sind ein weiterer guter Grund, mitzumachen, da sie in ihrem umfangreichen Portfolio an Sport- und Casino-Spielen verf\u00fcgbar sind. Die Boni sind regelm\u00e4\u00dfig und selbst wenn die Spieler von dem Willkommensbonus nicht beeindruckt sind, sollte die Anzahl der anderen Bonus Angebote ausreichen, um Spieler zu begeistern und treu zu bleiben.<\/p>\r\n<p style=\"text-align: justify;\">18+ bet-bonus.com unterst\u00fctzt verantwortungsvolles Spielen! | Dies ist ein kommerzieller Inhalt<\/p>\r\n<p style=\"text-align: justify;\">Bitte beachten Sie die Teilnahmebedingungen | Dieses Angebot gilt explizit nur f\u00fcr Neukunden<\/p>","protected":false},"excerpt":{"rendered":"Was unterscheidet bet365 von den anderen Buchmachern in der internationalen Wettbranche? Schlie\u00dflich gibt es so viele Online-Buchmacher, die sicherlich etwas besseres bieten k\u00f6nnen als bet365. Die Antwort auf diese Frage ist so einfach, dass Sie es wahrscheinlich gar nicht vermuten w\u00fcrden &#8211; das riesige Portfolio, der hoch bewertete Kundenservice und nat\u00fcrlich gerade die Top Wettquoten [&hellip;]","protected":false},"author":1,"featured_media":0,"parent":0,"menu_order":0,"comment_status":"open","ping_status":"open","template":"","meta":{"footnotes":""},"categories":[],"tags":[],"class_list":["post-9","page","type-page","status-publish","hentry"],"yoast_head":"<!-- This site is optimized with the Yoast SEO plugin v26.7 - https:\/\/yoast.com\/wordpress\/plugins\/seo\/ -->\n<title>Bet365 Bonus Code April 2026: Angebotscode &amp; Wettbonus<\/title>\n<meta name=\"description\" content=\"Bet365 Bonus Code \u27a8 Angebotscode \u271a 150\u20ac Wettbonus &amp; Tipps zum Bet365 Bonus freispielen \u27a8 100\u20ac Einzahlungsbonus &amp; 50\u20ac Mobile Gutschein f\u00fcr Bestandskunden\" \/>\n<meta name=\"robots\" content=\"index, follow, max-snippet:-1, max-image-preview:large, max-video-preview:-1\" \/>\n<link rel=\"canonical\" href=\"https:\/\/bet-bonus.com\/de\/\" \/>\n<meta property=\"og:locale\" content=\"de_DE\" \/>\n<meta property=\"og:type\" content=\"article\" \/>\n<meta property=\"og:title\" content=\"Bet365 Bonus Code April 2026: Angebotscode &amp; Wettbonus\" \/>\n<meta property=\"og:url\" content=\"https:\/\/bet-bonus.com\/de\/\" \/>\n<meta property=\"og:site_name\" content=\"bet-bonus.com German\" \/>\n<meta property=\"article:modified_time\" content=\"2023-07-14T15:32:05+00:00\" \/>\n<meta property=\"og:image\" content=\"https:\/\/bet-bonus.com\/de\/wp-content\/uploads\/sites\/2\/2017\/12\/author-de-2.jpg\" \/>\n<meta name=\"twitter:card\" content=\"summary_large_image\" \/>\n<meta name=\"twitter:label1\" content=\"Gesch\u00e4tzte Lesezeit\" \/>\n\t<meta name=\"twitter:data1\" content=\"4\u00a0Minuten\" \/>\n<script type=\"application\/ld+json\" class=\"yoast-schema-graph\">{\"@context\":\"https:\/\/schema.org\",\"@graph\":[{\"@type\":\"WebPage\",\"@id\":\"https:\/\/bet-bonus.com\/de\/\",\"url\":\"https:\/\/bet-bonus.com\/de\/\",\"name\":\"Bet365 Bonus Code [month_name] [year]: Angebotscode & Wettbonus\",\"isPartOf\":{\"@id\":\"https:\/\/bet-bonus.com\/de\/#website\"},\"primaryImageOfPage\":{\"@id\":\"https:\/\/bet-bonus.com\/de\/#primaryimage\"},\"image\":{\"@id\":\"https:\/\/bet-bonus.com\/de\/#primaryimage\"},\"thumbnailUrl\":\"https:\/\/bet-bonus.com\/de\/wp-content\/uploads\/sites\/2\/2017\/12\/author-de-2.jpg\",\"datePublished\":\"2015-04-23T12:49:58+00:00\",\"dateModified\":\"2023-07-14T15:32:05+00:00\",\"description\":\"Bet365 Bonus Code \u27a8 Angebotscode \u271a 150\u20ac Wettbonus & Tipps zum Bet365 Bonus freispielen \u27a8 100\u20ac Einzahlungsbonus & 50\u20ac Mobile Gutschein f\u00fcr Bestandskunden\",\"breadcrumb\":{\"@id\":\"https:\/\/bet-bonus.com\/de\/#breadcrumb\"},\"inLanguage\":\"de\",\"potentialAction\":[{\"@type\":\"ReadAction\",\"target\":[\"https:\/\/bet-bonus.com\/de\/\"]}]},{\"@type\":\"ImageObject\",\"inLanguage\":\"de\",\"@id\":\"https:\/\/bet-bonus.com\/de\/#primaryimage\",\"url\":\"https:\/\/bet-bonus.com\/de\/wp-content\/uploads\/sites\/2\/2017\/12\/author-de-2.jpg\",\"contentUrl\":\"https:\/\/bet-bonus.com\/de\/wp-content\/uploads\/sites\/2\/2017\/12\/author-de-2.jpg\"},{\"@type\":\"BreadcrumbList\",\"@id\":\"https:\/\/bet-bonus.com\/de\/#breadcrumb\",\"itemListElement\":[{\"@type\":\"ListItem\",\"position\":1,\"name\":\"Home\",\"item\":\"https:\/\/bet-bonus.com\/de\/\"},{\"@type\":\"ListItem\",\"position\":2,\"name\":\"Bet365 Bonus Code [month_name] [year] - wie habe ich den Bonus genutzt?\"}]},{\"@type\":\"WebSite\",\"@id\":\"https:\/\/bet-bonus.com\/de\/#website\",\"url\":\"https:\/\/bet-bonus.com\/de\/\",\"name\":\"bet-bonus.com German\",\"description\":\"\",\"potentialAction\":[{\"@type\":\"SearchAction\",\"target\":{\"@type\":\"EntryPoint\",\"urlTemplate\":\"https:\/\/bet-bonus.com\/de\/?s={search_term_string}\"},\"query-input\":{\"@type\":\"PropertyValueSpecification\",\"valueRequired\":true,\"valueName\":\"search_term_string\"}}],\"inLanguage\":\"de\"}]}<\/script>\n<!-- \/ Yoast SEO plugin. -->","yoast_head_json":{"title":"Bet365 Bonus Code April 2026: Angebotscode & Wettbonus","description":"Bet365 Bonus Code \u27a8 Angebotscode \u271a 150\u20ac Wettbonus & Tipps zum Bet365 Bonus freispielen \u27a8 100\u20ac Einzahlungsbonus & 50\u20ac Mobile Gutschein f\u00fcr Bestandskunden","robots":{"index":"index","follow":"follow","max-snippet":"max-snippet:-1","max-image-preview":"max-image-preview:large","max-video-preview":"max-video-preview:-1"},"canonical":"https:\/\/bet-bonus.com\/de\/","og_locale":"de_DE","og_type":"article","og_title":"Bet365 Bonus Code April 2026: Angebotscode & Wettbonus","og_url":"https:\/\/bet-bonus.com\/de\/","og_site_name":"bet-bonus.com German","article_modified_time":"2023-07-14T15:32:05+00:00","og_image":[{"url":"https:\/\/bet-bonus.com\/de\/wp-content\/uploads\/sites\/2\/2017\/12\/author-de-2.jpg","type":"","width":"","height":""}],"twitter_card":"summary_large_image","twitter_misc":{"Gesch\u00e4tzte Lesezeit":"4\u00a0Minuten"},"schema":{"@context":"https:\/\/schema.org","@graph":[{"@type":"WebPage","@id":"https:\/\/bet-bonus.com\/de\/","url":"https:\/\/bet-bonus.com\/de\/","name":"Bet365 Bonus Code [month_name] [year]: Angebotscode & Wettbonus","isPartOf":{"@id":"https:\/\/bet-bonus.com\/de\/#website"},"primaryImageOfPage":{"@id":"https:\/\/bet-bonus.com\/de\/#primaryimage"},"image":{"@id":"https:\/\/bet-bonus.com\/de\/#primaryimage"},"thumbnailUrl":"https:\/\/bet-bonus.com\/de\/wp-content\/uploads\/sites\/2\/2017\/12\/author-de-2.jpg","datePublished":"2015-04-23T12:49:58+00:00","dateModified":"2023-07-14T15:32:05+00:00","description":"Bet365 Bonus Code \u27a8 Angebotscode \u271a 150\u20ac Wettbonus & Tipps zum Bet365 Bonus freispielen \u27a8 100\u20ac Einzahlungsbonus & 50\u20ac Mobile Gutschein f\u00fcr Bestandskunden","breadcrumb":{"@id":"https:\/\/bet-bonus.com\/de\/#breadcrumb"},"inLanguage":"de","potentialAction":[{"@type":"ReadAction","target":["https:\/\/bet-bonus.com\/de\/"]}]},{"@type":"ImageObject","inLanguage":"de","@id":"https:\/\/bet-bonus.com\/de\/#primaryimage","url":"https:\/\/bet-bonus.com\/de\/wp-content\/uploads\/sites\/2\/2017\/12\/author-de-2.jpg","contentUrl":"https:\/\/bet-bonus.com\/de\/wp-content\/uploads\/sites\/2\/2017\/12\/author-de-2.jpg"},{"@type":"BreadcrumbList","@id":"https:\/\/bet-bonus.com\/de\/#breadcrumb","itemListElement":[{"@type":"ListItem","position":1,"name":"Home","item":"https:\/\/bet-bonus.com\/de\/"},{"@type":"ListItem","position":2,"name":"Bet365 Bonus Code [month_name] [year] - wie habe ich den Bonus genutzt?"}]},{"@type":"WebSite","@id":"https:\/\/bet-bonus.com\/de\/#website","url":"https:\/\/bet-bonus.com\/de\/","name":"bet-bonus.com German","description":"","potentialAction":[{"@type":"SearchAction","target":{"@type":"EntryPoint","urlTemplate":"https:\/\/bet-bonus.com\/de\/?s={search_term_string}"},"query-input":{"@type":"PropertyValueSpecification","valueRequired":true,"valueName":"search_term_string"}}],"inLanguage":"de"}]}},"_links":{"self":[{"href":"https:\/\/bet-bonus.com\/de\/wp-json\/wp\/v2\/pages\/9","targetHints":{"allow":["GET"]}}],"collection":[{"href":"https:\/\/bet-bonus.com\/de\/wp-json\/wp\/v2\/pages"}],"about":[{"href":"https:\/\/bet-bonus.com\/de\/wp-json\/wp\/v2\/types\/page"}],"author":[{"embeddable":true,"href":"https:\/\/bet-bonus.com\/de\/wp-json\/wp\/v2\/users\/1"}],"replies":[{"embeddable":true,"href":"https:\/\/bet-bonus.com\/de\/wp-json\/wp\/v2\/comments?post=9"}],"version-history":[{"count":5,"href":"https:\/\/bet-bonus.com\/de\/wp-json\/wp\/v2\/pages\/9\/revisions"}],"predecessor-version":[{"id":1608,"href":"https:\/\/bet-bonus.com\/de\/wp-json\/wp\/v2\/pages\/9\/revisions\/1608"}],"wp:attachment":[{"href":"https:\/\/bet-bonus.com\/de\/wp-json\/wp\/v2\/media?parent=9"}],"wp:term":[{"taxonomy":"category","embeddable":true,"href":"https:\/\/bet-bonus.com\/de\/wp-json\/wp\/v2\/categories?post=9"},{"taxonomy":"post_tag","embeddable":true,"href":"https:\/\/bet-bonus.com\/de\/wp-json\/wp\/v2\/tags?post=9"}],"curies":[{"name":"wp","href":"https:\/\/api.w.org\/{rel}","templated":true}]}}